{"id":2394,"date":"2024-11-04T01:54:04","date_gmt":"2024-11-04T01:54:04","guid":{"rendered":"https:\/\/sinkwithfaucet.com\/?post_type=product&#038;p=2394"},"modified":"2024-11-04T01:55:37","modified_gmt":"2024-11-04T01:55:37","slug":"undermount-bar-sink-1144ddu","status":"publish","type":"product","link":"https:\/\/sinkwithfaucet.com\/da\/undermount-bar-sink-1144ddu\/","title":{"rendered":"Underlimet barvask 1144DDU"},"content":{"rendered":"<h2 data-sourcepos=\"1:1-1:50\">Undermonterede barvaske: Et elegant og moderne valg<\/h2>\n<p data-sourcepos=\"3:1-3:193\"><strong>Undermonterede barvaske<\/strong> er et popul\u00e6rt valg til hjemmebarer, wetbars og mindre k\u00f8kkenomr\u00e5der. De er designet til at blive installeret under bordpladen, hvilket skaber et s\u00f8ml\u00f8st og moderne look.<\/p>\n<p data-sourcepos=\"5:1-5:41\"><strong>Vigtige funktioner:<\/strong><\/p>\n<ul data-sourcepos=\"7:1-11:0\">\n<li data-sourcepos=\"7:1-7:92\"><strong>Elegant design:<\/strong> Den undermonterede installation giver en ren og moderne \u00e6stetik.<\/li>\n<li data-sourcepos=\"8:1-8:119\"><strong>Let at reng\u00f8re:<\/strong> Den s\u00f8ml\u00f8se integration med bordpladen eliminerer mellemrum, hvor snavs og skidt kan samle sig.<\/li>\n<li data-sourcepos=\"9:1-9:58\"><strong>Pladsbesparende:<\/strong> Kompakt st\u00f8rrelse, ideel til mindre rum.<\/li>\n<li data-sourcepos=\"10:1-11:0\"><strong>Holdbarhed:<\/strong> Typisk fremstillet af rustfrit st\u00e5l af h\u00f8j kvalitet, hvilket sikrer en lang levetid.<\/li>\n<\/ul>\n<p data-sourcepos=\"12:1-12:56\"><strong>Overvejelser, n\u00e5r du v\u00e6lger en underlimet barvask:<\/strong><\/p>\n<ul data-sourcepos=\"14:1-18:0\">\n<li data-sourcepos=\"14:1-14:66\"><strong>St\u00f8rrelse:<\/strong> V\u00e6lg en st\u00f8rrelse, der passer til din specifikke plads og dine behov.<\/li>\n<li data-sourcepos=\"15:1-15:109\"><strong>Dybde:<\/strong> Overvej vaskens dybde til forskellige opgaver, som f.eks. at vaske glas eller tilberede drinks.<\/li>\n<li data-sourcepos=\"16:1-16:92\"><strong>Materiale:<\/strong> Rustfrit st\u00e5l er et popul\u00e6rt valg p\u00e5 grund af dets holdbarhed og lette vedligeholdelse.<\/li>\n<li data-sourcepos=\"17:1-18:0\"><strong>Huller til vandhane:<\/strong> S\u00f8rg for, at vasken har det rette antal vandhanehuller til den \u00f8nskede konfiguration.<\/li>\n<\/ul>\n<p data-sourcepos=\"19:1-20:30\">Ved n\u00f8je at overveje disse faktorer kan du v\u00e6lge den perfekte underlimet barvask til at supplere dit k\u00f8kken eller baromr\u00e5de.<\/p>","protected":false},"excerpt":{"rendered":"<p>Samlet st\u00f8rrelse \uff1a 1150*440*220 mm<\/p>\n<p>Sk\u00e5lst\u00f8rrelse \uff1a400*400\/300*400 mm<\/p>\n<p>Udsk\u00e6ringsst\u00f8rrelse \uff1a1110*400 mm<\/p>\n<p>Radian Corner \uff1aR10<\/p>","protected":false},"featured_media":2397,"template":"","meta":[],"product_brand":[],"product_cat":[52],"product_tag":[],"class_list":{"0":"post-2394","1":"product","2":"type-product","3":"status-publish","4":"has-post-thumbnail","6":"product_cat-undermount-sink-1","8":"first","9":"instock","10":"shipping-taxable","11":"product-type-simple"},"_links":{"self":[{"href":"https:\/\/sinkwithfaucet.com\/da\/wp-json\/wp\/v2\/product\/2394","targetHints":{"allow":["GET"]}}],"collection":[{"href":"https:\/\/sinkwithfaucet.com\/da\/wp-json\/wp\/v2\/product"}],"about":[{"href":"https:\/\/sinkwithfaucet.com\/da\/wp-json\/wp\/v2\/types\/product"}],"wp:featuredmedia":[{"embeddable":true,"href":"https:\/\/sinkwithfaucet.com\/da\/wp-json\/wp\/v2\/media\/2397"}],"wp:attachment":[{"href":"https:\/\/sinkwithfaucet.com\/da\/wp-json\/wp\/v2\/media?parent=2394"}],"wp:term":[{"taxonomy":"product_brand","embeddable":true,"href":"https:\/\/sinkwithfaucet.com\/da\/wp-json\/wp\/v2\/product_brand?post=2394"},{"taxonomy":"product_cat","embeddable":true,"href":"https:\/\/sinkwithfaucet.com\/da\/wp-json\/wp\/v2\/product_cat?post=2394"},{"taxonomy":"product_tag","embeddable":true,"href":"https:\/\/sinkwithfaucet.com\/da\/wp-json\/wp\/v2\/product_tag?post=2394"}],"curies":[{"name":"wp","href":"https:\/\/api.w.org\/{rel}","templated":true}]}}