{"id":2391,"date":"2024-11-04T01:44:51","date_gmt":"2024-11-04T01:44:51","guid":{"rendered":"https:\/\/sinkwithfaucet.com\/?post_type=product&#038;p=2391"},"modified":"2024-11-04T01:46:08","modified_gmt":"2024-11-04T01:46:08","slug":"integrated-sink-7544sdu","status":"publish","type":"product","link":"https:\/\/sinkwithfaucet.com\/da\/integrated-sink-7544sdu\/","title":{"rendered":"Integreret vask 7544SDU"},"content":{"rendered":"<h2 data-sourcepos=\"1:1-1:46\">Integrerede vaske: Et s\u00f8ml\u00f8st k\u00f8kkendesign<\/h2>\n<p data-sourcepos=\"3:1-3:176\"><strong>Integrerede vaske<\/strong> er et moderne og stilfuldt valg til k\u00f8kkenbordplader. De er s\u00f8ml\u00f8st integreret i bordpladematerialet og skaber et rent og minimalistisk look.<\/p>\n<p data-sourcepos=\"5:1-5:37\"><strong>Vigtige funktioner:<\/strong><\/p>\n<ul data-sourcepos=\"7:1-11:0\">\n<li data-sourcepos=\"7:1-7:139\"><strong>S\u00f8ml\u00f8st design:<\/strong> Vask og bordplade udg\u00f8r en samlet overflade, hvilket eliminerer huller og spr\u00e6kker, hvor bakterier kan samle sig.<\/li>\n<li data-sourcepos=\"8:1-8:117\"><strong>Tilpasning:<\/strong> Integrerede vaske kan tilpasses dine specifikke behov, herunder st\u00f8rrelse, form og dybde.<\/li>\n<li data-sourcepos=\"9:1-9:121\"><strong>Holdbarhed:<\/strong> Integrerede vaske er lavet af holdbare materialer som kvarts, granit eller massiv overflade og er bygget til at holde.<\/li>\n<li data-sourcepos=\"10:1-11:0\"><strong>Let at reng\u00f8re:<\/strong> Den glatte, s\u00f8ml\u00f8se overflade er nem at reng\u00f8re og vedligeholde.<\/li>\n<\/ul>\n<p data-sourcepos=\"12:1-12:30\"><strong>Typer:<\/strong><\/p>\n<ul data-sourcepos=\"14:1-17:0\">\n<li data-sourcepos=\"14:1-14:90\"><strong>Kvarts:<\/strong> Et popul\u00e6rt valg p\u00e5 grund af dets holdbarhed, varmebestandighed og mange forskellige farver.<\/li>\n<li data-sourcepos=\"15:1-15:79\"><strong>Granit:<\/strong> En l\u00f8sning i natursten, der giver et luksuri\u00f8st og elegant look.<\/li>\n<li data-sourcepos=\"16:1-17:0\"><strong>Fast overflade:<\/strong> Et menneskeskabt materiale, der er b\u00e5de holdbart og stilfuldt.<\/li>\n<\/ul>\n<p data-sourcepos=\"18:1-18:52\"><strong>Overvejelser, n\u00e5r du v\u00e6lger en integreret vask:<\/strong><\/p>\n<ul data-sourcepos=\"20:1-24:0\">\n<li data-sourcepos=\"20:1-20:108\"><strong>Materiale:<\/strong> V\u00e6lg et materiale, der passer til dit k\u00f8kkens \u00e6stetik og opfylder dine funktionelle behov.<\/li>\n<li data-sourcepos=\"21:1-21:128\"><strong>St\u00f8rrelse og form:<\/strong> Overvej vaskens st\u00f8rrelse og form for at sikre, at den passer til dit k\u00f8kkenlayout og im\u00f8dekommer dine behov.<\/li>\n<li data-sourcepos=\"22:1-22:101\"><strong>Installation:<\/strong> Professionel installation anbefales for at sikre en s\u00f8ml\u00f8s og vandt\u00e6t pasform.<\/li>\n<li data-sourcepos=\"23:1-24:0\"><strong>Vedligeholdelse:<\/strong> F\u00f8lg producentens anbefalede retningslinjer for reng\u00f8ring og vedligeholdelse.<\/li>\n<\/ul>\n<p data-sourcepos=\"25:1-25:184\"><strong>Integrerede vaske giver et elegant og moderne look, der kan l\u00f8fte stilen i dit k\u00f8kken.<\/strong> De er et godt valg for husejere, der prioriterer b\u00e5de \u00e6stetik og funktionalitet.<\/p>","protected":false},"excerpt":{"rendered":"<p>Samlet st\u00f8rrelse: 750*440*220 mm<\/p>\n<p>Sk\u00e5lst\u00f8rrelse: 400*400 mm<\/p>\n<p>Udsk\u00e6ringsst\u00f8rrelse: 710*400 mm<\/p>\n<p>Radian Corner : R10<\/p>","protected":false},"featured_media":2392,"template":"","meta":[],"product_brand":[],"product_cat":[52],"product_tag":[],"class_list":{"0":"post-2391","1":"product","2":"type-product","3":"status-publish","4":"has-post-thumbnail","6":"product_cat-undermount-sink-1","8":"first","9":"instock","10":"shipping-taxable","11":"product-type-simple"},"_links":{"self":[{"href":"https:\/\/sinkwithfaucet.com\/da\/wp-json\/wp\/v2\/product\/2391","targetHints":{"allow":["GET"]}}],"collection":[{"href":"https:\/\/sinkwithfaucet.com\/da\/wp-json\/wp\/v2\/product"}],"about":[{"href":"https:\/\/sinkwithfaucet.com\/da\/wp-json\/wp\/v2\/types\/product"}],"wp:featuredmedia":[{"embeddable":true,"href":"https:\/\/sinkwithfaucet.com\/da\/wp-json\/wp\/v2\/media\/2392"}],"wp:attachment":[{"href":"https:\/\/sinkwithfaucet.com\/da\/wp-json\/wp\/v2\/media?parent=2391"}],"wp:term":[{"taxonomy":"product_brand","embeddable":true,"href":"https:\/\/sinkwithfaucet.com\/da\/wp-json\/wp\/v2\/product_brand?post=2391"},{"taxonomy":"product_cat","embeddable":true,"href":"https:\/\/sinkwithfaucet.com\/da\/wp-json\/wp\/v2\/product_cat?post=2391"},{"taxonomy":"product_tag","embeddable":true,"href":"https:\/\/sinkwithfaucet.com\/da\/wp-json\/wp\/v2\/product_tag?post=2391"}],"curies":[{"name":"wp","href":"https:\/\/api.w.org\/{rel}","templated":true}]}}