{"id":2389,"date":"2024-11-04T01:38:16","date_gmt":"2024-11-04T01:38:16","guid":{"rendered":"https:\/\/sinkwithfaucet.com\/?post_type=product&#038;p=2389"},"modified":"2024-11-04T01:38:17","modified_gmt":"2024-11-04T01:38:17","slug":"free-standing-sink-7544du","status":"publish","type":"product","link":"https:\/\/sinkwithfaucet.com\/da\/free-standing-sink-7544du\/","title":{"rendered":"Fritst\u00e5ende vask 7544DU"},"content":{"rendered":"<h2 data-sourcepos=\"1:1-1:54\">Fritst\u00e5ende h\u00e5ndvaske: Et stilfuldt og funktionelt valg<\/h2>\n<p data-sourcepos=\"3:1-3:226\">Fritst\u00e5ende h\u00e5ndvaske er en alsidig og i\u00f8jnefaldende tilf\u00f8jelse til b\u00e5de badev\u00e6relser og k\u00f8kkener. I mods\u00e6tning til traditionelle bordvaske er fritst\u00e5ende vaske installeret p\u00e5 gulvet og tilf\u00f8jer et unikt og elegant touch til dit rum.<\/p>\n<p data-sourcepos=\"5:1-5:39\"><strong>N\u00f8glefunktioner ved fritst\u00e5ende h\u00e5ndvaske:<\/strong><\/p>\n<ul data-sourcepos=\"7:1-11:0\">\n<li data-sourcepos=\"7:1-7:90\"><strong>Alsidigt design:<\/strong> F\u00e5s i en bred vifte af stilarter, fra klassisk til moderne.<\/li>\n<li data-sourcepos=\"8:1-8:90\"><strong>Nem installation:<\/strong> Enkel at installere uden behov for omfattende bordpladearbejde.<\/li>\n<li data-sourcepos=\"9:1-9:74\"><strong>Unik \u00e6stetik:<\/strong> Skaber et fokuspunkt i dit badev\u00e6relse eller k\u00f8kken.<\/li>\n<li data-sourcepos=\"10:1-11:0\"><strong>Let at reng\u00f8re:<\/strong> Glatte overflader og \u00e5bent design g\u00f8r reng\u00f8ringen til en leg.<\/li>\n<li data-sourcepos=\"10:1-11:0\"><strong>K\u00f8kkenvaske:<\/strong>\n<ul data-sourcepos=\"19:5-21:0\">\n<li data-sourcepos=\"19:5-19:126\"><strong>Farmhouse-vaske:<\/strong> Store, dybe vaske med forkl\u00e6defront, der giver rigelig plads til opvask og madlavning.<\/li>\n<li data-sourcepos=\"20:5-21:0\"><strong>Vaskemaskine:<\/strong> Perfekt til vaskerum, garager eller udek\u00f8kkener.<\/li>\n<\/ul>\n<\/li>\n<\/ul>\n<ul data-sourcepos=\"14:1-21:0\">\n<li style=\"list-style-type: none;\" data-sourcepos=\"14:1-17:100\"><\/li>\n<\/ul>\n<p data-sourcepos=\"22:1-22:53\"><strong>Overvejelser, n\u00e5r du v\u00e6lger en fritst\u00e5ende vask:<\/strong><\/p>\n<ul data-sourcepos=\"24:1-28:0\">\n<li data-sourcepos=\"24:1-24:74\"><strong>Stil:<\/strong> V\u00e6lg en vask, der passer til din overordnede design\u00e6stetik.<\/li>\n<li data-sourcepos=\"25:1-25:78\"><strong>St\u00f8rrelse:<\/strong> V\u00e6lg en st\u00f8rrelse, der passer til den plads, du har til r\u00e5dighed, og som opfylder dine behov.<\/li>\n<li data-sourcepos=\"26:1-26:129\"><strong>Materiale:<\/strong> Overvej materialet, f.eks. keramik, porcel\u00e6n eller rustfrit st\u00e5l, baseret p\u00e5 holdbarhed og stilpr\u00e6ferencer.<\/li>\n<li data-sourcepos=\"27:1-28:0\"><strong>VVS:<\/strong> S\u00f8rg for korrekte VVS-tilslutninger, og overvej eventuelle udfordringer, is\u00e6r ved fritst\u00e5ende k\u00f8kkenvaske.<\/li>\n<\/ul>","protected":false},"excerpt":{"rendered":"<p>Samlet st\u00f8rrelse: 750*440*220 mm<\/p>\n<p>Sk\u00e5lst\u00f8rrelse: 340*400\/340*400 mm<\/p>\n<p>Udsk\u00e6ringsst\u00f8rrelse: 710*400 mm<\/p>\n<p>Radian Corner : R10<\/p>","protected":false},"featured_media":2390,"template":"","meta":[],"product_brand":[],"product_cat":[52],"product_tag":[],"class_list":{"0":"post-2389","1":"product","2":"type-product","3":"status-publish","4":"has-post-thumbnail","6":"product_cat-undermount-sink-1","8":"first","9":"instock","10":"shipping-taxable","11":"product-type-simple"},"_links":{"self":[{"href":"https:\/\/sinkwithfaucet.com\/da\/wp-json\/wp\/v2\/product\/2389","targetHints":{"allow":["GET"]}}],"collection":[{"href":"https:\/\/sinkwithfaucet.com\/da\/wp-json\/wp\/v2\/product"}],"about":[{"href":"https:\/\/sinkwithfaucet.com\/da\/wp-json\/wp\/v2\/types\/product"}],"wp:featuredmedia":[{"embeddable":true,"href":"https:\/\/sinkwithfaucet.com\/da\/wp-json\/wp\/v2\/media\/2390"}],"wp:attachment":[{"href":"https:\/\/sinkwithfaucet.com\/da\/wp-json\/wp\/v2\/media?parent=2389"}],"wp:term":[{"taxonomy":"product_brand","embeddable":true,"href":"https:\/\/sinkwithfaucet.com\/da\/wp-json\/wp\/v2\/product_brand?post=2389"},{"taxonomy":"product_cat","embeddable":true,"href":"https:\/\/sinkwithfaucet.com\/da\/wp-json\/wp\/v2\/product_cat?post=2389"},{"taxonomy":"product_tag","embeddable":true,"href":"https:\/\/sinkwithfaucet.com\/da\/wp-json\/wp\/v2\/product_tag?post=2389"}],"curies":[{"name":"wp","href":"https:\/\/api.w.org\/{rel}","templated":true}]}}