{"id":2342,"date":"2024-11-01T07:21:34","date_gmt":"2024-11-01T07:21:34","guid":{"rendered":"https:\/\/sinkwithfaucet.com\/?post_type=product&#038;p=2342"},"modified":"2024-11-01T07:23:29","modified_gmt":"2024-11-01T07:23:29","slug":"small-stainless-steel-sink-2344su","status":"publish","type":"product","link":"https:\/\/sinkwithfaucet.com\/da\/small-stainless-steel-sink-2344su\/","title":{"rendered":"Lille vask i rustfrit st\u00e5l 2344SU"},"content":{"rendered":"<h2 data-sourcepos=\"1:1-1:50\">Sm\u00e5 h\u00e5ndvaske i rustfrit st\u00e5l: En kompakt l\u00f8sning<\/h2>\n<p data-sourcepos=\"3:1-3:87\">Sm\u00e5 h\u00e5ndvaske i rustfrit st\u00e5l er et praktisk valg til forskellige form\u00e5l.<\/p>\n<p data-sourcepos=\"10:1-10:44\"><strong>Fordele:<\/strong><\/p>\n<ul data-sourcepos=\"12:1-16:0\">\n<li data-sourcepos=\"12:1-12:58\"><strong>Pladsbesparende:<\/strong> Kompakt design, der passer ind i sm\u00e5 rum.<\/li>\n<li data-sourcepos=\"13:1-13:88\"><strong>Holdbarhed:<\/strong> Rustfrit st\u00e5l er et holdbart materiale, der modst\u00e5r rust og korrosion.<\/li>\n<li data-sourcepos=\"14:1-14:66\"><strong>Let at reng\u00f8re:<\/strong> Den glatte overflade er nem at vedligeholde og reng\u00f8re.<\/li>\n<li data-sourcepos=\"15:1-16:0\"><strong>Moderne \u00e6stetik:<\/strong> Det slanke og stilfulde design passer til forskellige k\u00f8kkenstile.<\/li>\n<\/ul>\n<p data-sourcepos=\"17:1-17:41\"><strong>Typer:<\/strong><\/p>\n<ul data-sourcepos=\"19:1-23:0\">\n<li data-sourcepos=\"19:1-19:77\"><strong>Underlimet vask:<\/strong> Installeret under bordpladen for et s\u00f8ml\u00f8st look.<\/li>\n<li data-sourcepos=\"20:1-20:93\"><strong>Topmonterede vaske:<\/strong> Installeret oven p\u00e5 bordpladen, hvilket giver et traditionelt udseende.<\/li>\n<li data-sourcepos=\"21:1-21:65\"><strong>Vask med \u00e9n sk\u00e5l:<\/strong> En enkelt h\u00e5ndvask til grundl\u00e6ggende reng\u00f8ringsopgaver.<\/li>\n<li data-sourcepos=\"22:1-23:0\"><strong>Dobbeltsk\u00e5lsvaske:<\/strong> To separate h\u00e5ndvaske til multitasking.<\/li>\n<\/ul>\n<p data-sourcepos=\"24:1-24:78\"><strong>Overvej f\u00f8lgende faktorer, n\u00e5r du v\u00e6lger en lille vask i rustfrit st\u00e5l:<\/strong><\/p>\n<ul data-sourcepos=\"26:1-30:0\">\n<li data-sourcepos=\"26:1-26:76\"><strong>St\u00f8rrelse:<\/strong> V\u00e6lg en st\u00f8rrelse, der passer til dine specifikke behov og den plads, du har til r\u00e5dighed.<\/li>\n<li data-sourcepos=\"27:1-27:64\"><strong>Dybde:<\/strong> En dybere vask kan rumme st\u00f8rre gryder og pander.<\/li>\n<li data-sourcepos=\"28:1-28:93\"><strong>M\u00e5ler:<\/strong> Tykkelsen p\u00e5 det rustfri st\u00e5l kan p\u00e5virke vaskens holdbarhed og lyd.<\/li>\n<li data-sourcepos=\"29:1-30:0\"><strong>F\u00e6rdig:<\/strong> V\u00e6lg en finish, der passer til dit k\u00f8kkens stil, f.eks. b\u00f8rstet eller poleret rustfrit st\u00e5l.<\/li>\n<\/ul>\n<p data-sourcepos=\"31:1-31:109\">Ved n\u00f8je at overveje disse faktorer kan du v\u00e6lge den perfekte lille vask i rustfrit st\u00e5l til dine behov.<\/p>","protected":false},"excerpt":{"rendered":"<p>Samlet st\u00f8rrelse \uff1a 230*440*200 mm<\/p>\n<p>Sk\u00e5lst\u00f8rrelse \uff1a190*400 mm<\/p>\n<p>Udsk\u00e6ringsst\u00f8rrelse \uff1a190*400 mm<\/p>\n<p>Radian Corner \uff1aR10<\/p>","protected":false},"featured_media":2343,"template":"","meta":[],"product_brand":[],"product_cat":[52],"product_tag":[],"class_list":{"0":"post-2342","1":"product","2":"type-product","3":"status-publish","4":"has-post-thumbnail","6":"product_cat-undermount-sink-1","8":"first","9":"instock","10":"shipping-taxable","11":"product-type-simple"},"_links":{"self":[{"href":"https:\/\/sinkwithfaucet.com\/da\/wp-json\/wp\/v2\/product\/2342","targetHints":{"allow":["GET"]}}],"collection":[{"href":"https:\/\/sinkwithfaucet.com\/da\/wp-json\/wp\/v2\/product"}],"about":[{"href":"https:\/\/sinkwithfaucet.com\/da\/wp-json\/wp\/v2\/types\/product"}],"wp:featuredmedia":[{"embeddable":true,"href":"https:\/\/sinkwithfaucet.com\/da\/wp-json\/wp\/v2\/media\/2343"}],"wp:attachment":[{"href":"https:\/\/sinkwithfaucet.com\/da\/wp-json\/wp\/v2\/media?parent=2342"}],"wp:term":[{"taxonomy":"product_brand","embeddable":true,"href":"https:\/\/sinkwithfaucet.com\/da\/wp-json\/wp\/v2\/product_brand?post=2342"},{"taxonomy":"product_cat","embeddable":true,"href":"https:\/\/sinkwithfaucet.com\/da\/wp-json\/wp\/v2\/product_cat?post=2342"},{"taxonomy":"product_tag","embeddable":true,"href":"https:\/\/sinkwithfaucet.com\/da\/wp-json\/wp\/v2\/product_tag?post=2342"}],"curies":[{"name":"wp","href":"https:\/\/api.w.org\/{rel}","templated":true}]}}