{"id":1608,"date":"2024-10-14T01:54:52","date_gmt":"2024-10-14T01:54:52","guid":{"rendered":"https:\/\/sinkwithfaucet.com\/?page_id=1608"},"modified":"2025-05-12T07:17:31","modified_gmt":"2025-05-12T07:17:31","slug":"stainless-steel-kitchen-faucet","status":"publish","type":"page","link":"https:\/\/sinkwithfaucet.com\/da\/stainless-steel-kitchen-faucet\/","title":{"rendered":"K\u00f8kkenarmatur"},"content":{"rendered":"<div class=\"banner has-hover has-parallax\" id=\"banner-217548057\">\n          <div class=\"banner-inner fill\">\n        <div class=\"banner-bg fill\" data-parallax=\"-3\" data-parallax-container=\".banner\" data-parallax-background>\n            <div class=\"bg fill bg-fill\"><\/div>\n                                    \n                    <\/div>\n\t\t\n        <div class=\"banner-layers container\">\n            <div class=\"fill banner-link\"><\/div>            \n   <div id=\"text-box-576989527\" class=\"text-box banner-layer x50 md-x5 lg-x5 y50 md-y40 lg-y40 res-text\">\n                     <div data-animate=\"fadeInLeft\">           <div class=\"text-box-content text dark\">\n              \n              <div class=\"text-inner text-center\">\n                  \n\t<div id=\"text-1984365600\" class=\"text\">\n\t\t\n<h1>K\u00f8kkenarmaturer<\/h1>\n\t\t\n<style>\n#text-1984365600 {\n  color: #1e73be;\n}\n#text-1984365600 > * {\n  color: #1e73be;\n}\n<\/style>\n\t<\/div>\n\t\n              <\/div>\n           <\/div>\n       <\/div>                     \n<style>\n#text-box-576989527 {\n  width: 80%;\n}\n#text-box-576989527 .text-box-content {\n  font-size: 100%;\n}\n@media (min-width:550px) {\n  #text-box-576989527 {\n    width: 39%;\n  }\n}\n<\/style>\n    <\/div>\n \n        <\/div>\n      <\/div>\n\n            \n<style>\n#banner-217548057 {\n  padding-top: 700px;\n}\n#banner-217548057 .bg.bg-loaded {\n  background-image: url(https:\/\/sinkwithfaucet.com\/wp-content\/uploads\/2024\/11\/3-1.jpg);\n}\n#banner-217548057 .overlay {\n  background-color: rgba(0, 0, 0, 0.3);\n}\n#banner-217548057 .bg {\n  background-position: 61% 54%;\n}\n<\/style>\n  <\/div>\n\n\n\t<section class=\"section\" id=\"section_2059510154\">\n\t\t<div class=\"bg section-bg fill bg-fill  bg-loaded\" >\n\n\t\t\t\n\t\t\t\n\t\t\t\n\n\t\t<\/div>\n\n\t\t\n\n\t\t<div class=\"section-content relative\">\n\t\t\t\n<div class=\"row\"  id=\"row-1566417526\">\n\n\t<div id=\"col-1738657881\" class=\"col small-12 large-12\"  >\n\t\t\t\t<div class=\"col-inner\"  >\n\t\t\t\n\t\t\t\n<h2 style=\"text-align: center;\" data-sourcepos=\"1:1-1:64\">K\u00f8kkenarmaturer i rustfrit st\u00e5l: Tidl\u00f8s stil, varig ydeevne<\/h2>\n<p style=\"text-align: center;\" data-sourcepos=\"1:1-1:64\">K\u00f8kkenarmaturer i rustfrit st\u00e5l er et popul\u00e6rt valg for husejere p\u00e5 grund af deres holdbarhed, hygiejne og moderne \u00e6stetik. De er lavet af en metallegering, der er modstandsdygtig over for rust, korrosion og pletter, hvilket g\u00f8r dem til et langtidsholdbart og reng\u00f8ringsvenligt valg.<\/p>\n\t\t<\/div>\n\t\t\t\t\t<\/div>\n\n\t\n<\/div>\n\t\t<\/div>\n\n\t\t\n<style>\n#section_2059510154 {\n  padding-top: 30px;\n  padding-bottom: 30px;\n}\n<\/style>\n\t<\/section>\n\t\n\t<section class=\"section\" id=\"section_1380202627\">\n\t\t<div class=\"bg section-bg fill bg-fill  bg-loaded\" >\n\n\t\t\t\n\t\t\t\n\t\t\t\n\n\t\t<\/div>\n\n\t\t\n\n\t\t<div class=\"section-content relative\">\n\t\t\t\n<div class=\"row\"  id=\"row-1829013102\">\n\n\t<div id=\"col-1709875018\" class=\"col small-12 large-12\"  >\n\t\t\t\t<div class=\"col-inner\"  >\n\t\t\t\n\t\t\t\n<h2 style=\"text-align: center;\">Typer af k\u00f8kkenarmaturer<\/h2>\n\t\t<\/div>\n\t\t\t\t\t<\/div>\n\n\t\n<\/div>\n<div class=\"row\" style=\"max-width:1500px\" id=\"row-27231296\">\n\n\t<div id=\"col-1291575455\" class=\"col medium-4 small-6 large-4\"  >\n\t\t\t\t<div class=\"col-inner\"  >\n\t\t\t\n\t\t\t\n\t<div class=\"box has-hover   has-hover box-text-bottom\" >\n\n\t\t<div class=\"box-image\" >\n\t\t\t\t\t\t<div class=\"\" >\n\t\t\t\t<img loading=\"lazy\" decoding=\"async\" width=\"470\" height=\"563\" src=\"https:\/\/sinkwithfaucet.com\/wp-content\/uploads\/2024\/10\/F104.jpg\" class=\"attachment-original size-original\" alt=\"Vandhaner med \u00e9t greb\" srcset=\"https:\/\/sinkwithfaucet.com\/wp-content\/uploads\/2024\/10\/F104.jpg 470w, https:\/\/sinkwithfaucet.com\/wp-content\/uploads\/2024\/10\/F104-250x300.jpg 250w, https:\/\/sinkwithfaucet.com\/wp-content\/uploads\/2024\/10\/F104-10x12.jpg 10w\" sizes=\"auto, (max-width: 470px) 100vw, 470px\" title=\"\">\t\t\t\t\t\t\t\t\t\t\t<\/div>\n\t\t\t\t\t<\/div>\n\n\t\t<div class=\"box-text text-center\" >\n\t\t\t<div class=\"box-text-inner\">\n\t\t\t\t\n<h3><strong>Vandhaner med enkelt greb<\/strong><\/h3>\n<p>Disse vandhaner har et enkelt greb til at styre b\u00e5de vandtemperatur og -gennemstr\u00f8mning.<\/p>\n\t\t\t<\/div>\n\t\t<\/div>\n\t<\/div>\n\t\n\t\t<\/div>\n\t\t\t\t\t<\/div>\n\n\t\n\n\t<div id=\"col-1256924432\" class=\"col medium-4 small-6 large-4\"  >\n\t\t\t\t<div class=\"col-inner\"  >\n\t\t\t\n\t\t\t\n\t<div class=\"box has-hover   has-hover box-text-bottom\" >\n\n\t\t<div class=\"box-image\" >\n\t\t\t\t\t\t<div class=\"\" >\n\t\t\t\t<img loading=\"lazy\" decoding=\"async\" width=\"470\" height=\"563\" src=\"https:\/\/sinkwithfaucet.com\/wp-content\/uploads\/2024\/10\/F6011.jpg\" class=\"attachment-original size-original\" alt=\"Vandhaner med to greb\" srcset=\"https:\/\/sinkwithfaucet.com\/wp-content\/uploads\/2024\/10\/F6011.jpg 470w, https:\/\/sinkwithfaucet.com\/wp-content\/uploads\/2024\/10\/F6011-250x300.jpg 250w, https:\/\/sinkwithfaucet.com\/wp-content\/uploads\/2024\/10\/F6011-10x12.jpg 10w\" sizes=\"auto, (max-width: 470px) 100vw, 470px\" title=\"\">\t\t\t\t\t\t\t\t\t\t\t<\/div>\n\t\t\t\t\t<\/div>\n\n\t\t<div class=\"box-text text-center\" >\n\t\t\t<div class=\"box-text-inner\">\n\t\t\t\t\n<h3><strong>Vandhaner med to greb<\/strong><\/h3>\n<p>Disse vandhaner har separate h\u00e5ndtag til styring af varmt og koldt vand.<\/p>\n\t\t\t<\/div>\n\t\t<\/div>\n\t<\/div>\n\t\n\t\t<\/div>\n\t\t\t\t\t<\/div>\n\n\t\n\n\t<div id=\"col-1822387499\" class=\"col medium-4 small-6 large-4\"  >\n\t\t\t\t<div class=\"col-inner\"  >\n\t\t\t\n\t\t\t\n\t<div class=\"box has-hover   has-hover box-text-bottom\" >\n\n\t\t<div class=\"box-image\" >\n\t\t\t<a href=\"https:\/\/sinkwithfaucet.com\/da\/kitchen-one-handle-faucet-1001\/\" >\t\t\t<div class=\"\" >\n\t\t\t\t<img loading=\"lazy\" decoding=\"async\" width=\"600\" height=\"713\" src=\"https:\/\/sinkwithfaucet.com\/wp-content\/uploads\/2024\/11\/F6221A11.jpg\" class=\"attachment-original size-original\" alt=\"Vandhaner, der kan tr\u00e6kkes ned:\" srcset=\"https:\/\/sinkwithfaucet.com\/wp-content\/uploads\/2024\/11\/F6221A11.jpg 600w, https:\/\/sinkwithfaucet.com\/wp-content\/uploads\/2024\/11\/F6221A11-252x300.jpg 252w, https:\/\/sinkwithfaucet.com\/wp-content\/uploads\/2024\/11\/F6221A11-10x12.jpg 10w\" sizes=\"auto, (max-width: 600px) 100vw, 600px\" title=\"\">\t\t\t\t\t\t\t\t\t\t\t<\/div>\n\t\t\t<\/a>\t\t<\/div>\n\n\t\t<div class=\"box-text text-center\" >\n\t\t\t<div class=\"box-text-inner\">\n\t\t\t\t\n<h3><strong>Vandhaner, der kan tr\u00e6kkes ned<\/strong><\/h3>\n<p>Disse vandhaner har et udtr\u00e6kkeligt spr\u00f8jtehoved, der kan tr\u00e6kkes ned og ud, s\u00e5 det er nemt at fylde gryder og pander.<\/p>\n\t\t\t<\/div>\n\t\t<\/div>\n\t<\/div>\n\t\n\t\t<\/div>\n\t\t\t\t\t<\/div>\n\n\t\n<\/div>\n<div class=\"row\"  id=\"row-1277228921\">\n\n\t<div id=\"col-175266726\" class=\"col small-12 large-12\"  >\n\t\t\t\t<div class=\"col-inner text-center\"  >\n\t\t\t\n\t\t\t\n<a href=\"\/da\/contact\/\" class=\"button primary\"  style=\"border-radius:99px;\">\n    <span>Skr\u00e6ddersy din vandhane<\/span>\n  <\/a>\n\n\t\t<\/div>\n\t\t\t\t\t<\/div>\n\n\t\n<\/div>\n\t\t<\/div>\n\n\t\t\n<style>\n#section_1380202627 {\n  padding-top: 30px;\n  padding-bottom: 30px;\n  background-color: rgb(240, 252, 249);\n}\n<\/style>\n\t<\/section>\n\t\n\t<section class=\"section\" id=\"section_840981178\">\n\t\t<div class=\"bg section-bg fill bg-fill  bg-loaded\" >\n\n\t\t\t\n\t\t\t\n\t\t\t\n\n\t\t<\/div>\n\n\t\t\n\n\t\t<div class=\"section-content relative\">\n\t\t\t\n<div class=\"row\"  id=\"row-136951044\">\n\n\t<div id=\"col-781254201\" class=\"col medium-6 small-12 large-6\"  >\n\t\t\t\t<div class=\"col-inner\"  >\n\t\t\t\n\t\t\t\n\t<div class=\"img has-hover x md-x lg-x y md-y lg-y\" id=\"image_477838678\">\n\t\t\t\t\t\t\t\t<div class=\"img-inner image-cover dark\" style=\"padding-top:75%;\">\n\t\t\t<img loading=\"lazy\" decoding=\"async\" width=\"500\" height=\"500\" src=\"https:\/\/sinkwithfaucet.com\/wp-content\/uploads\/2024\/11\/f0c3afea-4044-4213-b4d4-9f9f1d0d84e4.jpg\" class=\"attachment-original size-original\" alt=\"K\u00f8kkenarmaturer i rustfrit st\u00e5l\" srcset=\"https:\/\/sinkwithfaucet.com\/wp-content\/uploads\/2024\/11\/f0c3afea-4044-4213-b4d4-9f9f1d0d84e4.jpg 500w, https:\/\/sinkwithfaucet.com\/wp-content\/uploads\/2024\/11\/f0c3afea-4044-4213-b4d4-9f9f1d0d84e4-300x300.jpg 300w, https:\/\/sinkwithfaucet.com\/wp-content\/uploads\/2024\/11\/f0c3afea-4044-4213-b4d4-9f9f1d0d84e4-150x150.jpg 150w, https:\/\/sinkwithfaucet.com\/wp-content\/uploads\/2024\/11\/f0c3afea-4044-4213-b4d4-9f9f1d0d84e4-12x12.jpg 12w, https:\/\/sinkwithfaucet.com\/wp-content\/uploads\/2024\/11\/f0c3afea-4044-4213-b4d4-9f9f1d0d84e4-100x100.jpg 100w\" sizes=\"auto, (max-width: 500px) 100vw, 500px\" title=\"\">\t\t\t\t\t\t\n\t\t\t\t\t<\/div>\n\t\t\t\t\t\t\t\t\n<style>\n#image_477838678 {\n  width: 100%;\n}\n<\/style>\n\t<\/div>\n\t\n\t\t<\/div>\n\t\t\t\t\t<\/div>\n\n\t\n\n\t<div id=\"col-1510095279\" class=\"col medium-6 small-12 large-6\"  >\n\t\t\t\t<div class=\"col-inner\"  >\n\t\t\t\n\t\t\t\n<h2 class=\"auto-hide-last-sibling-br paragraph-u1TS5p paragraph-element br-paragraph-space\">Fordele ved <a href=\"https:\/\/sinkwithfaucet.com\/da\/stainless-steel-faucet\/\">K\u00f8kkenarmaturer i rustfrit st\u00e5l<\/a>:<\/h2>\n<div class=\"auto-hide-last-sibling-br paragraph-u1TS5p paragraph-element br-paragraph-space\">For det f\u00f8rste er holdbarhed et stort plus. Vandhaner i rustfrit st\u00e5l er modstandsdygtige over for rust, korrosion og varme. De kan holde til det daglige slid og holde i lang tid.<\/div>\n<div>\u00a0<\/div>\n<div class=\"auto-hide-last-sibling-br paragraph-u1TS5p paragraph-element br-paragraph-space\">Hygiejne er et andet godt aspekt. De er supernemme at reng\u00f8re og vedligeholde. Du beh\u00f8ver ikke at bruge en masse tid og kr\u00e6fter p\u00e5 at holde dem p\u00e6ne.<\/div>\n<div>\u00a0<\/div>\n<div class=\"auto-hide-last-sibling-br paragraph-u1TS5p paragraph-element br-paragraph-space\">Den moderne \u00e6stetik ved k\u00f8kkenarmaturer i rustfrit st\u00e5l er ogs\u00e5 sv\u00e6r at sl\u00e5. Med deres slanke og stilfulde design kan de supplere forskellige k\u00f8kkenstile. Uanset om dit k\u00f8kken er traditionelt, moderne eller et sted midt imellem, er der en vandhane i rustfrit st\u00e5l, der passer lige ind.<\/div>\n<div>\u00a0<\/div>\n<div class=\"auto-hide-last-sibling-br paragraph-u1TS5p paragraph-element br-paragraph-space\">Alsidighed er endnu en fordel. Der findes en bred vifte af stilarter og overflader, s\u00e5 du kan v\u00e6lge en, der passer til dine personlige pr\u00e6ferencer.<\/div>\n<div class=\"auto-hide-last-sibling-br paragraph-u1TS5p paragraph-element br-paragraph-space\">\u00a0<\/div>\n\t\t<\/div>\n\t\t\t\t\t<\/div>\n\n\t\n<\/div>\n\t\t<\/div>\n\n\t\t\n<style>\n#section_840981178 {\n  padding-top: 30px;\n  padding-bottom: 30px;\n}\n<\/style>\n\t<\/section>\n\t\n\t<section class=\"section\" id=\"section_145935035\">\n\t\t<div class=\"bg section-bg fill bg-fill  bg-loaded\" >\n\n\t\t\t\n\t\t\t<div class=\"section-bg-overlay absolute fill\"><\/div>\n\t\t\t\n\n\t\t<\/div>\n\n\t\t\n\n\t\t<div class=\"section-content relative\">\n\t\t\t\n<div class=\"row\"  id=\"row-1252559805\">\n\n\t<div id=\"col-70348138\" class=\"col medium-6 small-12 large-6\"  >\n\t\t\t\t<div class=\"col-inner\"  >\n\t\t\t\n\t\t\t\n<h2 class=\"auto-hide-last-sibling-br paragraph-u1TS5p paragraph-element br-paragraph-space\">Overvejelser, n\u00e5r du v\u00e6lger en k\u00f8kkenarmatur i rustfrit st\u00e5l:<\/h2>\n<div class=\"auto-hide-last-sibling-br paragraph-u1TS5p paragraph-element br-paragraph-space\">Stil er virkelig vigtigt. Du skal v\u00e6lge en vandhane, der passer godt til dit k\u00f8kkens overordnede design. Det skal forbedre udseendet af dit k\u00f8kken i stedet for at kollidere med det.<\/div>\n<div><\/div>\n<div class=\"auto-hide-last-sibling-br paragraph-u1TS5p paragraph-element br-paragraph-space\">Funktionalitet er ogs\u00e5 noget, man skal t\u00e6nke p\u00e5. Overvej de specifikke funktioner, du har brug for. For eksempel kan en pull-down-spr\u00f8jte eller en ber\u00f8ringsfri sensor v\u00e6re virkelig praktisk.<\/div>\n<div><\/div>\n<div class=\"auto-hide-last-sibling-br paragraph-u1TS5p paragraph-element br-paragraph-space\">Finishen er ogs\u00e5 vigtig. V\u00e6lg en, der b\u00e5de er stilfuld og praktisk. B\u00f8rstet nikkel, krom eller mat sort er alle gode muligheder.<\/div>\n<div><\/div>\n<div class=\"auto-hide-last-sibling-br paragraph-u1TS5p paragraph-element br-paragraph-space\">Vandtryk er en anden faktor. S\u00f8rg for, at vandhanen kan h\u00e5ndtere dit vandtryk og give tilstr\u00e6kkelig vandgennemstr\u00f8mning. Du vil ikke have en svag vandstr\u00e5le, n\u00e5r du pr\u00f8ver at vaske op eller fylde en gryde.<\/div>\n<div class=\"auto-hide-last-sibling-br paragraph-u1TS5p paragraph-element br-paragraph-space\"><\/div>\n\t<div id=\"gap-1415776815\" class=\"gap-element clearfix\" style=\"display:block; height:auto;\">\n\t\t\n<style>\n#gap-1415776815 {\n  padding-top: 40px;\n}\n<\/style>\n\t<\/div>\n\t\n<a href=\"https:\/\/sinkwithfaucet.com\/wp-content\/uploads\/2025\/05\/1.pdf\" target=\"_blank\" class=\"button primary\" rel=\"noopener\"  style=\"border-radius:99px;\">\n    <span>mere vandhane-stil<\/span>\n  <\/a>\n\n\t\t<\/div>\n\t\t\t\t\t<\/div>\n\n\t\n\n\t<div id=\"col-1809768243\" class=\"col medium-6 small-12 large-6\"  >\n\t\t\t\t<div class=\"col-inner\"  >\n\t\t\t\n\t\t\t\n\t<div class=\"img has-hover x md-x lg-x y md-y lg-y\" id=\"image_1009146681\">\n\t\t\t\t\t\t\t\t<div class=\"img-inner image-cover dark\" style=\"padding-top:85%;\">\n\t\t\t<img loading=\"lazy\" decoding=\"async\" width=\"500\" height=\"500\" src=\"https:\/\/sinkwithfaucet.com\/wp-content\/uploads\/2024\/11\/c22ea714-3146-428c-8096-0e1fd31b7b6a.jpg\" class=\"attachment-original size-original\" alt=\"Rustfri k\u00f8kkenarmaturer\" srcset=\"https:\/\/sinkwithfaucet.com\/wp-content\/uploads\/2024\/11\/c22ea714-3146-428c-8096-0e1fd31b7b6a.jpg 500w, https:\/\/sinkwithfaucet.com\/wp-content\/uploads\/2024\/11\/c22ea714-3146-428c-8096-0e1fd31b7b6a-300x300.jpg 300w, https:\/\/sinkwithfaucet.com\/wp-content\/uploads\/2024\/11\/c22ea714-3146-428c-8096-0e1fd31b7b6a-150x150.jpg 150w, https:\/\/sinkwithfaucet.com\/wp-content\/uploads\/2024\/11\/c22ea714-3146-428c-8096-0e1fd31b7b6a-12x12.jpg 12w, https:\/\/sinkwithfaucet.com\/wp-content\/uploads\/2024\/11\/c22ea714-3146-428c-8096-0e1fd31b7b6a-100x100.jpg 100w\" sizes=\"auto, (max-width: 500px) 100vw, 500px\" title=\"\">\t\t\t\t\t\t\n\t\t\t\t\t<\/div>\n\t\t\t\t\t\t\t\t\n<style>\n#image_1009146681 {\n  width: 100%;\n}\n<\/style>\n\t<\/div>\n\t\n\t\t<\/div>\n\t\t\t\t\t<\/div>\n\n\t\n<\/div>\n\t\t<\/div>\n\n\t\t\n<style>\n#section_145935035 {\n  padding-top: 30px;\n  padding-bottom: 30px;\n  background-color: rgba(208, 208, 208, 0.424);\n}\n#section_145935035 .section-bg-overlay {\n  background-color: #f0fcf9;\n}\n<\/style>\n\t<\/section>\n\t\n\t<section class=\"section\" id=\"section_254912202\">\n\t\t<div class=\"bg section-bg fill bg-fill  bg-loaded\" >\n\n\t\t\t\n\t\t\t\n\t\t\t\n\n\t\t<\/div>\n\n\t\t\n\n\t\t<div class=\"section-content relative\">\n\t\t\t\n<div class=\"row\"  id=\"row-672920245\">\n\n\t<div id=\"col-733806537\" class=\"col small-12 large-12\"  >\n\t\t\t\t<div class=\"col-inner\"  >\n\t\t\t\n\t\t\t\n<h2 style=\"text-align: center;\">Kontakt os<\/h2>\n\t\t<\/div>\n\t\t\t\t\t<\/div>\n\n\t\n<\/div>\n<div class=\"row\"  id=\"row-660605388\">\n\n\t<div id=\"col-1040972733\" class=\"col small-12 large-12\"  >\n\t\t\t\t<div class=\"col-inner\"  >\n\t\t\t\n\t\t\t\n\n<div class=\"wpcf7 no-js\" id=\"wpcf7-f280-o1\" lang=\"en-US\" dir=\"ltr\" data-wpcf7-id=\"280\">\n<div class=\"screen-reader-response\"><p role=\"status\" aria-live=\"polite\" aria-atomic=\"true\"><\/p> <ul><\/ul><\/div>\n<form action=\"\/da\/wp-json\/wp\/v2\/pages\/1608#wpcf7-f280-o1\" method=\"post\" class=\"wpcf7-form init\" aria-label=\"Kontaktformular\" novalidate=\"novalidate\" data-status=\"init\" data-trp-original-action=\"\/da\/wp-json\/wp\/v2\/pages\/1608#wpcf7-f280-o1\">\n<fieldset class=\"hidden-fields-container\"><input type=\"hidden\" name=\"_wpcf7\" value=\"280\" \/><input type=\"hidden\" name=\"_wpcf7_version\" value=\"6.1\" \/><input type=\"hidden\" name=\"_wpcf7_locale\" value=\"en_US\" \/><input type=\"hidden\" name=\"_wpcf7_unit_tag\" value=\"wpcf7-f280-o1\" \/><input type=\"hidden\" name=\"_wpcf7_container_post\" value=\"0\" \/><input type=\"hidden\" name=\"_wpcf7_posted_data_hash\" value=\"\" \/>\n<\/fieldset>\n<div class='custom_contact_style'>\n\t<div class=\"row row-small\">\n\t\t<div class=\"col medium-6 small-12 large-6\">\n\t\t\t<div class=\"col-inner\">\n\t\t\t\t<p><span class=\"wpcf7-form-control-wrap\" data-name=\"your-name\"><input size=\"40\" maxlength=\"400\" class=\"wpcf7-form-control wpcf7-text wpcf7-validates-as-required\" aria-required=\"true\" aria-invalid=\"false\" placeholder=\"Navn*\" value=\"\" type=\"text\" name=\"your-name\" \/><\/span>\n\t\t\t\t<\/p>\n\t\t\t<\/div>\n\t\t<\/div>\n\t\t<div class=\"col medium-6 small-12 large-6\">\n\t\t\t<div class=\"col-inner\">\n\t\t\t\t<p><span class=\"wpcf7-form-control-wrap\" data-name=\"your-email\"><input size=\"40\" maxlength=\"400\" class=\"wpcf7-form-control wpcf7-email wpcf7-validates-as-required wpcf7-text wpcf7-validates-as-email\" aria-required=\"true\" aria-invalid=\"false\" placeholder=\"E-mail*\" value=\"\" type=\"email\" name=\"your-email\" \/><\/span>\n\t\t\t\t<\/p>\n\t\t\t<\/div>\n\t\t<\/div>\n\t<\/div>\n\t<div class='cus_contact_form_bottom'>\n\t\t<p><span class=\"wpcf7-form-control-wrap\" data-name=\"your-phone\"><input size=\"40\" maxlength=\"400\" class=\"wpcf7-form-control wpcf7-text\" aria-invalid=\"false\" placeholder=\"Telefon\" value=\"\" type=\"text\" name=\"your-phone\" \/><\/span>\n\t\t<\/p>\n\t<\/div>\n\t<div class='cus_contact_form_bottom'>\n\t\t<p><span class=\"wpcf7-form-control-wrap\" data-name=\"your-country\"><input size=\"40\" maxlength=\"400\" class=\"wpcf7-form-control wpcf7-text\" aria-invalid=\"false\" placeholder=\"Land\" value=\"\" type=\"text\" name=\"your-country\" \/><\/span>\n\t\t<\/p>\n\t<\/div>\n\t<p><span class=\"wpcf7-form-control-wrap\" data-name=\"your-message\"><textarea cols=\"40\" rows=\"10\" maxlength=\"2000\" class=\"wpcf7-form-control wpcf7-textarea wpcf7-validates-as-required\" aria-required=\"true\" aria-invalid=\"false\" placeholder=\"Din meddelelse\" name=\"your-message\"><\/textarea><\/span>\n\t<\/p>\n\t<div style=\"margin-bottom:10px;\">\n\t\t<p><span class=\"wpcf7-form-control-wrap kc_captcha cf7ic-toggle\" data-name=\"kc_captcha\"><span class=\"wpcf7-form-control wpcf7-radio\"><span class=\"captcha-image\" style=\"display: none;\"><span class=\"cf7ic_instructions\">Bevis, at du er et menneske, ved at v\u00e6lge<span> tr\u00e6<\/span>.<\/span><label><input aria-label=\"1\" type=\"radio\" name=\"kc_captcha\" value=\"bot\" \/><svg aria-hidden=\"true\" role=\"img\" xmlns=\"http:\/\/www.w3.org\/2000\/svg\" viewbox=\"0 0 576 512\"><path fill=\"currentColor\" d=\"M415 24c-53 0-103 42-127 65-24-23-74-65-127-65C70 24 16 77 16 166c0 72 67 133 69 135l187 181c9 8 23 8 32 0l187-180c2-3 69-64 69-136 0-89-54-142-145-142z\"\/><\/svg><\/label><label><input aria-label=\"2\" type=\"radio\" name=\"kc_captcha\" value=\"bot\" \/><svg aria-hidden=\"true\" role=\"img\" xmlns=\"http:\/\/www.w3.org\/2000\/svg\" viewbox=\"0 0 640 512\"><path fill=\"currentColor\" d=\"M192 384h192c53 0 96-43 96-96h32a128 128 0 000-256H120c-13 0-24 11-24 24v232c0 53 43 96 96 96zM512 96a64 64 0 010 128h-32V96h32zm48 384H48c-47 0-61-64-36-64h584c25 0 11 64-36 64z\"\/><\/svg><\/label><label><input aria-label=\"3\" type=\"radio\" name=\"kc_captcha\" value=\"kc_human\" \/><svg aria-hidden=\"true\" role=\"img\" xmlns=\"http:\/\/www.w3.org\/2000\/svg\" viewbox=\"0 0 384 512\"><path fill=\"currentColor\" d=\"M377 375l-83-87h34c21 0 32-25 17-40l-82-88h33c21 0 32-25 18-40L210 8c-10-11-26-11-36 0L70 120c-14 15-3 40 18 40h33l-82 88c-15 15-4 40 17 40h34L7 375c-15 16-4 41 17 41h120c0 33-11 49-34 68-12 9-5 28 10 28h144c15 0 22-19 10-28-20-16-34-32-34-68h120c21 0 32-25 17-41z\"\/><\/svg><\/label>\r\n    <\/span>\r\n    <span style=\"display:none\">\r\n        <input type=\"text\" name=\"kc_honeypot\">\r\n    <\/span><\/span><\/span>\n\t\t<\/p>\n\t<\/div>\n\t<p><input class=\"wpcf7-form-control wpcf7-submit has-spinner\" type=\"submit\" value=\"Send besked\" \/>\n\t<\/p>\n<\/div><div class=\"wpcf7-response-output\" aria-hidden=\"true\"><\/div>\n<input type=\"hidden\" name=\"trp-form-language\" value=\"da\"\/><\/form>\n<\/div>\n\n\t\t<\/div>\n\t\t\t\t\t<\/div>\n\n\t\n<\/div>\n\t\t<\/div>\n\n\t\t\n<style>\n#section_254912202 {\n  padding-top: 30px;\n  padding-bottom: 30px;\n}\n<\/style>\n\t<\/section>","protected":false},"excerpt":{"rendered":"","protected":false},"author":4,"featured_media":2495,"parent":0,"menu_order":0,"comment_status":"closed","ping_status":"closed","template":"page-blank.php","meta":{"footnotes":""},"class_list":["post-1608","page","type-page","status-publish","has-post-thumbnail","hentry"],"_links":{"self":[{"href":"https:\/\/sinkwithfaucet.com\/da\/wp-json\/wp\/v2\/pages\/1608","targetHints":{"allow":["GET"]}}],"collection":[{"href":"https:\/\/sinkwithfaucet.com\/da\/wp-json\/wp\/v2\/pages"}],"about":[{"href":"https:\/\/sinkwithfaucet.com\/da\/wp-json\/wp\/v2\/types\/page"}],"author":[{"embeddable":true,"href":"https:\/\/sinkwithfaucet.com\/da\/wp-json\/wp\/v2\/users\/4"}],"replies":[{"embeddable":true,"href":"https:\/\/sinkwithfaucet.com\/da\/wp-json\/wp\/v2\/comments?post=1608"}],"version-history":[{"count":50,"href":"https:\/\/sinkwithfaucet.com\/da\/wp-json\/wp\/v2\/pages\/1608\/revisions"}],"predecessor-version":[{"id":3485,"href":"https:\/\/sinkwithfaucet.com\/da\/wp-json\/wp\/v2\/pages\/1608\/revisions\/3485"}],"wp:featuredmedia":[{"embeddable":true,"href":"https:\/\/sinkwithfaucet.com\/da\/wp-json\/wp\/v2\/media\/2495"}],"wp:attachment":[{"href":"https:\/\/sinkwithfaucet.com\/da\/wp-json\/wp\/v2\/media?parent=1608"}],"curies":[{"name":"wp","href":"https:\/\/api.w.org\/{rel}","templated":true}]}}