{"id":3469,"date":"2025-05-12T03:38:46","date_gmt":"2025-05-12T03:38:46","guid":{"rendered":"https:\/\/sinkwithfaucet.com\/?post_type=product&#038;p=3469"},"modified":"2025-05-12T03:38:46","modified_gmt":"2025-05-12T03:38:46","slug":"single-lever-kitchen-faucet-5002","status":"publish","type":"product","link":"https:\/\/sinkwithfaucet.com\/cs\/single-lever-kitchen-faucet-5002\/","title":{"rendered":"Jednop\u00e1kov\u00e1 kuchy\u0148sk\u00e1 baterie 5002"},"content":{"rendered":"<h1 id=\"-easy-to-use-single-lever-kitchen-faucet-\"><strong>Snadno pou\u017eiteln\u00e1 jednop\u00e1kov\u00e1 kuchy\u0148sk\u00e1 baterie<\/strong><\/h1>\n<h2 id=\"-why-buy-a-single-lever-kitchen-faucet-\"><strong>Pro\u010d si koupit jednop\u00e1kovou kuchy\u0148skou baterii?<\/strong><\/h2>\n<p>Jednop\u00e1kov\u00e1 kuchy\u0148sk\u00e1 baterie v\u00e1m usnadn\u00ed \u017eivot d\u00edky ovl\u00e1d\u00e1n\u00ed tepl\u00e9 a studen\u00e9 vody jednou rukou. U\u017e \u017e\u00e1dn\u00e9 t\u00e1p\u00e1n\u00ed se dv\u011bma rukoje\u0165mi!<\/p>\n<p>\u2705\u00a0<strong>\u0160et\u0159\u00ed v\u00e1\u0161 \u010das<\/strong>\u00a0- Upravit\u00a0<strong>teplota a pr\u016ftok<\/strong>\u00a0rychle.<\/p>\n<p>\u2705\u00a0<strong>Hod\u00ed se do mal\u00fdch kuchyn\u00ed<\/strong>\u00a0- The\u00a0<strong>p\u00e1kov\u00e1 rukoje\u0165<\/strong>\u00a0se snadno ot\u00e1\u010d\u00ed i ve st\u00edsn\u011bn\u00fdch prostorech.<\/p>\n<p>\u2705\u00a0<strong>Siln\u00e9 d\u00edly<\/strong>\u00a0-\u00a0<strong>Keramick\u00e1 kazeta<\/strong>\u00a0zastavuje \u00faniky.<\/p>\n<p>\u2705\u00a0<strong>Trendy vzhled<\/strong>\u00a0- Novinka\u00a0<strong>2025 n\u00e1vrh\u016f<\/strong>\u00a0jako\u00a0<strong>mostov\u00e9 baterie<\/strong>\u00a0a\u00a0<strong>v\u00fdvody s vysok\u00fdm obloukem<\/strong>.<\/p>\n<hr \/>\n<h2 id=\"-best-features-\"><strong>Nejlep\u0161\u00ed vlastnosti<\/strong><\/h2>\n<p>\u2714\u00a0<strong>1. Jednoduch\u00e9 p\u00e1kov\u00e9 ovl\u00e1d\u00e1n\u00ed<\/strong><\/p>\n<ul>\n<li><strong>Pohyb pouze jednou p\u00e1\u010dkou nahoru\/dol\u016f<\/strong>\u00a0pro pr\u016ftok vody.<\/li>\n<li>Odbo\u010dte vlevo na\u00a0<strong>studen\u00e9<\/strong>, vpravo pro\u00a0<strong>hot<\/strong>.<\/li>\n<li>Skv\u011bl\u00e9 pro\u00a0<strong>d\u011bti a senio\u0159i<\/strong>.<\/li>\n<\/ul>\n<p>\u2714\u00a0<strong>2. V\u00fdsuvn\u00fd post\u0159ikova\u010d<\/strong><\/p>\n<ul>\n<li><strong>Rozpra\u0161ovac\u00ed hlava<\/strong>\u00a0pom\u00e1h\u00e1 m\u00fdt velk\u00e9 hrnce.<\/li>\n<li>P\u0159ep\u00edn\u00e1 mezi\u00a0<strong>proud a sprej<\/strong>.<\/li>\n<\/ul>\n<p>\u2714\u00a0<strong>3. Pevn\u00fd a odoln\u00fd<\/strong><\/p>\n<ul>\n<li>Vyrobeno s\u00a0<strong>masivn\u00ed mosaz nebo kov<\/strong>.<\/li>\n<li><strong>Keramick\u00e9 d\u00edly<\/strong>\u00a0neznamen\u00e1 \u017e\u00e1dn\u00e9 kapky.<\/li>\n<li><strong>Odolnost proti vandalismu<\/strong> pro \u0161koly + kancel\u00e1\u0159e<\/li>\n<\/ul>\n<p>\u2714\u00a0<strong>4. Vhodn\u00fd pro jak\u00fdkoli styl<\/strong><\/p>\n<ul>\n<li><strong>2025 hlavn\u00ed trendy<\/strong>:\n<ul>\n<li><strong>Vodovodn\u00ed baterie Bridge<\/strong>\u00a0(odhalen\u00e9 trubky vypadaj\u00ed skv\u011ble).<\/li>\n<li><strong>Matn\u00e1 \u010dern\u00e1\/zlat\u00e1<\/strong>\u00a0barvy.<\/li>\n<li><strong>Mont\u00e1\u017e na st\u011bnu nebo na palubu<\/strong>\u00a0mo\u017enosti.<\/li>\n<\/ul>\n<\/li>\n<\/ul>\n<hr \/>\n<h2 id=\"-technical-details-\"><strong>Technick\u00e9 podrobnosti<\/strong><\/h2>\n<table>\n<thead>\n<tr>\n<th><strong>Funkce<\/strong><\/th>\n<th><strong>Co to znamen\u00e1<\/strong><\/th>\n<\/tr>\n<\/thead>\n<tbody>\n<tr>\n<td><strong>Pr\u016ftokov\u00e1 rychlost<\/strong><\/td>\n<td><strong>1,5 galonu za minutu<\/strong>\u00a0(\u0161et\u0159\u00ed vodu).<\/td>\n<\/tr>\n<tr>\n<td><strong>V\u00fd\u0161ka v\u00fdtoku<\/strong><\/td>\n<td><strong>15-20 palc\u016f<\/strong>\u00a0(hod\u00ed se do vysok\u00fdch kv\u011btin\u00e1\u010d\u016f).<\/td>\n<\/tr>\n<tr>\n<td><strong>Pot\u0159ebn\u00fd otvor<\/strong><\/td>\n<td><strong>1 nebo 3 otvory<\/strong>\u00a0(funguje s v\u011bt\u0161inou d\u0159ez\u016f).<\/td>\n<\/tr>\n<tr>\n<td><strong>Z\u00e1ruka<\/strong><\/td>\n<td><strong>\u017divotnost d\u00edl\u016f<\/strong>\u00a0(\u017e\u00e1dn\u00e9 \u00faniky!).<\/td>\n<\/tr>\n<\/tbody>\n<\/table>\n<hr \/>\n<h2 id=\"-who-should-buy-this-\"><strong>Kdo by si ji m\u011bl koupit?<\/strong><\/h2>\n<p>\ud83d\udc69\ud83c\udf73\u00a0<strong>Zanepr\u00e1zdn\u011bn\u00ed kucha\u0159i<\/strong>\u00a0-\u00a0<strong>Pou\u017eit\u00ed jednou rukou<\/strong>\u00a0p\u0159i dr\u017een\u00ed j\u00eddla.<\/p>\n<p>\ud83c\udfe0\u00a0<strong>Mal\u00e9 kuchyn\u011b<\/strong>\u00a0-\u00a0<strong>Oto\u010den\u00ed o 90\u00b0<\/strong>\u00a0u\u0161et\u0159it m\u00edsto.<\/p>\n<p>\ud83c\udfeb\u00a0<strong>\u0160koly\/kancel\u00e1\u0159e<\/strong>\u00a0-\u00a0<strong>T\u011b\u017eko prolomiteln\u00e9<\/strong>\u00a0p\u00e1ka.<\/p>\n<hr \/>\n<h2 id=\"-easy-install-\"><strong>Snadn\u00e1 instalace<\/strong><\/h2>\n<p>\ud83d\udd27\u00a0<strong>DIY-friendly<\/strong>\u00a0- Hod\u00ed se\u00a0<strong>nejv\u00edce umyvadel za 30 minut<\/strong>. \ud83d\udee0\u00a0<strong>Pot\u0159ebujete pomoc?<\/strong>\u00a0- Najm\u011bte si\u00a0<strong>pro mont\u00e1\u017e na st\u011bnu<\/strong>\u00a0nastaven\u00ed.<\/p>\n<hr \/>\n<h2 id=\"-final-thoughts-\"><strong>Z\u00e1v\u011bre\u010dn\u00e9 my\u0161lenky<\/strong><\/h2>\n<p>A\u00a0<strong>jednop\u00e1kov\u00e1 kuchy\u0148sk\u00e1 baterie<\/strong>\u00a0je\u00a0<strong>jednoduch\u00e9, siln\u00e9 a stylov\u00e9<\/strong>. Vyberte si jeden s:<\/p>\n<ul>\n<li><strong>Keramick\u00e9 d\u00edly<\/strong>\u00a0(bez \u00fanik\u016f).<\/li>\n<li><strong>V\u00fdsuvn\u00fd post\u0159ikova\u010d<\/strong>\u00a0(l\u00e9pe se \u010dist\u00ed).<\/li>\n<li><strong>Vzhled 2025<\/strong>\u00a0(jako matn\u00e1 \u010dern\u00e1).<\/li>\n<\/ul>\n<p><strong>\u2b06\ufe0f Vylep\u0161ete sv\u016fj d\u0159ez je\u0161t\u011b dnes! \u2b06\ufe0f<\/strong><\/p>","protected":false},"excerpt":{"rendered":"<p>1.Body: mosaz<\/p>\n<p>2.Handle: mosaz<\/p>\n<p>3.Aerator: Mingdi<\/p>\n<p>4.Shower head: t\u0159i funkce Spray<\/p>\n<p>5.Cartridge: 35mm Wanhai<\/p>\n<p>6.V\u00fdsuvn\u00e1 hadice: \u0161ed\u00fd nylonov\u00fd plast (1,5 m)<\/p>\n<p>7.Water p\u0159\u00edvodn\u00ed hadice: 600 mm, G 1\/2<\/p>\n<p>8.Surface Treatment: kart\u00e1\u010dovan\u00e1 povrchov\u00e1 \u00faprava \/ gunmetal \/ gold<\/p>","protected":false},"featured_media":3470,"template":"","meta":[],"product_brand":[],"product_cat":[57],"product_tag":[],"class_list":{"0":"post-3469","1":"product","2":"type-product","3":"status-publish","4":"has-post-thumbnail","6":"product_cat-stainless-steel-faucet","8":"first","9":"instock","10":"shipping-taxable","11":"product-type-simple"},"_links":{"self":[{"href":"https:\/\/sinkwithfaucet.com\/cs\/wp-json\/wp\/v2\/product\/3469","targetHints":{"allow":["GET"]}}],"collection":[{"href":"https:\/\/sinkwithfaucet.com\/cs\/wp-json\/wp\/v2\/product"}],"about":[{"href":"https:\/\/sinkwithfaucet.com\/cs\/wp-json\/wp\/v2\/types\/product"}],"wp:featuredmedia":[{"embeddable":true,"href":"https:\/\/sinkwithfaucet.com\/cs\/wp-json\/wp\/v2\/media\/3470"}],"wp:attachment":[{"href":"https:\/\/sinkwithfaucet.com\/cs\/wp-json\/wp\/v2\/media?parent=3469"}],"wp:term":[{"taxonomy":"product_brand","embeddable":true,"href":"https:\/\/sinkwithfaucet.com\/cs\/wp-json\/wp\/v2\/product_brand?post=3469"},{"taxonomy":"product_cat","embeddable":true,"href":"https:\/\/sinkwithfaucet.com\/cs\/wp-json\/wp\/v2\/product_cat?post=3469"},{"taxonomy":"product_tag","embeddable":true,"href":"https:\/\/sinkwithfaucet.com\/cs\/wp-json\/wp\/v2\/product_tag?post=3469"}],"curies":[{"name":"wp","href":"https:\/\/api.w.org\/{rel}","templated":true}]}}