{"id":2660,"date":"2024-11-11T10:19:02","date_gmt":"2024-11-11T10:19:02","guid":{"rendered":"https:\/\/sinkwithfaucet.com\/?post_type=product&#038;p=2660"},"modified":"2024-12-27T03:10:06","modified_gmt":"2024-12-27T03:10:06","slug":"single-handle-pull-out-sprayer-kitchen-faucet","status":"publish","type":"product","link":"https:\/\/sinkwithfaucet.com\/cs\/single-handle-pull-out-sprayer-kitchen-faucet\/","title":{"rendered":"Jednop\u00e1kov\u00e1 vytahovac\u00ed kuchy\u0148sk\u00e1 baterie 1107"},"content":{"rendered":"<h2 class=\"a-size-base-plus a-text-bold\"><strong>O jednop\u00e1kov\u00e9 kuchy\u0148sk\u00e9 baterii s vytahovac\u00edm post\u0159ikova\u010dem<\/strong><\/h2>\n<ul class=\"a-unordered-list a-vertical a-spacing-mini\">\n<li class=\"a-spacing-mini\"><span class=\"a-list-item\"><strong>DLOUH\u00c1 \u017dIVOTNOST A ODOLNOST: <\/strong>Tato vytahovac\u00ed kuchy\u0148sk\u00e1 baterie je vyrobena z vysoce kvalitn\u00ed nerezov\u00e9 oceli s pevnou strukturou a povrch je opat\u0159en technologi\u00ed vysokoteplotn\u00edho vypalov\u00e1n\u00ed, kter\u00e1 je odoln\u00e1 proti opot\u0159eben\u00ed a trvanliv\u00e1, nen\u00ed snadn\u00e9 ji zreziv\u011bt a vyblednout a lze ji pou\u017e\u00edvat po dlouhou dobu.<\/span><\/li>\n<li class=\"a-spacing-mini\"><span class=\"a-list-item\"><strong>RE\u017dIM DVOJIT\u00c9 V\u00ddPUSTI: <\/strong>D\u0159ezov\u00e1 baterie je tak\u00e9 vybavena funkc\u00ed du\u00e1ln\u00edho v\u00fdtoku, kterou lze snadno p\u0159ep\u00ednat mezi b\u011b\u017en\u00fdm vodn\u00edm sloupcem a silnou sprchou, aby vyhovovala va\u0161im r\u016fzn\u00fdm pot\u0159eb\u00e1m.<\/span><\/li>\n<li class=\"a-spacing-mini\"><span class=\"a-list-item\"><strong>NASTAVEN\u00cd TEPLOTY: <\/strong>Na str\u00e1nk\u00e1ch <a href=\"https:\/\/kitchensink.us\/stainless-steel-kitchen-faucet\/\" target=\"_blank\" rel=\"noopener\">d\u0159ezov\u00e1 baterie<\/a> je tak\u00e9 vybavena funkc\u00ed nastaven\u00ed teploty, tak\u017ee si m\u016f\u017eete libovoln\u011b nastavit po\u017eadovanou teplotu a u\u0161et\u0159it si tak pr\u00e1ci s ru\u010dn\u00edm m\u00edch\u00e1n\u00edm tepl\u00e9 a studen\u00e9 vody.<\/span><\/li>\n<li class=\"a-spacing-mini\"><span class=\"a-list-item\"><strong>OT\u00c1\u010cEN\u00cd O 360 STUP\u0147\u016e: <\/strong>Funkce ot\u00e1\u010den\u00ed o 360 stup\u0148\u016f umo\u017e\u0148uje pln\u00fd rozsah pohybu a flexibilitu, tak\u017ee proud vody dos\u00e1hne flexibiln\u011b do v\u0161ech kout\u016f d\u0159ezu a poskytuje dostatek prostoru pro myt\u00ed hrnc\u016f a m\u00eds.<\/span><\/li>\n<li class=\"a-spacing-mini\"><span class=\"a-list-item\"><strong>VYSOCE KVALITN\u00cd TRYSKA: <\/strong>P\u011bnidlo Soft Skin dok\u00e1\u017ee nejen zajistit, aby voda tekla s bohatou p\u011bnou, byla m\u011bkk\u00e1 a nest\u0159\u00edkala, p\u0159\u00edjemn\u00e1 na dotek, ale tak\u00e9 filtruje ne\u010distoty a pom\u00e1h\u00e1 \u0161et\u0159it vodu v ka\u017edodenn\u00edm \u017eivot\u011b.<\/span><\/li>\n<\/ul>\n<p>&nbsp;<\/p>\n<h2><strong>Typy vytahovac\u00edch kuchy\u0148sk\u00fdch bateri\u00ed<\/strong><\/h2>\n<ul>\n<li><strong>Jednoru\u010dn\u00ed:<\/strong><\/li>\n<\/ul>\n<p>Nejb\u011b\u017en\u011bj\u0161\u00ed typ.M\u00e1 jedinou p\u00e1ku, kterou se ovl\u00e1d\u00e1 teplota i pr\u016ftok vody.  Nab\u00edz\u00ed snadn\u00e9 a intuitivn\u00ed ovl\u00e1d\u00e1n\u00ed.<\/p>\n<ul>\n<li><strong>Profesion\u00e1ln\u00ed styl:<\/strong><\/li>\n<\/ul>\n<p>\u010casto maj\u00ed v\u00fdtok s vysok\u00fdm obloukem pro lep\u0161\u00ed pr\u016fchodnost pod bateri\u00ed.  Obvykle se vyzna\u010duj\u00ed siln\u00fdm proudem a odolnou konstrukc\u00ed, d\u00edky \u010demu\u017e jsou obl\u00edben\u00e9 u \u0161\u00e9fkucha\u0159\u016f a seri\u00f3zn\u00edch dom\u00e1c\u00edch kucha\u0159\u016f.<\/p>\n<ul>\n<li><strong>V\u00e1\u017een\u00e9:<\/strong><\/li>\n<\/ul>\n<p>Do z\u00e1kladny st\u0159\u00edkac\u00ed hlavice zabudujte z\u00e1va\u017e\u00ed, kter\u00e9 ji pom\u016f\u017ee hladce zasunout a zabr\u00e1n\u00ed jej\u00edmu visen\u00ed.To zajist\u00ed elegantn\u011bj\u0161\u00ed a u\u017eivatelsky p\u0159\u00edjemn\u011bj\u0161\u00ed z\u00e1\u017eitek.<\/p>\n<ul>\n<li><strong>Pru\u017einov\u00e1 n\u00e1pl\u0148:<\/strong><\/li>\n<\/ul>\n<p>Pomoc\u00ed pru\u017einov\u00e9ho mechanismu se st\u0159\u00edkac\u00ed hlava rychle a bez n\u00e1mahy zasune.  To m\u016f\u017ee u\u0161et\u0159it \u010das a n\u00e1mahu p\u0159i pou\u017e\u00edv\u00e1n\u00ed.<\/p>\n<p>&nbsp;<\/p>\n<h2 data-sourcepos=\"16:1-16:57\"><strong>Faktory, kter\u00e9 je t\u0159eba zv\u00e1\u017eit p\u0159i v\u00fdb\u011bru jednop\u00e1kov\u00e9 kuchy\u0148sk\u00e9 baterie s v\u00fdsuvn\u00fdm post\u0159ikova\u010dem<\/strong><\/h2>\n<ul data-sourcepos=\"18:1-22:0\">\n<li data-sourcepos=\"18:1-18:114\"><strong>V\u00fd\u0161ka v\u00fdtoku:<\/strong>\u00a0Ujist\u011bte se, \u017ee v\u00fd\u0161ka v\u00fdlevky odpov\u00edd\u00e1 hloubce d\u0159ezu a velikosti pou\u017e\u00edvan\u00fdch hrnc\u016f a p\u00e1nv\u00ed.<\/li>\n<li data-sourcepos=\"19:1-19:116\"><strong>Dokon\u010den\u00ed:<\/strong>\u00a0Vyberte si povrchovou \u00fapravu, kter\u00e1 dopln\u00ed styl va\u0161\u00ed kuchyn\u011b, nap\u0159\u00edklad chrom, kart\u00e1\u010dovan\u00fd nikl nebo matnou \u010dernou.<\/li>\n<li data-sourcepos=\"20:1-20:91\"><strong>Instalace:<\/strong>\u00a0Zva\u017ete zp\u016fsob instalace a pot\u0159ebn\u00e9 vodovodn\u00ed p\u0159\u00edpojky.<\/li>\n<li data-sourcepos=\"21:1-22:0\"><strong>Tlak vody:<\/strong>\u00a0Ujist\u011bte se, \u017ee baterie zvl\u00e1dne tlak vody ve va\u0161\u00ed dom\u00e1cnosti.<\/li>\n<\/ul>\n<p>&nbsp;<\/p>\n<h2><strong>Vlastnosti a v\u00fdhody vytahovac\u00ed kuchy\u0148sk\u00e9 baterie<\/strong><\/h2>\n<ul>\n<li>Instalace jedn\u00edm otvorem - maxim\u00e1ln\u00ed tlou\u0161\u0165ka paluby 1,75\"<\/li>\n<li>Vyhovuje po\u017eadavk\u016fm ADA - Jednoduch\u00e9 ovl\u00e1d\u00e1n\u00ed pomoc\u00ed jedn\u00e9 p\u00e1ky<\/li>\n<li>Svisl\u00e1 konstrukce rukojeti k hlavn\u00edmu t\u011blu, oto\u010dn\u00e1 o 90\u00b0 dop\u0159edu, co\u017e umo\u017e\u0148uje ovl\u00e1d\u00e1n\u00ed ve st\u00edsn\u011bn\u00fdch prostor\u00e1ch se zadn\u00edmi st\u011bnami.<\/li>\n<li>Dvoufunk\u010dn\u00ed post\u0159ikovac\u00ed hlavice - pr\u016ftok vody 1,8 GPM st\u0159\u00edd\u00e1 v\u00fdkonn\u00fd post\u0159ik a provzdu\u0161\u0148ov\u00e1n\u00ed: Ide\u00e1ln\u00ed pro v\u00fdkonn\u00e9 drhnut\u00ed, jemn\u00e9 oplachov\u00e1n\u00ed a pln\u011bn\u00ed hrnc\u016f.<\/li>\n<li>Bezolovnat\u00e1 konstrukce z odoln\u00e9 mosazi v souladu s kalifornskou normou CALGreen<\/li>\n<li>360\u00b0oto\u010dn\u00e1 v\u00fdtokov\u00e1 trubice zaji\u0161\u0165uje plynul\u00fd chod stahovac\u00edho mechanismu<\/li>\n<li>Vysok\u00fd obloukov\u00fd v\u00fdtok poskytuje dostatek prostoru pro pln\u011bn\u00ed hrnc\u016f a \u010di\u0161t\u011bn\u00ed v\u011bt\u0161\u00edho n\u00e1dob\u00ed.<\/li>\n<li>Keramick\u00e1 kazeta - nejvy\u0161\u0161\u00ed kvalita a p\u0159esnost \"bez kap\u00e1n\u00ed\"<\/li>\n<li>Vysoce \u00fa\u010dinn\u00fd perl\u00e1tor, kter\u00fd poskytuje jemn\u00fd proud bez rozst\u0159iku<\/li>\n<li>V\u00fdsuvn\u00e1 post\u0159ikovac\u00ed hlavice s 60\" nylonovou opletenou hadic\u00ed umo\u017e\u0148uje opl\u00e1chnout umyvadlo v ka\u017ed\u00e9m rohu.<\/li>\n<li>Pry\u017eov\u00e9 trysky post\u0159ikovac\u00ed hlavy se snadno \u010dist\u00ed od miner\u00e1ln\u00edch usazenin a zaji\u0161\u0165uj\u00ed dlouhotrvaj\u00edc\u00ed v\u00fdkon.<\/li>\n<li>V\u00edcen\u00e1sobn\u011b pokoven\u00e1 povrchov\u00e1 \u00faprava odoln\u00e1 proti korozi, kter\u00e1 se \u010dasem nezbarv\u00ed a nevybledne.<\/li>\n<li>P\u0159edinstalovan\u00fd mont\u00e1\u017en\u00ed hardware a veden\u00ed tepl\u00e9\/studen\u00e9 vody proti prasknut\u00ed jsou sou\u010d\u00e1st\u00ed dod\u00e1vky<\/li>\n<\/ul>\n<p>&nbsp;<\/p>\n<p>Tato elegantn\u00ed baterie s klasick\u00fdm designem a jednoduch\u00fdmi liniemi se bude skv\u011ble vyj\u00edmat v ka\u017ed\u00e9 kuchyni. V\u00fdsuvn\u00e1 baterie se dod\u00e1v\u00e1 ve dvou odoln\u00fdch variant\u00e1ch povrchov\u00e9 \u00fapravy, kter\u00e9 dopln\u00ed barevnou paletu va\u0161\u00ed kuchyn\u011b. Jej\u00ed dvoj\u010dinn\u00e1 ost\u0159ikovac\u00ed hlavice s v\u00fdsuvnou hadic\u00ed v\u00e1m usnadn\u00ed myt\u00ed a oplachov\u00e1n\u00ed. Tato odborn\u011b zpracovan\u00e1 baterie je vyrobena z nejkvalitn\u011bj\u0161\u00edch materi\u00e1l\u016f a poskytne mnoho let bezstarostn\u00e9ho pou\u017e\u00edv\u00e1n\u00ed.<\/p>\n<p>&nbsp;<\/p>\n<p>&nbsp;<\/p>\n<p>&nbsp;<\/p>\n<p>&nbsp;<\/p>\n<p>&nbsp;<\/p>\n<p>&nbsp;<\/p>","protected":false},"excerpt":{"rendered":"<table style=\"height: 407px;\" width=\"704\">\n<tbody>\n<tr>\n<td width=\"808\">1 Rozm\u011bry baterie Celkov\u00e9 rozm\u011bry<\/td>\n<td width=\"1177\">380*225 mm<\/td>\n<\/tr>\n<tr>\n<td width=\"808\">2 \u010cist\u00e1 hmotnost baterie<\/td>\n<td width=\"1177\">2,5 kg<\/td>\n<\/tr>\n<tr>\n<td width=\"808\">3 Vodovodn\u00ed baterie se sk\u0159\u00ed\u0148kou Hrub\u00e1 hmotnost<\/td>\n<td width=\"1177\">2,8 kg<\/td>\n<\/tr>\n<tr>\n<td width=\"808\">4 Rozm\u011br krabice<\/td>\n<td width=\"1177\">54*32*26 mm<\/td>\n<\/tr>\n<tr>\n<td width=\"808\">5 Balen\u00ed<\/td>\n<td width=\"1177\">4KS\/KSN;10KS\/KSN;12KS\/KSN<\/td>\n<\/tr>\n<tr>\n<td width=\"808\">6 D\u00e9lka p\u0159\u00edvodn\u00ed hadice<\/td>\n<td width=\"1177\">60 mm<\/td>\n<\/tr>\n<tr>\n<td width=\"808\">7 Velikost matice vodovodn\u00edho potrub\u00ed<\/td>\n<td width=\"1177\">3\/8\" nebo 1\/2\" nebo 9\/16<\/td>\n<\/tr>\n<tr>\n<td width=\"808\">8 Velikost \u0159ezu mont\u00e1\u017en\u00edho otvoru<\/td>\n<td width=\"1177\">35 mm<\/td>\n<\/tr>\n<tr>\n<td width=\"808\">9 Materi\u00e1ly bateri\u00ed<\/td>\n<td width=\"1177\">Bezolovnat\u00fd nerezov\u00fd materi\u00e1l Premium 304 America Standard<br \/>\nocel<\/td>\n<\/tr>\n<\/tbody>\n<\/table>","protected":false},"featured_media":2661,"template":"","meta":[],"product_brand":[],"product_cat":[57],"product_tag":[],"class_list":{"0":"post-2660","1":"product","2":"type-product","3":"status-publish","4":"has-post-thumbnail","6":"product_cat-stainless-steel-faucet","8":"first","9":"instock","10":"shipping-taxable","11":"product-type-simple"},"_links":{"self":[{"href":"https:\/\/sinkwithfaucet.com\/cs\/wp-json\/wp\/v2\/product\/2660","targetHints":{"allow":["GET"]}}],"collection":[{"href":"https:\/\/sinkwithfaucet.com\/cs\/wp-json\/wp\/v2\/product"}],"about":[{"href":"https:\/\/sinkwithfaucet.com\/cs\/wp-json\/wp\/v2\/types\/product"}],"wp:featuredmedia":[{"embeddable":true,"href":"https:\/\/sinkwithfaucet.com\/cs\/wp-json\/wp\/v2\/media\/2661"}],"wp:attachment":[{"href":"https:\/\/sinkwithfaucet.com\/cs\/wp-json\/wp\/v2\/media?parent=2660"}],"wp:term":[{"taxonomy":"product_brand","embeddable":true,"href":"https:\/\/sinkwithfaucet.com\/cs\/wp-json\/wp\/v2\/product_brand?post=2660"},{"taxonomy":"product_cat","embeddable":true,"href":"https:\/\/sinkwithfaucet.com\/cs\/wp-json\/wp\/v2\/product_cat?post=2660"},{"taxonomy":"product_tag","embeddable":true,"href":"https:\/\/sinkwithfaucet.com\/cs\/wp-json\/wp\/v2\/product_tag?post=2660"}],"curies":[{"name":"wp","href":"https:\/\/api.w.org\/{rel}","templated":true}]}}