{"id":2653,"date":"2024-11-11T09:53:20","date_gmt":"2024-11-11T09:53:20","guid":{"rendered":"https:\/\/sinkwithfaucet.com\/?post_type=product&#038;p=2653"},"modified":"2024-11-11T10:14:00","modified_gmt":"2024-11-11T10:14:00","slug":"spring-pull-down-kitchen-faucet-1003","status":"publish","type":"product","link":"https:\/\/sinkwithfaucet.com\/cs\/spring-pull-down-kitchen-faucet-1003\/","title":{"rendered":"Pru\u017einov\u00e1 vytahovac\u00ed kuchy\u0148sk\u00e1 baterie 1003"},"content":{"rendered":"<h2 data-sourcepos=\"1:1-1:57\">Jarn\u00ed stahovac\u00ed kuchy\u0148sk\u00e9 baterie: Modern\u00ed pohodl\u00ed<\/h2>\n<p data-sourcepos=\"3:1-3:174\">Pru\u017einov\u00e1 stahovac\u00ed kuchy\u0148sk\u00e1 baterie je obl\u00edbenou volbou pro modern\u00ed kuchyn\u011b. Spojuje v sob\u011b styl, funk\u010dnost a snadn\u00e9 pou\u017e\u00edv\u00e1n\u00ed. Zde je p\u0159ehled jej\u00edch funkc\u00ed a v\u00fdhod:<\/p>\n<h3 data-sourcepos=\"5:1-5:21\">Jak to funguje?<\/h3>\n<p data-sourcepos=\"6:1-6:227\">Pru\u017einov\u00e1 stahovac\u00ed baterie m\u00e1 flexibiln\u00ed v\u00fdtok, kter\u00fd lze st\u00e1hnout a vysunout, abyste dos\u00e1hli na r\u016fzn\u00e9 \u010d\u00e1sti d\u0159ezu. Po uvoln\u011bn\u00ed se v\u00fdtokov\u00e1 trubice d\u00edky zabudovan\u00e9mu pru\u017einov\u00e9mu mechanismu plynule st\u00e1hne zp\u011bt na m\u00edsto.<\/p>\n<h3 data-sourcepos=\"8:1-8:44\">Kl\u00ed\u010dov\u00e9 v\u00fdhody jarn\u00edch v\u00fdsuvn\u00fdch bateri\u00ed<\/h3>\n<ul data-sourcepos=\"9:1-13:0\">\n<li data-sourcepos=\"9:1-9:128\"><strong>Flexibilita:<\/strong> Vytahovac\u00ed konstrukce umo\u017e\u0148uje snadn\u00e9 pln\u011bn\u00ed velk\u00fdch hrnc\u016f a p\u00e1nv\u00ed nebo \u010di\u0161t\u011bn\u00ed t\u011b\u017eko p\u0159\u00edstupn\u00fdch m\u00edst ve d\u0159ezu.<\/li>\n<li data-sourcepos=\"10:1-10:136\"><strong>V\u0161estrannost:<\/strong> Mnoh\u00e9 modely nab\u00edzej\u00ed v\u00edce nastaven\u00ed post\u0159iku, nap\u0159\u00edklad provzdu\u0161n\u011bn\u00fd proud a siln\u00fd post\u0159ik, aby se p\u0159izp\u016fsobily r\u016fzn\u00fdm \u00fakol\u016fm.<\/li>\n<li data-sourcepos=\"11:1-11:91\"><strong>Snadn\u00e9 pou\u017e\u00edv\u00e1n\u00ed:<\/strong> Pru\u017einov\u00fd mechanismus zaji\u0161\u0165uje hladk\u00fd chod a snadn\u00e9 zasouv\u00e1n\u00ed.<\/li>\n<li data-sourcepos=\"12:1-13:0\"><strong>Stylov\u00fd design:<\/strong> K dispozici jsou r\u016fzn\u00e9 povrchov\u00e9 \u00fapravy a styly, kter\u00e9 dopln\u00ed ka\u017ed\u00fd interi\u00e9r kuchyn\u011b.<\/li>\n<\/ul>\n<p data-sourcepos=\"21:1-21:143\">Pe\u010dliv\u00fdm zv\u00e1\u017een\u00edm t\u011bchto faktor\u016f m\u016f\u017eete vybrat pru\u017einovou stahovac\u00ed kuchy\u0148skou baterii, kter\u00e1 zv\u00fd\u0161\u00ed funk\u010dnost a styl va\u0161\u00ed kuchyn\u011b.<\/p>","protected":false},"excerpt":{"rendered":"<table style=\"height: 407px;\" width=\"704\">\n<tbody>\n<tr>\n<td width=\"808\">1 Rozm\u011bry baterie Celkov\u00e9 rozm\u011bry<\/td>\n<td width=\"1177\">405*225 mm<\/td>\n<\/tr>\n<tr>\n<td width=\"808\">2 \u010cist\u00e1 hmotnost baterie<\/td>\n<td width=\"1177\">2,5 kg<\/td>\n<\/tr>\n<tr>\n<td width=\"808\">3 Vodovodn\u00ed baterie se sk\u0159\u00ed\u0148kou Hrub\u00e1 hmotnost<\/td>\n<td width=\"1177\">2,8 kg<\/td>\n<\/tr>\n<tr>\n<td width=\"808\">4 Rozm\u011br krabice<\/td>\n<td width=\"1177\">54*32*26 mm<\/td>\n<\/tr>\n<tr>\n<td width=\"808\">5 Balen\u00ed<\/td>\n<td width=\"1177\">4KS\/KSN;10KS\/KSN;12KS\/KSN<\/td>\n<\/tr>\n<tr>\n<td width=\"808\">6 D\u00e9lka p\u0159\u00edvodn\u00ed hadice<\/td>\n<td width=\"1177\">60 mm<\/td>\n<\/tr>\n<tr>\n<td width=\"808\">7 Velikost matice vodovodn\u00edho potrub\u00ed<\/td>\n<td width=\"1177\">3\/8\" nebo 1\/2\" nebo 9\/16<\/td>\n<\/tr>\n<tr>\n<td width=\"808\">8 Velikost \u0159ezu mont\u00e1\u017en\u00edho otvoru<\/td>\n<td width=\"1177\">35 mm<\/td>\n<\/tr>\n<tr>\n<td width=\"808\">9 Materi\u00e1ly bateri\u00ed<\/td>\n<td width=\"1177\">Bezolovnat\u00fd nerezov\u00fd materi\u00e1l Premium 304 America Standard<br \/>\nocel<\/td>\n<\/tr>\n<\/tbody>\n<\/table>","protected":false},"featured_media":2654,"template":"","meta":[],"product_brand":[],"product_cat":[57],"product_tag":[],"class_list":{"0":"post-2653","1":"product","2":"type-product","3":"status-publish","4":"has-post-thumbnail","6":"product_cat-stainless-steel-faucet","8":"first","9":"instock","10":"shipping-taxable","11":"product-type-simple"},"_links":{"self":[{"href":"https:\/\/sinkwithfaucet.com\/cs\/wp-json\/wp\/v2\/product\/2653","targetHints":{"allow":["GET"]}}],"collection":[{"href":"https:\/\/sinkwithfaucet.com\/cs\/wp-json\/wp\/v2\/product"}],"about":[{"href":"https:\/\/sinkwithfaucet.com\/cs\/wp-json\/wp\/v2\/types\/product"}],"wp:featuredmedia":[{"embeddable":true,"href":"https:\/\/sinkwithfaucet.com\/cs\/wp-json\/wp\/v2\/media\/2654"}],"wp:attachment":[{"href":"https:\/\/sinkwithfaucet.com\/cs\/wp-json\/wp\/v2\/media?parent=2653"}],"wp:term":[{"taxonomy":"product_brand","embeddable":true,"href":"https:\/\/sinkwithfaucet.com\/cs\/wp-json\/wp\/v2\/product_brand?post=2653"},{"taxonomy":"product_cat","embeddable":true,"href":"https:\/\/sinkwithfaucet.com\/cs\/wp-json\/wp\/v2\/product_cat?post=2653"},{"taxonomy":"product_tag","embeddable":true,"href":"https:\/\/sinkwithfaucet.com\/cs\/wp-json\/wp\/v2\/product_tag?post=2653"}],"curies":[{"name":"wp","href":"https:\/\/api.w.org\/{rel}","templated":true}]}}