{"id":2650,"date":"2024-11-11T09:47:41","date_gmt":"2024-11-11T09:47:41","guid":{"rendered":"https:\/\/sinkwithfaucet.com\/?post_type=product&#038;p=2650"},"modified":"2024-11-11T09:50:38","modified_gmt":"2024-11-11T09:50:38","slug":"commercial-sink-faucet-1101","status":"publish","type":"product","link":"https:\/\/sinkwithfaucet.com\/cs\/commercial-sink-faucet-1101\/","title":{"rendered":"Komer\u010dn\u00ed d\u0159ezov\u00e1 baterie 1101"},"content":{"rendered":"<h2 data-sourcepos=\"1:1-1:61\">Komer\u010dn\u00ed d\u0159ezov\u00e9 baterie: Pr\u016fvodce v\u00fdb\u011brem t\u00e9 spr\u00e1vn\u00e9<\/h2>\n<p data-sourcepos=\"3:1-3:194\">D\u0159ezov\u00e9 baterie pro komer\u010dn\u00ed \u00fa\u010dely jsou navr\u017eeny tak, aby odol\u00e1valy intenzivn\u00edmu pou\u017e\u00edv\u00e1n\u00ed, vysokotlak\u00e9 vod\u011b a drsn\u00fdm \u010distic\u00edm prost\u0159edk\u016fm. Jsou konstruov\u00e1ny tak, aby vydr\u017eely a poskytovaly spolehliv\u00fd v\u00fdkon v n\u00e1ro\u010dn\u00fdch podm\u00ednk\u00e1ch.<\/p>\n<h3 data-sourcepos=\"5:1-5:43\">Kl\u00ed\u010dov\u00e9 vlastnosti komer\u010dn\u00edch d\u0159ezov\u00fdch bateri\u00ed<\/h3>\n<ul data-sourcepos=\"7:1-12:0\">\n<li data-sourcepos=\"7:1-7:88\"><strong>Odolnost:<\/strong> Vyrobeno z vysoce kvalitn\u00edch materi\u00e1l\u016f, jako je mosaz nebo nerezov\u00e1 ocel.<\/li>\n<li data-sourcepos=\"8:1-8:78\"><strong>Vysok\u00fd pr\u016ftok:<\/strong> Poskytuje siln\u00fd proud vody pro \u00fa\u010dinn\u00e9 \u010di\u0161t\u011bn\u00ed.<\/li>\n<li data-sourcepos=\"9:1-9:51\"><strong>Snadn\u00e1 \u00fadr\u017eba:<\/strong> Snadn\u00e9 \u010di\u0161t\u011bn\u00ed a opravy.<\/li>\n<li data-sourcepos=\"10:1-10:89\"><strong>R\u016fzn\u00e9 styly:<\/strong> K dispozici jsou r\u016fzn\u00e9 styly, kter\u00e9 se hod\u00ed k estetick\u00e9mu vzhledu va\u0161\u00ed kuchyn\u011b.<\/li>\n<li data-sourcepos=\"11:1-12:0\"><strong>Speci\u00e1ln\u00ed funkce:<\/strong> N\u011bkter\u00e9 baterie nab\u00edzej\u00ed dal\u0161\u00ed funkce, jako jsou sprchov\u00e9 hlavice, ovl\u00e1d\u00e1n\u00ed teploty a bezdotykov\u00e9 ovl\u00e1d\u00e1n\u00ed.<\/li>\n<\/ul>\n<h3 data-sourcepos=\"13:1-13:36\">Typy komer\u010dn\u00edch d\u0159ezov\u00fdch bateri\u00ed<\/h3>\n<ol data-sourcepos=\"15:1-34:0\">\n<li data-sourcepos=\"15:1-18:3\">\n<p data-sourcepos=\"15:4-15:28\"><strong>N\u00e1st\u011bnn\u00e9 baterie:<\/strong><\/p>\n<ul data-sourcepos=\"16:4-18:3\">\n<li data-sourcepos=\"16:4-16:45\">Ide\u00e1ln\u00ed pro snadn\u00e9 \u010di\u0161t\u011bn\u00ed a \u00fadr\u017ebu.<\/li>\n<li data-sourcepos=\"17:4-18:3\">Nab\u00edz\u00ed flexibilitu v um\u00edst\u011bn\u00ed a designu.<\/li>\n<\/ul>\n<\/li>\n<li data-sourcepos=\"19:1-22:3\">\n<p data-sourcepos=\"19:4-19:28\"><strong>Palubn\u00ed baterie:<\/strong><\/p>\n<ul data-sourcepos=\"20:4-22:3\">\n<li data-sourcepos=\"20:4-20:42\">Instaluje se p\u0159\u00edmo na pracovn\u00ed desku.<\/li>\n<li data-sourcepos=\"21:4-22:3\">K dispozici jsou r\u016fzn\u00e9 konfigurace, v\u010detn\u011b model\u016f s jednou a dv\u011bma rukoje\u0165mi.<\/li>\n<\/ul>\n<\/li>\n<li data-sourcepos=\"23:1-26:3\">\n<p data-sourcepos=\"23:4-23:25\"><strong>Vodovodn\u00ed baterie s hus\u00edm krkem:<\/strong><\/p>\n<ul data-sourcepos=\"24:4-26:3\">\n<li data-sourcepos=\"24:4-24:70\">Je vybavena vysok\u00fdm obloukov\u00fdm v\u00fdtokem pro snadn\u00fd p\u0159\u00edstup k velk\u00fdm hrnc\u016fm a p\u00e1nv\u00edm.<\/li>\n<li data-sourcepos=\"25:4-26:3\">\u010casto se pou\u017e\u00edvaj\u00ed v komer\u010dn\u00edch kuchyn\u00edch pro svou univerz\u00e1lnost.<\/li>\n<\/ul>\n<\/li>\n<li data-sourcepos=\"27:1-30:3\">\n<p data-sourcepos=\"27:4-27:25\"><strong>P\u0159edplachov\u00e9 baterie:<\/strong><\/p>\n<ul data-sourcepos=\"28:4-30:3\">\n<li data-sourcepos=\"28:4-28:85\">Ur\u010deno pro n\u00e1ro\u010dn\u00e9 \u00fakony, jako je oplachov\u00e1n\u00ed zbytk\u016f j\u00eddla z n\u00e1dob\u00ed.<\/li>\n<li data-sourcepos=\"29:4-30:3\">Obvykle je vybaven vysokotlakou st\u0159\u00edkac\u00ed hlavic\u00ed.<\/li>\n<\/ul>\n<\/li>\n<li data-sourcepos=\"31:1-34:0\">\n<p data-sourcepos=\"31:4-31:25\"><strong>Bezdotykov\u00e9 baterie:<\/strong><\/p>\n<ul data-sourcepos=\"32:4-34:0\">\n<li data-sourcepos=\"32:4-32:81\">Podporuje hygienu t\u00edm, \u017ee eliminuje nutnost ru\u010dn\u00edho kontaktu s kohoutkem.<\/li>\n<li data-sourcepos=\"33:4-34:0\">Ide\u00e1ln\u00ed pro vysoce frekventovan\u00e9 prostory, jako jsou komer\u010dn\u00ed kuchyn\u011b a toalety.<\/li>\n<\/ul>\n<\/li>\n<\/ol>\n<p data-sourcepos=\"44:1-44:135\">Pe\u010dliv\u00fdm zv\u00e1\u017een\u00edm t\u011bchto faktor\u016f m\u016f\u017eete vybrat ide\u00e1ln\u00ed d\u0159ezovou baterii pro komer\u010dn\u00ed \u00fa\u010dely, kter\u00e1 bude spl\u0148ovat specifick\u00e9 pot\u0159eby va\u0161eho podniku.<\/p>","protected":false},"excerpt":{"rendered":"<h3 data-sourcepos=\"35:1-35:62\">Faktory, kter\u00e9 je t\u0159eba zv\u00e1\u017eit p\u0159i v\u00fdb\u011bru d\u0159ezov\u00e9 baterie pro komer\u010dn\u00ed \u00fa\u010dely<\/h3>\n<ul data-sourcepos=\"37:1-43:0\">\n<li data-sourcepos=\"37:1-37:94\"><strong>Pr\u016ftok:<\/strong> Ujist\u011bte se, \u017ee baterie zvl\u00e1dne po\u017eadovan\u00fd pr\u016ftok vody pro va\u0161e konkr\u00e9tn\u00ed pot\u0159eby.<\/li>\n<li data-sourcepos=\"38:1-38:96\"><strong>Odolnost:<\/strong> Vyberte si baterii vyrobenou z vysoce kvalitn\u00edch materi\u00e1l\u016f, kter\u00e9 vydr\u017e\u00ed n\u00e1ro\u010dn\u00e9 pou\u017e\u00edv\u00e1n\u00ed.<\/li>\n<li data-sourcepos=\"39:1-39:79\"><strong>Dokon\u010den\u00ed:<\/strong> Vyberte povrchovou \u00fapravu, kter\u00e1 je odoln\u00e1 proti korozi a snadno se \u010dist\u00ed.<\/li>\n<li data-sourcepos=\"40:1-40:91\"><strong>Instalace:<\/strong> Zva\u017ete zp\u016fsob instalace a pot\u0159ebn\u00e9 vodovodn\u00ed p\u0159\u00edpojky.<\/li>\n<li data-sourcepos=\"41:1-41:97\"><strong>\u00dadr\u017eba:<\/strong> Hledejte baterie se snadno vym\u011bniteln\u00fdmi d\u00edly a jednoduch\u00fdmi postupy \u00fadr\u017eby.<\/li>\n<li data-sourcepos=\"42:1-43:0\"><strong>Dodr\u017eov\u00e1n\u00ed p\u0159edpis\u016f:<\/strong> Ujist\u011bte se, \u017ee baterie vyhovuje m\u00edstn\u00edm instalat\u00e9rsk\u00fdm p\u0159edpis\u016fm a na\u0159\u00edzen\u00edm.<\/li>\n<\/ul>","protected":false},"featured_media":2651,"template":"","meta":[],"product_brand":[],"product_cat":[57],"product_tag":[],"class_list":{"0":"post-2650","1":"product","2":"type-product","3":"status-publish","4":"has-post-thumbnail","6":"product_cat-stainless-steel-faucet","8":"first","9":"instock","10":"shipping-taxable","11":"product-type-simple"},"_links":{"self":[{"href":"https:\/\/sinkwithfaucet.com\/cs\/wp-json\/wp\/v2\/product\/2650","targetHints":{"allow":["GET"]}}],"collection":[{"href":"https:\/\/sinkwithfaucet.com\/cs\/wp-json\/wp\/v2\/product"}],"about":[{"href":"https:\/\/sinkwithfaucet.com\/cs\/wp-json\/wp\/v2\/types\/product"}],"wp:featuredmedia":[{"embeddable":true,"href":"https:\/\/sinkwithfaucet.com\/cs\/wp-json\/wp\/v2\/media\/2651"}],"wp:attachment":[{"href":"https:\/\/sinkwithfaucet.com\/cs\/wp-json\/wp\/v2\/media?parent=2650"}],"wp:term":[{"taxonomy":"product_brand","embeddable":true,"href":"https:\/\/sinkwithfaucet.com\/cs\/wp-json\/wp\/v2\/product_brand?post=2650"},{"taxonomy":"product_cat","embeddable":true,"href":"https:\/\/sinkwithfaucet.com\/cs\/wp-json\/wp\/v2\/product_cat?post=2650"},{"taxonomy":"product_tag","embeddable":true,"href":"https:\/\/sinkwithfaucet.com\/cs\/wp-json\/wp\/v2\/product_tag?post=2650"}],"curies":[{"name":"wp","href":"https:\/\/api.w.org\/{rel}","templated":true}]}}