{"id":2434,"date":"2024-11-04T06:57:38","date_gmt":"2024-11-04T06:57:38","guid":{"rendered":"https:\/\/sinkwithfaucet.com\/?post_type=product&#038;p=2434"},"modified":"2024-11-04T06:57:38","modified_gmt":"2024-11-04T06:57:38","slug":"undermount-sink-3322dsa","status":"publish","type":"product","link":"https:\/\/sinkwithfaucet.com\/cs\/undermount-sink-3322dsa\/","title":{"rendered":"D\u0159ez pod om\u00edtku 3322DSA"},"content":{"rendered":"<h2 data-sourcepos=\"1:1-1:46\">Podom\u00edtkov\u00e9 d\u0159ezy: Elegantn\u00ed a modern\u00ed volba<\/h2>\n<p data-sourcepos=\"3:1-3:210\"><strong>Podom\u00edtkov\u00e9 d\u0159ezy<\/strong> jsou obl\u00edbenou volbou pro majitele dom\u016f, kte\u0159\u00ed hledaj\u00ed \u010dist\u00fd a modern\u00ed vzhled sv\u00e9 kuchyn\u011b. Tyto d\u0159ezy se instaluj\u00ed pod pracovn\u00ed desku a vytv\u00e1\u0159ej\u00ed tak celistv\u00fd a integrovan\u00fd vzhled.<\/p>\n<p data-sourcepos=\"5:1-5:37\"><strong>Kl\u00ed\u010dov\u00e9 vlastnosti:<\/strong><\/p>\n<ul data-sourcepos=\"7:1-11:0\">\n<li data-sourcepos=\"7:1-7:144\"><strong>Elegantn\u00ed design:<\/strong> Podom\u00edtkov\u00e1 instalace eliminuje mezery mezi umyvadlem a deskou, co\u017e p\u016fsob\u00ed minimalisticky a modern\u011b.<\/li>\n<li data-sourcepos=\"8:1-8:125\"><strong>Snadno se \u010dist\u00ed:<\/strong> D\u00edky beze\u0161v\u00e9mu designu je \u010di\u0161t\u011bn\u00ed snadn\u00e9, proto\u017ee se v n\u011bm nehromad\u00ed \u017e\u00e1dn\u00e9 ne\u010distoty a \u0161t\u011brbiny.<\/li>\n<li data-sourcepos=\"9:1-9:140\"><strong>Roz\u0161\u00ed\u0159en\u00fd prostor na pracovn\u00ed desce:<\/strong> Podom\u00edtkov\u00e9 proveden\u00ed maximalizuje prostor na pracovn\u00ed desce a poskytuje v\u00edce m\u00edsta pro p\u0159\u00edpravu j\u00eddla a dal\u0161\u00ed \u00fakoly.<\/li>\n<li data-sourcepos=\"10:1-11:0\"><strong>Odolnost:<\/strong> D\u0159ezy pod om\u00edtku jsou obvykle vyrobeny z odoln\u00fdch materi\u00e1l\u016f, jako je nerezov\u00e1 ocel nebo kompozit, co\u017e zaru\u010duje dlouhou \u017eivotnost.<\/li>\n<\/ul>\n<p data-sourcepos=\"19:1-19:52\"><strong>\u00davahy p\u0159i v\u00fdb\u011bru podom\u00edtkov\u00e9ho d\u0159ezu:<\/strong><\/p>\n<ul data-sourcepos=\"21:1-25:0\">\n<li data-sourcepos=\"21:1-21:69\"><strong>Velikost:<\/strong> Ujist\u011bte se, \u017ee d\u0159ez m\u00e1 spr\u00e1vnou velikost pro v\u00e1\u0161 kuchy\u0148sk\u00fd prostor.<\/li>\n<li data-sourcepos=\"22:1-22:98\"><strong>Materi\u00e1l:<\/strong> Vyberte si odoln\u00fd a snadno \u010distiteln\u00fd materi\u00e1l, nap\u0159\u00edklad nerezovou ocel nebo kompozit.<\/li>\n<li data-sourcepos=\"23:1-23:112\"><strong>Otvory pro baterie:<\/strong> Zva\u017ete po\u010det a rozm\u00edst\u011bn\u00ed otvor\u016f pro baterie, abyste se p\u0159izp\u016fsobili po\u017eadovan\u00e9 konfiguraci.<\/li>\n<li data-sourcepos=\"24:1-25:0\"><strong>Instalace:<\/strong> Podom\u00edtkov\u00e1 umyvadla vy\u017eaduj\u00ed odbornou instalaci, aby byla zaji\u0161t\u011bna spr\u00e1vn\u00e1 a bezpe\u010dn\u00e1 mont\u00e1\u017e.<\/li>\n<\/ul>\n<p data-sourcepos=\"26:1-26:139\">Pe\u010dliv\u00fdm zv\u00e1\u017een\u00edm t\u011bchto faktor\u016f m\u016f\u017eete vybrat dokonal\u00fd podom\u00edtkov\u00fd d\u0159ez, kter\u00fd pozvedne styl a funk\u010dnost va\u0161\u00ed kuchyn\u011b.<\/p>","protected":false},"excerpt":{"rendered":"<p>Celkov\u00e1 velikost: 33*22*10 palc\u016f \/ 838*559*254 mm<\/p>\n<p>Velikost m\u00edsy: 430*452\/330*452 mm<\/p>\n<p>Velikost v\u00fd\u0159ezu: 839*560 mm<\/p>\n<p>Radi\u00e1ln\u00ed roh : R10<\/p>","protected":false},"featured_media":2435,"template":"","meta":[],"product_brand":[],"product_cat":[54],"product_tag":[],"class_list":{"0":"post-2434","1":"product","2":"type-product","3":"status-publish","4":"has-post-thumbnail","6":"product_cat-apron-sink-1","8":"first","9":"instock","10":"shipping-taxable","11":"product-type-simple"},"_links":{"self":[{"href":"https:\/\/sinkwithfaucet.com\/cs\/wp-json\/wp\/v2\/product\/2434","targetHints":{"allow":["GET"]}}],"collection":[{"href":"https:\/\/sinkwithfaucet.com\/cs\/wp-json\/wp\/v2\/product"}],"about":[{"href":"https:\/\/sinkwithfaucet.com\/cs\/wp-json\/wp\/v2\/types\/product"}],"wp:featuredmedia":[{"embeddable":true,"href":"https:\/\/sinkwithfaucet.com\/cs\/wp-json\/wp\/v2\/media\/2435"}],"wp:attachment":[{"href":"https:\/\/sinkwithfaucet.com\/cs\/wp-json\/wp\/v2\/media?parent=2434"}],"wp:term":[{"taxonomy":"product_brand","embeddable":true,"href":"https:\/\/sinkwithfaucet.com\/cs\/wp-json\/wp\/v2\/product_brand?post=2434"},{"taxonomy":"product_cat","embeddable":true,"href":"https:\/\/sinkwithfaucet.com\/cs\/wp-json\/wp\/v2\/product_cat?post=2434"},{"taxonomy":"product_tag","embeddable":true,"href":"https:\/\/sinkwithfaucet.com\/cs\/wp-json\/wp\/v2\/product_tag?post=2434"}],"curies":[{"name":"wp","href":"https:\/\/api.w.org\/{rel}","templated":true}]}}