{"id":2432,"date":"2024-11-04T06:50:40","date_gmt":"2024-11-04T06:50:40","guid":{"rendered":"https:\/\/sinkwithfaucet.com\/?post_type=product&#038;p=2432"},"modified":"2024-11-11T02:44:49","modified_gmt":"2024-11-11T02:44:49","slug":"30-inch-kitchen-sink-3022ssa","status":"publish","type":"product","link":"https:\/\/sinkwithfaucet.com\/cs\/30-inch-kitchen-sink-3022ssa\/","title":{"rendered":"30palcov\u00fd kuchy\u0148sk\u00fd d\u0159ez 3022SSA"},"content":{"rendered":"<p data-sourcepos=\"1:1-1:227\">30palcov\u00e9 kuchy\u0148sk\u00e9 d\u0159ezy jsou obl\u00edbenou volbou mnoha majitel\u016f dom\u016f, proto\u017ee nab\u00edzej\u00ed rovnov\u00e1hu mezi velikost\u00ed a funk\u010dnost\u00ed. Jsou k dispozici v r\u016fzn\u00fdch stylech, materi\u00e1lech a konfigurac\u00edch, kter\u00e9 vyhovuj\u00ed r\u016fzn\u00fdm design\u016fm a pot\u0159eb\u00e1m kuchyn\u011b.<\/p>\n<h3 data-sourcepos=\"3:1-3:42\">Kl\u00ed\u010dov\u00e9 vlastnosti 30palcov\u00fdch kuchy\u0148sk\u00fdch d\u0159ez\u016f:<\/h3>\n<ul data-sourcepos=\"5:1-9:0\">\n<li data-sourcepos=\"5:1-5:107\"><strong>Dostatek prostoru:<\/strong> Poskytuje dostate\u010dn\u00fd prostor pro myt\u00ed n\u00e1dob\u00ed, p\u0159\u00edpravu j\u00eddel a nam\u00e1\u010den\u00ed velk\u00e9ho n\u00e1dob\u00ed.<\/li>\n<li data-sourcepos=\"6:1-6:94\"><strong>V\u0161estrann\u00fd design:<\/strong> K dispozici v konfigurac\u00edch s jednou m\u00edsou, dv\u011bma m\u00edsami a pracovn\u00ed stanic\u00ed.<\/li>\n<li data-sourcepos=\"7:1-7:80\"><strong>Odoln\u00e9 materi\u00e1ly:<\/strong> \u010casto jsou vyrobeny z nerezov\u00e9 oceli, kompozitu nebo keramiky.<\/li>\n<li data-sourcepos=\"8:1-9:0\"><strong>Stylov\u00e9 mo\u017enosti:<\/strong> K dispozici jsou r\u016fzn\u00e9 povrchov\u00e9 \u00fapravy a styly, kter\u00e9 dopl\u0148uj\u00ed r\u016fznou estetiku kuchyn\u011b.<\/li>\n<\/ul>\n<h3 data-sourcepos=\"10:1-10:35\">Typy 30palcov\u00fdch kuchy\u0148sk\u00fdch d\u0159ez\u016f:<\/h3>\n<ul data-sourcepos=\"12:1-15:0\">\n<li data-sourcepos=\"12:1-12:85\"><strong><a href=\"https:\/\/sinkwithfaucet.com\/cs\/undermount-sink-1\/\">Podom\u00edtkov\u00e9 d\u0159ezy<\/a>:<\/strong> Instalace pod pracovn\u00ed desku pro elegantn\u00ed a modern\u00ed vzhled.<\/li>\n<li data-sourcepos=\"13:1-13:93\"><strong><a href=\"https:\/\/sinkwithfaucet.com\/cs\/topmount-sink-1\/\">D\u0159ezy pro horn\u00ed mont\u00e1\u017e<\/a>:<\/strong> Instaluje se na horn\u00ed \u010d\u00e1st pracovn\u00ed desky a nab\u00edz\u00ed tradi\u010dn\u00ed vzhled.<\/li>\n<li data-sourcepos=\"14:1-15:0\"><strong><a href=\"https:\/\/sinkwithfaucet.com\/cs\/apron-sink-1\/\">Umyvadla Farmhouse<\/a>:<\/strong> Velk\u00e9 hlubok\u00e9 d\u0159ezy s p\u0159edn\u00ed z\u00e1st\u011brou poskytuj\u00ed rustik\u00e1ln\u00ed a funk\u010dn\u00ed design.<\/li>\n<\/ul>\n<h3 data-sourcepos=\"16:1-16:56\">\u00davahy p\u0159i v\u00fdb\u011bru 30palcov\u00e9ho kuchy\u0148sk\u00e9ho d\u0159ezu:<\/h3>\n<ul data-sourcepos=\"18:1-23:0\">\n<li data-sourcepos=\"18:1-18:94\"><strong>Materi\u00e1l:<\/strong> Vyberte si odoln\u00fd a snadno \u010distiteln\u00fd materi\u00e1l, jako je nerezov\u00e1 ocel nebo kompozit.<\/li>\n<li data-sourcepos=\"19:1-19:91\"><strong>Konfigurace m\u00edsy:<\/strong> Podle sv\u00fdch pot\u0159eb si m\u016f\u017eete vybrat konfiguraci s jednou nebo dv\u011bma m\u00edsami.<\/li>\n<li data-sourcepos=\"20:1-20:78\"><strong>Hloubka:<\/strong> Zva\u017ete hloubku m\u00edsy, aby se do n\u00ed ve\u0161lo v\u011bt\u0161\u00ed n\u00e1dob\u00ed.<\/li>\n<li data-sourcepos=\"21:1-21:105\"><strong>Dokon\u010den\u00ed:<\/strong> Vyberte si povrchovou \u00fapravu, kter\u00e1 dopln\u00ed styl va\u0161\u00ed kuchyn\u011b, nap\u0159\u00edklad kart\u00e1\u010dovanou, le\u0161t\u011bnou nebo matnou.<\/li>\n<li data-sourcepos=\"22:1-23:0\"><strong>Instalace:<\/strong> Zajist\u011bte spr\u00e1vnou instalaci, a\u0165 u\u017e pod om\u00edtku, nebo nad om\u00edtku.<\/li>\n<\/ul>\n<p data-sourcepos=\"24:1-24:139\">Pe\u010dliv\u00fdm zv\u00e1\u017een\u00edm t\u011bchto faktor\u016f m\u016f\u017eete vybrat dokonal\u00fd 30palcov\u00fd kuchy\u0148sk\u00fd d\u0159ez, kter\u00fd zv\u00fd\u0161\u00ed funk\u010dnost a styl va\u0161\u00ed kuchyn\u011b.<\/p>","protected":false},"excerpt":{"rendered":"<p>Celkov\u00e1 velikost: 30*22*10 palc\u016f \/ 762*559*254 mm<\/p>\n<p>Velikost m\u00edsy: 712*451 mm<\/p>\n<p>Velikost v\u00fd\u0159ezu: 763*503 mm<\/p>\n<p>Radi\u00e1ln\u00ed roh : R10<\/p>","protected":false},"featured_media":2433,"template":"","meta":[],"product_brand":[],"product_cat":[54],"product_tag":[],"class_list":{"0":"post-2432","1":"product","2":"type-product","3":"status-publish","4":"has-post-thumbnail","6":"product_cat-apron-sink-1","8":"first","9":"instock","10":"shipping-taxable","11":"product-type-simple"},"_links":{"self":[{"href":"https:\/\/sinkwithfaucet.com\/cs\/wp-json\/wp\/v2\/product\/2432","targetHints":{"allow":["GET"]}}],"collection":[{"href":"https:\/\/sinkwithfaucet.com\/cs\/wp-json\/wp\/v2\/product"}],"about":[{"href":"https:\/\/sinkwithfaucet.com\/cs\/wp-json\/wp\/v2\/types\/product"}],"wp:featuredmedia":[{"embeddable":true,"href":"https:\/\/sinkwithfaucet.com\/cs\/wp-json\/wp\/v2\/media\/2433"}],"wp:attachment":[{"href":"https:\/\/sinkwithfaucet.com\/cs\/wp-json\/wp\/v2\/media?parent=2432"}],"wp:term":[{"taxonomy":"product_brand","embeddable":true,"href":"https:\/\/sinkwithfaucet.com\/cs\/wp-json\/wp\/v2\/product_brand?post=2432"},{"taxonomy":"product_cat","embeddable":true,"href":"https:\/\/sinkwithfaucet.com\/cs\/wp-json\/wp\/v2\/product_cat?post=2432"},{"taxonomy":"product_tag","embeddable":true,"href":"https:\/\/sinkwithfaucet.com\/cs\/wp-json\/wp\/v2\/product_tag?post=2432"}],"curies":[{"name":"wp","href":"https:\/\/api.w.org\/{rel}","templated":true}]}}