{"id":2429,"date":"2024-11-04T06:26:45","date_gmt":"2024-11-04T06:26:45","guid":{"rendered":"https:\/\/sinkwithfaucet.com\/?post_type=product&#038;p=2429"},"modified":"2024-11-04T06:27:51","modified_gmt":"2024-11-04T06:27:51","slug":"stainless-apron-sink-3322da","status":"publish","type":"product","link":"https:\/\/sinkwithfaucet.com\/cs\/stainless-apron-sink-3322da\/","title":{"rendered":"Nerezov\u00fd z\u00e1st\u011brov\u00fd d\u0159ez 3322DA"},"content":{"rendered":"<h2><strong><b>Nerezov\u00e9 z\u00e1st\u011brov\u00e9 d\u0159ezy: Trval\u00e1 klasika<\/b><\/strong><\/h2>\n<p>Nerezov\u00e9 z\u00e1st\u011brov\u00e9 d\u0159ezy jsou velmi atraktivn\u00ed pro majitele dom\u016f, kte\u0159\u00ed hledaj\u00ed stylovou a vysoce funk\u010dn\u00ed kuchyni. Tyto velk\u00e9 a hlubok\u00e9 d\u0159ezy, \u010dasto zn\u00e1m\u00e9 jako \"farm\u00e1\u0159sk\u00e9 d\u0159ezy\", se mohou pochlubit jedine\u010dnou p\u0159edn\u00ed \u010d\u00e1st\u00ed z\u00e1st\u011bry, kter\u00e1 vy\u010dn\u00edv\u00e1 nad pracovn\u00ed desku.<\/p>\n<p>&nbsp;<\/p>\n<p><strong>Kl\u00ed\u010dov\u00e9 vlastnosti nerezov\u00fdch d\u0159ez\u016f s p\u0159edn\u00ed z\u00e1st\u011brou:<\/strong><\/p>\n<ul>\n<li>Prostorn\u00e1 m\u00edsa: Nab\u00edz\u00ed dostatek prostoru pro myt\u00ed velk\u00fdch hrnc\u016f a p\u00e1nv\u00ed.<\/li>\n<li>Stylov\u00fd design: Z\u00e1st\u011bra dod\u00e1v\u00e1 kuchyni klasick\u00fd a rafinovan\u00fd vzhled.<\/li>\n<li>Odolnost: Vyrobeno z vysoce kvalitn\u00ed nerezov\u00e9 oceli, kter\u00e1 zaru\u010duje dlouhodob\u00fd v\u00fdkon.<\/li>\n<li>Snadno se \u010dist\u00ed: Hladk\u00fd povrch se snadno udr\u017euje a dezinfikuje.<\/li>\n<\/ul>\n<p><strong><b>\u00davahy p\u0159i v\u00fdb\u011bru d\u0159ezu z nerezov\u00e9 oceli:<\/b><\/strong><\/p>\n<ul>\n<li>Velikost: Vyberte si velikost, kter\u00e1 vyhovuje uspo\u0159\u00e1d\u00e1n\u00ed va\u0161\u00ed kuchyn\u011b a va\u0161im specifick\u00fdm po\u017eadavk\u016fm.<\/li>\n<li>Konfigurace m\u00edsy: Vyberte si podle sv\u00fdch preferenc\u00ed konfiguraci s jednou nebo dv\u011bma miskami.<\/li>\n<li>M\u011b\u0159idlo: Siln\u011bj\u0161\u00ed rozte\u010d znamen\u00e1 odoln\u011bj\u0161\u00ed d\u0159ez.<\/li>\n<li>Povrchov\u00e1 \u00faprava: Vyberte si povrchovou \u00fapravu, kter\u00e1 lad\u00ed se stylem va\u0161\u00ed kuchyn\u011b, nap\u0159\u00edklad kart\u00e1\u010dovanou nebo le\u0161t\u011bnou nerezovou ocel.<\/li>\n<\/ul>\n<p><strong><b>Instalace:<\/b><\/strong><\/p>\n<p>Pe\u010dliv\u00fdm zv\u00e1\u017een\u00edm t\u011bchto faktor\u016f m\u016f\u017eete vybrat ide\u00e1ln\u00ed d\u0159ez s nerezovou z\u00e1st\u011brou, kter\u00fd pozvedne styl a funk\u010dnost va\u0161\u00ed kuchyn\u011b.<\/p>","protected":false},"excerpt":{"rendered":"<p>Celkov\u00e1 velikost: 33*22*10 palc\u016f \/ 838*559*254 mm<\/p>\n<p>Velikost m\u00edsy: 788*420\/330*452 mm<\/p>\n<p>Velikost v\u00fd\u0159ezu: 839*503 mm<\/p>\n<p>Radi\u00e1ln\u00ed roh : R10<\/p>","protected":false},"featured_media":2430,"template":"","meta":[],"product_brand":[],"product_cat":[54],"product_tag":[],"class_list":{"0":"post-2429","1":"product","2":"type-product","3":"status-publish","4":"has-post-thumbnail","6":"product_cat-apron-sink-1","8":"first","9":"instock","10":"shipping-taxable","11":"product-type-simple"},"_links":{"self":[{"href":"https:\/\/sinkwithfaucet.com\/cs\/wp-json\/wp\/v2\/product\/2429","targetHints":{"allow":["GET"]}}],"collection":[{"href":"https:\/\/sinkwithfaucet.com\/cs\/wp-json\/wp\/v2\/product"}],"about":[{"href":"https:\/\/sinkwithfaucet.com\/cs\/wp-json\/wp\/v2\/types\/product"}],"wp:featuredmedia":[{"embeddable":true,"href":"https:\/\/sinkwithfaucet.com\/cs\/wp-json\/wp\/v2\/media\/2430"}],"wp:attachment":[{"href":"https:\/\/sinkwithfaucet.com\/cs\/wp-json\/wp\/v2\/media?parent=2429"}],"wp:term":[{"taxonomy":"product_brand","embeddable":true,"href":"https:\/\/sinkwithfaucet.com\/cs\/wp-json\/wp\/v2\/product_brand?post=2429"},{"taxonomy":"product_cat","embeddable":true,"href":"https:\/\/sinkwithfaucet.com\/cs\/wp-json\/wp\/v2\/product_cat?post=2429"},{"taxonomy":"product_tag","embeddable":true,"href":"https:\/\/sinkwithfaucet.com\/cs\/wp-json\/wp\/v2\/product_tag?post=2429"}],"curies":[{"name":"wp","href":"https:\/\/api.w.org\/{rel}","templated":true}]}}