{"id":2427,"date":"2024-11-04T06:16:23","date_gmt":"2024-11-04T06:16:23","guid":{"rendered":"https:\/\/sinkwithfaucet.com\/?post_type=product&#038;p=2427"},"modified":"2024-11-04T06:16:23","modified_gmt":"2024-11-04T06:16:23","slug":"stainless-steel-apron-sink-3022sa","status":"publish","type":"product","link":"https:\/\/sinkwithfaucet.com\/cs\/stainless-steel-apron-sink-3022sa\/","title":{"rendered":"Nerezov\u00fd z\u00e1st\u011brov\u00fd d\u0159ez 3022SA"},"content":{"rendered":"<h2 data-sourcepos=\"1:1-1:56\">D\u0159ezy z nerezov\u00e9 oceli: Nad\u010dasov\u00e1 klasika<\/h2>\n<p data-sourcepos=\"3:1-3:252\">Nerezov\u00e9 z\u00e1st\u011brov\u00e9 d\u0159ezy jsou obl\u00edbenou volbou pro majitele dom\u016f, kte\u0159\u00ed cht\u011bj\u00ed stylovou a funk\u010dn\u00ed kuchyni. Tyto velk\u00e9 a hlubok\u00e9 d\u0159ezy, \u010dasto ozna\u010dovan\u00e9 jako \"farm\u00e1\u0159sk\u00e9 d\u0159ezy\", maj\u00ed v\u00fdraznou p\u0159edn\u00ed \u010d\u00e1st z\u00e1st\u011bry, kter\u00e1 p\u0159esahuje pracovn\u00ed desku.<\/p>\n<p data-sourcepos=\"5:1-5:54\"><strong>Kl\u00ed\u010dov\u00e9 vlastnosti nerezov\u00fdch d\u0159ez\u016f s p\u0159edn\u00ed z\u00e1st\u011brou:<\/strong><\/p>\n<ul data-sourcepos=\"7:1-11:0\">\n<li data-sourcepos=\"7:1-7:64\"><strong>Prostorn\u00e1 m\u00edsa:<\/strong> Dostatek prostoru pro myt\u00ed velk\u00fdch hrnc\u016f a p\u00e1nv\u00ed.<\/li>\n<li data-sourcepos=\"8:1-8:86\"><strong>Stylov\u00fd design:<\/strong> P\u0159edn\u00ed strana z\u00e1st\u011bry dod\u00e1 va\u0161\u00ed kuchyni klasick\u00fd a elegantn\u00ed vzhled.<\/li>\n<li data-sourcepos=\"9:1-9:92\"><strong>Odolnost:<\/strong> Vyrobeno z vysoce kvalitn\u00ed nerezov\u00e9 oceli, kter\u00e1 zaru\u010duje dlouhou \u017eivotnost.<\/li>\n<li data-sourcepos=\"10:1-11:0\"><strong>Snadno se \u010dist\u00ed:<\/strong> Hladk\u00fd povrch se snadno udr\u017euje a dezinfikuje.<\/li>\n<\/ul>\n<p data-sourcepos=\"12:1-12:68\"><strong>\u00davahy p\u0159i v\u00fdb\u011bru d\u0159ezu z nerezov\u00e9 oceli:<\/strong><\/p>\n<ul data-sourcepos=\"14:1-19:0\">\n<li data-sourcepos=\"14:1-14:73\"><strong>Velikost:<\/strong> Vyberte si velikost, kter\u00e1 odpov\u00edd\u00e1 uspo\u0159\u00e1d\u00e1n\u00ed va\u0161\u00ed kuchyn\u011b a va\u0161im pot\u0159eb\u00e1m.<\/li>\n<li data-sourcepos=\"15:1-15:97\"><strong>Konfigurace m\u00edsy:<\/strong> Podle sv\u00fdch preferenc\u00ed si vyberte konfiguraci s jednou nebo dv\u011bma m\u00edsami.<\/li>\n<li data-sourcepos=\"16:1-16:59\"><strong>M\u011b\u0159idlo:<\/strong> Siln\u011bj\u0161\u00ed rozte\u010d znamen\u00e1 odoln\u011bj\u0161\u00ed d\u0159ez.<\/li>\n<li data-sourcepos=\"17:1-17:113\"><strong>Dokon\u010den\u00ed:<\/strong> Vyberte si povrchovou \u00fapravu, kter\u00e1 dopln\u00ed styl va\u0161\u00ed kuchyn\u011b, nap\u0159\u00edklad kart\u00e1\u010dovanou nebo le\u0161t\u011bnou nerezovou ocel.<\/li>\n<li data-sourcepos=\"18:1-19:0\"><strong>Instalace:<\/strong> Zva\u017ete instalaci pod om\u00edtku nebo na horn\u00ed desku.<\/li>\n<\/ul>\n<p data-sourcepos=\"20:1-20:150\">Pe\u010dliv\u00fdm zv\u00e1\u017een\u00edm t\u011bchto faktor\u016f m\u016f\u017eete vybrat dokonal\u00fd d\u0159ez s nerezovou z\u00e1st\u011brou, kter\u00fd zv\u00fd\u0161\u00ed styl a funk\u010dnost va\u0161\u00ed kuchyn\u011b.<\/p>","protected":false},"excerpt":{"rendered":"<p>Celkov\u00e1 velikost: 30*22*10 palc\u016f \/ 762*559*254 mm<\/p>\n<p>Velikost m\u00edsy: 712*451 mm<\/p>\n<p>Velikost v\u00fd\u0159ezu: 763*503 mm<\/p>\n<p>Radi\u00e1ln\u00ed roh : R10<\/p>","protected":false},"featured_media":2428,"template":"","meta":[],"product_brand":[],"product_cat":[54],"product_tag":[],"class_list":{"0":"post-2427","1":"product","2":"type-product","3":"status-publish","4":"has-post-thumbnail","6":"product_cat-apron-sink-1","8":"first","9":"instock","10":"shipping-taxable","11":"product-type-simple"},"_links":{"self":[{"href":"https:\/\/sinkwithfaucet.com\/cs\/wp-json\/wp\/v2\/product\/2427","targetHints":{"allow":["GET"]}}],"collection":[{"href":"https:\/\/sinkwithfaucet.com\/cs\/wp-json\/wp\/v2\/product"}],"about":[{"href":"https:\/\/sinkwithfaucet.com\/cs\/wp-json\/wp\/v2\/types\/product"}],"wp:featuredmedia":[{"embeddable":true,"href":"https:\/\/sinkwithfaucet.com\/cs\/wp-json\/wp\/v2\/media\/2428"}],"wp:attachment":[{"href":"https:\/\/sinkwithfaucet.com\/cs\/wp-json\/wp\/v2\/media?parent=2427"}],"wp:term":[{"taxonomy":"product_brand","embeddable":true,"href":"https:\/\/sinkwithfaucet.com\/cs\/wp-json\/wp\/v2\/product_brand?post=2427"},{"taxonomy":"product_cat","embeddable":true,"href":"https:\/\/sinkwithfaucet.com\/cs\/wp-json\/wp\/v2\/product_cat?post=2427"},{"taxonomy":"product_tag","embeddable":true,"href":"https:\/\/sinkwithfaucet.com\/cs\/wp-json\/wp\/v2\/product_tag?post=2427"}],"curies":[{"name":"wp","href":"https:\/\/api.w.org\/{rel}","templated":true}]}}