{"id":2425,"date":"2024-11-04T06:09:13","date_gmt":"2024-11-04T06:09:13","guid":{"rendered":"https:\/\/sinkwithfaucet.com\/?post_type=product&#038;p=2425"},"modified":"2024-11-04T06:09:28","modified_gmt":"2024-11-04T06:09:28","slug":"matte-black-kitchen-sink-9246","status":"publish","type":"product","link":"https:\/\/sinkwithfaucet.com\/cs\/matte-black-kitchen-sink-9246\/","title":{"rendered":"Matn\u00fd \u010dern\u00fd kuchy\u0148sk\u00fd d\u0159ez 9246"},"content":{"rendered":"<h2 data-sourcepos=\"1:1-1:55\">Matn\u00e9 \u010dern\u00e9 kuchy\u0148sk\u00e9 d\u0159ezy: Modern\u00ed a elegantn\u00ed volba<\/h2>\n<p data-sourcepos=\"3:1-3:165\">Matn\u00e9 \u010dern\u00e9 kuchy\u0148sk\u00e9 d\u0159ezy jsou st\u00e1le obl\u00edben\u011bj\u0161\u00ed d\u00edky sv\u00e9mu stylov\u00e9mu a modern\u00edmu vzhledu. Mohou dodat n\u00e1dech sofistikovanosti ka\u017ed\u00e9mu designu kuchyn\u011b.<\/p>\n<p data-sourcepos=\"5:1-5:46\"><strong>Kl\u00ed\u010dov\u00e9 vlastnosti:<\/strong><\/p>\n<ul data-sourcepos=\"7:1-11:0\">\n<li data-sourcepos=\"7:1-7:100\"><strong>Elegantn\u00ed a modern\u00ed estetika:<\/strong> Matn\u00e1 \u010dern\u00e1 povrchov\u00e1 \u00faprava p\u016fsob\u00ed modern\u011b a minimalisticky.<\/li>\n<li data-sourcepos=\"8:1-8:107\"><strong>Odolnost proti otisk\u016fm prst\u016f:<\/strong> Matn\u00fd povrch pom\u00e1h\u00e1 minimalizovat viditelnost otisk\u016f prst\u016f a \u0161mouh.<\/li>\n<li data-sourcepos=\"9:1-9:99\"><strong>Odolnost a dlouh\u00e1 \u017eivotnost:<\/strong> Vyrobeno z vysoce kvalitn\u00edch materi\u00e1l\u016f, jako je nerezov\u00e1 ocel nebo kompozit.<\/li>\n<li data-sourcepos=\"10:1-11:0\"><strong>V\u0161estrannost:<\/strong> K dispozici jsou r\u016fzn\u00e9 styly, v\u010detn\u011b podom\u00edtkov\u00e9ho, horn\u00edho a farm\u00e1\u0159sk\u00e9ho.<\/li>\n<\/ul>\n<p data-sourcepos=\"12:1-12:60\"><strong>\u00davahy p\u0159i v\u00fdb\u011bru matn\u00e9ho \u010dern\u00e9ho kuchy\u0148sk\u00e9ho d\u0159ezu:<\/strong><\/p>\n<ul data-sourcepos=\"14:1-19:0\">\n<li data-sourcepos=\"14:1-14:76\"><strong>Materi\u00e1l:<\/strong> Vyberte si odoln\u00fd materi\u00e1l, nap\u0159\u00edklad nerezovou ocel nebo kompozit.<\/li>\n<li data-sourcepos=\"15:1-15:78\"><strong>Dokon\u010den\u00ed:<\/strong> Zajist\u011bte, aby byl matn\u00fd \u010dern\u00fd povrch konzistentn\u00ed a kvalitn\u00ed.<\/li>\n<li data-sourcepos=\"16:1-16:86\"><strong>Velikost a tvar:<\/strong> Vyberte si velikost a tvar, kter\u00e9 odpov\u00eddaj\u00ed uspo\u0159\u00e1d\u00e1n\u00ed a pot\u0159eb\u00e1m va\u0161\u00ed kuchyn\u011b.<\/li>\n<li data-sourcepos=\"17:1-17:91\"><strong>Instalace:<\/strong> Zva\u017ete zp\u016fsob instalace, zda se jedn\u00e1 o podom\u00edtkovou nebo horn\u00ed mont\u00e1\u017e.<\/li>\n<li data-sourcepos=\"18:1-19:0\"><strong>\u00dadr\u017eba:<\/strong> Matn\u00e9 \u010dern\u00e9 d\u0159ezy jsou sice odoln\u00e9, ale pro zachov\u00e1n\u00ed jejich vzhledu je nezbytn\u00e9 pravideln\u00e9 \u010di\u0161t\u011bn\u00ed.<\/li>\n<\/ul>\n<p data-sourcepos=\"20:1-20:143\">Pe\u010dliv\u00fdm zv\u00e1\u017een\u00edm t\u011bchto faktor\u016f m\u016f\u017eete vybrat dokonal\u00fd matn\u00fd \u010dern\u00fd kuchy\u0148sk\u00fd d\u0159ez, kter\u00fd pozvedne styl a funk\u010dnost va\u0161\u00ed kuchyn\u011b.<\/p>","protected":false},"excerpt":{"rendered":"<p>Celkov\u00e1 velikost: 9200*460*230 mm<\/p>\n<p>Velikost m\u00edsy: 700*363 mm<\/p>\n<p>Velikost v\u00fd\u0159ezu: 896*436 mm<\/p>\n<p>Radi\u00e1ln\u00ed roh : R10<\/p>","protected":false},"featured_media":2426,"template":"","meta":[],"product_brand":[],"product_cat":[53],"product_tag":[],"class_list":{"0":"post-2425","1":"product","2":"type-product","3":"status-publish","4":"has-post-thumbnail","6":"product_cat-topmount-sink-1","8":"first","9":"instock","10":"shipping-taxable","11":"product-type-simple"},"_links":{"self":[{"href":"https:\/\/sinkwithfaucet.com\/cs\/wp-json\/wp\/v2\/product\/2425","targetHints":{"allow":["GET"]}}],"collection":[{"href":"https:\/\/sinkwithfaucet.com\/cs\/wp-json\/wp\/v2\/product"}],"about":[{"href":"https:\/\/sinkwithfaucet.com\/cs\/wp-json\/wp\/v2\/types\/product"}],"wp:featuredmedia":[{"embeddable":true,"href":"https:\/\/sinkwithfaucet.com\/cs\/wp-json\/wp\/v2\/media\/2426"}],"wp:attachment":[{"href":"https:\/\/sinkwithfaucet.com\/cs\/wp-json\/wp\/v2\/media?parent=2425"}],"wp:term":[{"taxonomy":"product_brand","embeddable":true,"href":"https:\/\/sinkwithfaucet.com\/cs\/wp-json\/wp\/v2\/product_brand?post=2425"},{"taxonomy":"product_cat","embeddable":true,"href":"https:\/\/sinkwithfaucet.com\/cs\/wp-json\/wp\/v2\/product_cat?post=2425"},{"taxonomy":"product_tag","embeddable":true,"href":"https:\/\/sinkwithfaucet.com\/cs\/wp-json\/wp\/v2\/product_tag?post=2425"}],"curies":[{"name":"wp","href":"https:\/\/api.w.org\/{rel}","templated":true}]}}