{"id":2418,"date":"2024-11-04T03:36:44","date_gmt":"2024-11-04T03:36:44","guid":{"rendered":"https:\/\/sinkwithfaucet.com\/?post_type=product&#038;p=2418"},"modified":"2024-11-04T03:36:44","modified_gmt":"2024-11-04T03:36:44","slug":"black-kitchen-sink-7647b","status":"publish","type":"product","link":"https:\/\/sinkwithfaucet.com\/cs\/black-kitchen-sink-7647b\/","title":{"rendered":"\u010cern\u00fd kuchy\u0148sk\u00fd d\u0159ez 7647B"},"content":{"rendered":"<h2 data-sourcepos=\"1:1-1:215\">\u010cern\u00e9 kuchy\u0148sk\u00e9 d\u0159ezy:<\/h2>\n<p data-sourcepos=\"1:1-1:215\">\u010cern\u00e9 kuchy\u0148sk\u00e9 d\u0159ezy jsou v posledn\u00edch letech st\u00e1le obl\u00edben\u011bj\u0161\u00ed a nab\u00edzej\u00ed modern\u00ed a sofistikovan\u00fd vzhled, kter\u00fd m\u016f\u017ee pozvednout design ka\u017ed\u00e9 kuchyn\u011b. Jsou k dispozici v r\u016fzn\u00fdch materi\u00e1lech a stylech.<\/p>\n<ul data-sourcepos=\"5:1-8:0\">\n<li data-sourcepos=\"5:1-5:89\"><strong>Elegantn\u00ed a modern\u00ed:<\/strong> Tmav\u00fd matn\u00fd povrch dod\u00e1 va\u0161\u00ed kuchyni modern\u00ed n\u00e1dech.<\/li>\n<li data-sourcepos=\"6:1-6:84\"><strong>Odoln\u00e9 a hygienick\u00e9:<\/strong> Nerezov\u00e1 ocel je odoln\u00fd a snadno se \u010dist\u00ed.<\/li>\n<li data-sourcepos=\"7:1-8:0\"><strong>Odolnost proti otisk\u016fm prst\u016f:<\/strong> Speci\u00e1ln\u00ed povlaky pom\u00e1haj\u00ed minimalizovat otisky prst\u016f a \u0161mouhy.<\/li>\n<\/ul>\n<p data-sourcepos=\"21:1-21:71\"><strong>P\u0159i v\u00fdb\u011bru \u010dern\u00e9ho kuchy\u0148sk\u00e9ho d\u0159ezu zva\u017ete n\u00e1sleduj\u00edc\u00ed faktory:<\/strong><\/p>\n<ul data-sourcepos=\"23:1-28:0\">\n<li data-sourcepos=\"23:1-23:67\"><strong>Materi\u00e1l:<\/strong> Vyberte si materi\u00e1l, kter\u00fd vyhovuje va\u0161emu stylu a rozpo\u010dtu.<\/li>\n<li data-sourcepos=\"24:1-24:76\"><strong>Velikost a tvar:<\/strong> Zvolte velikost a tvar, kter\u00e9 odpov\u00eddaj\u00ed uspo\u0159\u00e1d\u00e1n\u00ed va\u0161\u00ed kuchyn\u011b.<\/li>\n<li data-sourcepos=\"25:1-25:72\"><strong>Instalace:<\/strong> Rozhodn\u011bte se mezi instalac\u00ed pod om\u00edtku a instalac\u00ed nad om\u00edtku.<\/li>\n<li data-sourcepos=\"26:1-26:74\"><strong>Dokon\u010den\u00ed:<\/strong> Zva\u017ete konkr\u00e9tn\u00ed odst\u00edn \u010dern\u00e9 a \u00farove\u0148 lesku.<\/li>\n<li data-sourcepos=\"27:1-28:0\"><strong>\u00dadr\u017eba:<\/strong> Aby d\u0159ez vypadal co nejl\u00e9pe, dodr\u017eujte pokyny v\u00fdrobce k p\u00e9\u010di.<\/li>\n<\/ul>\n<p data-sourcepos=\"29:1-29:142\">Pe\u010dliv\u00fdm zv\u00e1\u017een\u00edm t\u011bchto faktor\u016f m\u016f\u017eete vybrat dokonal\u00fd \u010dern\u00fd d\u0159ez, kter\u00fd zv\u00fd\u0161\u00ed styl a funk\u010dnost va\u0161\u00ed kuchyn\u011b.<\/p>","protected":false},"excerpt":{"rendered":"<p>Celkov\u00e1 velikost: 760*470*230 mm<\/p>\n<p>Velikost m\u00edsy: 720*363 mm<\/p>\n<p>Velikost v\u00fd\u0159ezu: 736*446 mm<\/p>\n<p>Radi\u00e1ln\u00ed roh : R10<\/p>","protected":false},"featured_media":2419,"template":"","meta":[],"product_brand":[],"product_cat":[53],"product_tag":[],"class_list":{"0":"post-2418","1":"product","2":"type-product","3":"status-publish","4":"has-post-thumbnail","6":"product_cat-topmount-sink-1","8":"first","9":"instock","10":"shipping-taxable","11":"product-type-simple"},"_links":{"self":[{"href":"https:\/\/sinkwithfaucet.com\/cs\/wp-json\/wp\/v2\/product\/2418","targetHints":{"allow":["GET"]}}],"collection":[{"href":"https:\/\/sinkwithfaucet.com\/cs\/wp-json\/wp\/v2\/product"}],"about":[{"href":"https:\/\/sinkwithfaucet.com\/cs\/wp-json\/wp\/v2\/types\/product"}],"wp:featuredmedia":[{"embeddable":true,"href":"https:\/\/sinkwithfaucet.com\/cs\/wp-json\/wp\/v2\/media\/2419"}],"wp:attachment":[{"href":"https:\/\/sinkwithfaucet.com\/cs\/wp-json\/wp\/v2\/media?parent=2418"}],"wp:term":[{"taxonomy":"product_brand","embeddable":true,"href":"https:\/\/sinkwithfaucet.com\/cs\/wp-json\/wp\/v2\/product_brand?post=2418"},{"taxonomy":"product_cat","embeddable":true,"href":"https:\/\/sinkwithfaucet.com\/cs\/wp-json\/wp\/v2\/product_cat?post=2418"},{"taxonomy":"product_tag","embeddable":true,"href":"https:\/\/sinkwithfaucet.com\/cs\/wp-json\/wp\/v2\/product_tag?post=2418"}],"curies":[{"name":"wp","href":"https:\/\/api.w.org\/{rel}","templated":true}]}}