{"id":2413,"date":"2024-11-04T03:17:48","date_gmt":"2024-11-04T03:17:48","guid":{"rendered":"https:\/\/sinkwithfaucet.com\/?post_type=product&#038;p=2413"},"modified":"2024-11-04T06:17:09","modified_gmt":"2024-11-04T06:17:09","slug":"stainless-sink-3322so","status":"publish","type":"product","link":"https:\/\/sinkwithfaucet.com\/cs\/stainless-sink-3322so\/","title":{"rendered":"Nerezov\u00fd d\u0159ez 3322SO"},"content":{"rendered":"<h2 data-sourcepos=\"1:1-1:44\">Nerezov\u00e9 d\u0159ezy: Nad\u010dasov\u00e1 klasika<\/h2>\n<p data-sourcepos=\"3:1-3:251\">Nerezov\u00e9 d\u0159ezy jsou obl\u00edbenou volbou pro kuchyn\u011b d\u00edky sv\u00e9 odolnosti, hygieni\u010dnosti a modern\u00edmu estetick\u00e9mu vzhledu. Jsou vyrobeny ze slitiny kov\u016f, kter\u00e1 je odoln\u00e1 proti korozi, rzi a skvrn\u00e1m, tak\u017ee maj\u00ed dlouhou \u017eivotnost a snadno se \u010dist\u00ed.<\/p>\n<p data-sourcepos=\"18:1-18:38\"><strong>V\u00fdhody nerezov\u00fdch d\u0159ez\u016f:<\/strong><\/p>\n<ul data-sourcepos=\"20:1-24:0\">\n<li data-sourcepos=\"20:1-20:57\"><strong>Odolnost:<\/strong> Odolnost proti korozi, korozi a teplu.<\/li>\n<li data-sourcepos=\"21:1-21:42\"><strong>Hygiena:<\/strong> Snadno se \u010dist\u00ed a dezinfikuje.<\/li>\n<li data-sourcepos=\"22:1-22:86\"><strong>Styl:<\/strong> K dispozici jsou r\u016fzn\u00e9 povrchov\u00e9 \u00fapravy a styly, kter\u00e9 se hod\u00ed k jak\u00e9mukoli interi\u00e9ru kuchyn\u011b.<\/li>\n<li data-sourcepos=\"23:1-24:0\"><strong>V\u0161estrannost:<\/strong> Vhodn\u00e9 pro obytn\u00e9 i komer\u010dn\u00ed kuchyn\u011b.<\/li>\n<\/ul>\n<p data-sourcepos=\"25:1-25:56\"><strong>\u00davahy p\u0159i v\u00fdb\u011bru d\u0159ezu z nerezov\u00e9 oceli:<\/strong><\/p>\n<ul data-sourcepos=\"27:1-31:0\">\n<li data-sourcepos=\"27:1-27:90\"><strong>M\u011b\u0159idlo:<\/strong> Tlou\u0161\u0165ka nerezov\u00e9 oceli, p\u0159i\u010dem\u017e siln\u011bj\u0161\u00ed tlou\u0161\u0165ky jsou odoln\u011bj\u0161\u00ed.<\/li>\n<li data-sourcepos=\"28:1-28:85\"><strong>Dokon\u010den\u00ed:<\/strong> M\u016f\u017eete si vybrat z r\u016fzn\u00fdch povrchov\u00fdch \u00faprav, nap\u0159\u00edklad kart\u00e1\u010dovan\u00e9, le\u0161t\u011bn\u00e9 nebo sat\u00e9nov\u00e9.<\/li>\n<li data-sourcepos=\"29:1-29:73\"><strong>Velikost:<\/strong> Zvolte velikost, kter\u00e1 odpov\u00edd\u00e1 uspo\u0159\u00e1d\u00e1n\u00ed va\u0161\u00ed kuchyn\u011b a va\u0161im pot\u0159eb\u00e1m.<\/li>\n<li data-sourcepos=\"30:1-31:0\"><strong>Instalace:<\/strong> Zva\u017ete, zda chcete d\u0159ez pod om\u00edtku, nebo na horn\u00ed desku.<\/li>\n<\/ul>\n<p data-sourcepos=\"32:1-32:143\">Pe\u010dliv\u00fdm zv\u00e1\u017een\u00edm t\u011bchto faktor\u016f m\u016f\u017eete vybrat dokonal\u00fd nerezov\u00fd d\u0159ez, kter\u00fd zv\u00fd\u0161\u00ed funk\u010dnost a styl va\u0161\u00ed kuchyn\u011b.<\/p>","protected":false},"excerpt":{"rendered":"<p>Celkov\u00e1 velikost: 33*22*10 palc\u016f \/ 838*559*254 mm<\/p>\n<p>Velikost m\u00edsy: 768*394 mm<\/p>\n<p>Velikost v\u00fd\u0159ezu: 814*535 mm<\/p>\n<p>Radi\u00e1nov\u00fd \u00faheln\u00edk : R0<\/p>","protected":false},"featured_media":2414,"template":"","meta":[],"product_brand":[],"product_cat":[53],"product_tag":[],"class_list":{"0":"post-2413","1":"product","2":"type-product","3":"status-publish","4":"has-post-thumbnail","6":"product_cat-topmount-sink-1","8":"first","9":"instock","10":"shipping-taxable","11":"product-type-simple"},"_links":{"self":[{"href":"https:\/\/sinkwithfaucet.com\/cs\/wp-json\/wp\/v2\/product\/2413","targetHints":{"allow":["GET"]}}],"collection":[{"href":"https:\/\/sinkwithfaucet.com\/cs\/wp-json\/wp\/v2\/product"}],"about":[{"href":"https:\/\/sinkwithfaucet.com\/cs\/wp-json\/wp\/v2\/types\/product"}],"wp:featuredmedia":[{"embeddable":true,"href":"https:\/\/sinkwithfaucet.com\/cs\/wp-json\/wp\/v2\/media\/2414"}],"wp:attachment":[{"href":"https:\/\/sinkwithfaucet.com\/cs\/wp-json\/wp\/v2\/media?parent=2413"}],"wp:term":[{"taxonomy":"product_brand","embeddable":true,"href":"https:\/\/sinkwithfaucet.com\/cs\/wp-json\/wp\/v2\/product_brand?post=2413"},{"taxonomy":"product_cat","embeddable":true,"href":"https:\/\/sinkwithfaucet.com\/cs\/wp-json\/wp\/v2\/product_cat?post=2413"},{"taxonomy":"product_tag","embeddable":true,"href":"https:\/\/sinkwithfaucet.com\/cs\/wp-json\/wp\/v2\/product_tag?post=2413"}],"curies":[{"name":"wp","href":"https:\/\/api.w.org\/{rel}","templated":true}]}}