{"id":2405,"date":"2024-11-04T02:44:36","date_gmt":"2024-11-04T02:44:36","guid":{"rendered":"https:\/\/sinkwithfaucet.com\/?post_type=product&#038;p=2405"},"modified":"2024-11-04T02:45:56","modified_gmt":"2024-11-04T02:45:56","slug":"above-counter-sink-8151sdo","status":"publish","type":"product","link":"https:\/\/sinkwithfaucet.com\/cs\/above-counter-sink-8151sdo\/","title":{"rendered":"D\u0159ez nad pultem 8151SDO"},"content":{"rendered":"<h2 data-sourcepos=\"1:1-1:51\">D\u0159ezy nad pultem: Stylov\u00e1 a modern\u00ed volba<\/h2>\n<p data-sourcepos=\"3:1-3:194\"><strong>D\u0159ezy nad pultem<\/strong>, zn\u00e1m\u00e9 tak\u00e9 jako umyvadla s n\u00e1dobou, jsou obl\u00edbenou volbou pro design koupelen i kuchyn\u00ed. Sed\u00ed na horn\u00ed \u010d\u00e1sti desky a vytv\u00e1\u0159ej\u00ed jedine\u010dn\u00fd a poutav\u00fd \u00fast\u0159edn\u00ed bod.<\/p>\n<p data-sourcepos=\"5:1-5:40\"><strong>Kl\u00ed\u010dov\u00e9 vlastnosti nadd\u0159ez\u016f:<\/strong><\/p>\n<ul data-sourcepos=\"7:1-11:0\">\n<li data-sourcepos=\"7:1-7:88\"><strong>Stylov\u00fd design:<\/strong> K dispozici je \u0161irok\u00e1 \u0161k\u00e1la styl\u016f, od klasick\u00fdch a\u017e po modern\u00ed.<\/li>\n<li data-sourcepos=\"8:1-8:78\"><strong>Snadn\u00e1 instalace:<\/strong> Jednoduch\u00e1 instalace na st\u00e1vaj\u00edc\u00ed pracovn\u00ed desku.<\/li>\n<li data-sourcepos=\"9:1-9:72\"><strong>R\u016fzn\u00e9 materi\u00e1ly:<\/strong> Vyberte si z keramiky, skla, kamene nebo kovu.<\/li>\n<li data-sourcepos=\"10:1-11:0\"><strong>P\u0159izp\u016fsoben\u00ed:<\/strong> Lze je p\u0159izp\u016fsobit va\u0161im konkr\u00e9tn\u00edm pot\u0159eb\u00e1m a preferenc\u00edm.<\/li>\n<\/ul>\n<p data-sourcepos=\"12:1-12:55\"><strong>\u00davahy p\u0159i v\u00fdb\u011bru d\u0159ezu nad kuchy\u0148skou linkou:<\/strong><\/p>\n<ul data-sourcepos=\"14:1-18:0\">\n<li data-sourcepos=\"14:1-14:144\"><strong>Velikost a tvar:<\/strong> Zva\u017ete velikost a tvar umyvadla, aby se hodilo k va\u0161\u00ed desce a doplnilo design va\u0161\u00ed koupelny nebo kuchyn\u011b.<\/li>\n<li data-sourcepos=\"15:1-15:82\"><strong>Materi\u00e1l:<\/strong> Vyberte si odoln\u00fd a snadno \u010distiteln\u00fd materi\u00e1l, kter\u00fd vyhovuje va\u0161emu stylu.<\/li>\n<li data-sourcepos=\"16:1-16:87\"><strong>Vodovodn\u00ed baterie:<\/strong> Vyberte baterii, kter\u00e1 je kompatibiln\u00ed s v\u00fd\u0161kou a stylem umyvadla.<\/li>\n<li data-sourcepos=\"17:1-18:0\"><strong>Instalace:<\/strong> Zajist\u011bte spr\u00e1vnou instalaci, abyste zabr\u00e1nili po\u0161kozen\u00ed vodou a zajistili optim\u00e1ln\u00ed funk\u010dnost.<\/li>\n<\/ul>\n<p data-sourcepos=\"19:1-19:143\"><strong>Pe\u010dliv\u00fdm zv\u00e1\u017een\u00edm t\u011bchto faktor\u016f m\u016f\u017eete vybrat dokonal\u00e9 umyvadlo nad pracovn\u00ed desku, kter\u00e9 pozvedne styl a funk\u010dnost va\u0161eho prostoru.<\/strong><\/p>","protected":false},"excerpt":{"rendered":"<p>Celkov\u00e1 velikost: 810*510*220 mm<\/p>\n<p>Velikost m\u00edsy: 400 * 400 mm<\/p>\n<p>Velikost v\u00fd\u0159ezu: 785*485 mm<\/p>\n<p>Radi\u00e1ln\u00ed roh : R10<\/p>","protected":false},"featured_media":2406,"template":"","meta":[],"product_brand":[],"product_cat":[53],"product_tag":[],"class_list":{"0":"post-2405","1":"product","2":"type-product","3":"status-publish","4":"has-post-thumbnail","6":"product_cat-topmount-sink-1","8":"first","9":"instock","10":"shipping-taxable","11":"product-type-simple"},"_links":{"self":[{"href":"https:\/\/sinkwithfaucet.com\/cs\/wp-json\/wp\/v2\/product\/2405","targetHints":{"allow":["GET"]}}],"collection":[{"href":"https:\/\/sinkwithfaucet.com\/cs\/wp-json\/wp\/v2\/product"}],"about":[{"href":"https:\/\/sinkwithfaucet.com\/cs\/wp-json\/wp\/v2\/types\/product"}],"wp:featuredmedia":[{"embeddable":true,"href":"https:\/\/sinkwithfaucet.com\/cs\/wp-json\/wp\/v2\/media\/2406"}],"wp:attachment":[{"href":"https:\/\/sinkwithfaucet.com\/cs\/wp-json\/wp\/v2\/media?parent=2405"}],"wp:term":[{"taxonomy":"product_brand","embeddable":true,"href":"https:\/\/sinkwithfaucet.com\/cs\/wp-json\/wp\/v2\/product_brand?post=2405"},{"taxonomy":"product_cat","embeddable":true,"href":"https:\/\/sinkwithfaucet.com\/cs\/wp-json\/wp\/v2\/product_cat?post=2405"},{"taxonomy":"product_tag","embeddable":true,"href":"https:\/\/sinkwithfaucet.com\/cs\/wp-json\/wp\/v2\/product_tag?post=2405"}],"curies":[{"name":"wp","href":"https:\/\/api.w.org\/{rel}","templated":true}]}}