{"id":2403,"date":"2024-11-04T02:39:18","date_gmt":"2024-11-04T02:39:18","guid":{"rendered":"https:\/\/sinkwithfaucet.com\/?post_type=product&#038;p=2403"},"modified":"2024-11-04T02:39:18","modified_gmt":"2024-11-04T02:39:18","slug":"black-stainless-steel-kitchen-sink-7843","status":"publish","type":"product","link":"https:\/\/sinkwithfaucet.com\/cs\/black-stainless-steel-kitchen-sink-7843\/","title":{"rendered":"\u010cern\u00fd nerezov\u00fd kuchy\u0148sk\u00fd d\u0159ez 7843"},"content":{"rendered":"<h2 data-sourcepos=\"1:1-1:57\">\u010cern\u00e9 nerezov\u00e9 kuchy\u0148sk\u00e9 d\u0159ezy: Modern\u00ed a elegantn\u00ed volba<\/h2>\n<p data-sourcepos=\"3:1-3:231\">\u010cern\u00e9 nerezov\u00e9 d\u0159ezy jsou v posledn\u00edch letech st\u00e1le obl\u00edben\u011bj\u0161\u00ed a p\u0159edstavuj\u00ed stylovou a modern\u00ed alternativu k tradi\u010dn\u00ed nerezov\u00e9 oceli. Tato jedine\u010dn\u00e1 povrchov\u00e1 \u00faprava dod\u00e1 ka\u017ed\u00e9 kuchyni n\u00e1dech sofistikovanosti a elegance.<\/p>\n<p data-sourcepos=\"5:1-5:48\"><strong>Kl\u00ed\u010dov\u00e9 vlastnosti \u010dern\u00fdch nerezov\u00fdch d\u0159ez\u016f:<\/strong><\/p>\n<ul data-sourcepos=\"7:1-11:0\">\n<li data-sourcepos=\"7:1-7:93\"><strong>Modern\u00ed estetika:<\/strong> Tmav\u00e1, elegantn\u00ed povrchov\u00e1 \u00faprava p\u016fsob\u00ed modern\u011b a sofistikovan\u011b.<\/li>\n<li data-sourcepos=\"8:1-8:92\"><strong>Odolnost:<\/strong> Vyrobeno z vysoce kvalitn\u00ed nerezov\u00e9 oceli, kter\u00e1 zaru\u010duje dlouhou \u017eivotnost.<\/li>\n<li data-sourcepos=\"9:1-9:113\"><strong>Odolnost proti otisk\u016fm prst\u016f:<\/strong> Speci\u00e1ln\u00ed povlaky pom\u00e1haj\u00ed minimalizovat otisky prst\u016f a \u0161mouhy, co\u017e usnad\u0148uje \u010di\u0161t\u011bn\u00ed.<\/li>\n<li data-sourcepos=\"10:1-11:0\"><strong>R\u016fzn\u00e9 styly:<\/strong> K dispozici jsou r\u016fzn\u00e9 typy, v\u010detn\u011b podom\u00edtkov\u00fdch, horn\u00edch a farm\u00e1\u0159sk\u00fdch d\u0159ez\u016f.<\/li>\n<\/ul>\n<p data-sourcepos=\"12:1-12:62\"><strong>\u00davahy p\u0159i v\u00fdb\u011bru \u010dern\u00e9ho nerezov\u00e9ho d\u0159ezu:<\/strong><\/p>\n<ul data-sourcepos=\"14:1-18:0\">\n<li data-sourcepos=\"14:1-14:120\"><strong>Dokon\u010den\u00ed:<\/strong> Vyberte si povrchovou \u00fapravu, kter\u00e1 dopln\u00ed celkov\u00fd styl va\u0161\u00ed kuchyn\u011b, nap\u0159\u00edklad matnou \u010dernou nebo kart\u00e1\u010dovanou \u010dernou ocel.<\/li>\n<li data-sourcepos=\"15:1-15:75\"><strong>Velikost:<\/strong> Vyberte si velikost, kter\u00e1 odpov\u00edd\u00e1 va\u0161im specifick\u00fdm pot\u0159eb\u00e1m a uspo\u0159\u00e1d\u00e1n\u00ed kuchyn\u011b.<\/li>\n<li data-sourcepos=\"16:1-16:91\"><strong>Instalace:<\/strong> Zva\u017ete zp\u016fsob instalace, zda se jedn\u00e1 o podom\u00edtkovou nebo horn\u00ed mont\u00e1\u017e.<\/li>\n<li data-sourcepos=\"17:1-18:0\"><strong>\u00dadr\u017eba:<\/strong> \u010cern\u00e1 nerezov\u00e1 ocel je sice odoln\u00e1, ale pro zachov\u00e1n\u00ed jej\u00edho vzhledu je nezbytn\u00e9 pravideln\u00e9 \u010di\u0161t\u011bn\u00ed.<\/li>\n<\/ul>\n<p data-sourcepos=\"19:1-19:149\">Pe\u010dliv\u00fdm zv\u00e1\u017een\u00edm t\u011bchto faktor\u016f m\u016f\u017eete vybrat dokonal\u00fd \u010dern\u00fd nerezov\u00fd d\u0159ez, kter\u00fd zv\u00fd\u0161\u00ed styl a funk\u010dnost va\u0161\u00ed kuchyn\u011b.<\/p>","protected":false},"excerpt":{"rendered":"<p>Celkov\u00e1 velikost: 780*430*220 mm<\/p>\n<p>Velikost m\u00edsy: 740*381 mm<\/p>\n<p>Velikost v\u00fd\u0159ezu: 740*381 mm<\/p>\n<p>Radi\u00e1ln\u00ed roh : R10<\/p>","protected":false},"featured_media":2404,"template":"","meta":[],"product_brand":[],"product_cat":[52],"product_tag":[],"class_list":{"0":"post-2403","1":"product","2":"type-product","3":"status-publish","4":"has-post-thumbnail","6":"product_cat-undermount-sink-1","8":"first","9":"instock","10":"shipping-taxable","11":"product-type-simple"},"_links":{"self":[{"href":"https:\/\/sinkwithfaucet.com\/cs\/wp-json\/wp\/v2\/product\/2403","targetHints":{"allow":["GET"]}}],"collection":[{"href":"https:\/\/sinkwithfaucet.com\/cs\/wp-json\/wp\/v2\/product"}],"about":[{"href":"https:\/\/sinkwithfaucet.com\/cs\/wp-json\/wp\/v2\/types\/product"}],"wp:featuredmedia":[{"embeddable":true,"href":"https:\/\/sinkwithfaucet.com\/cs\/wp-json\/wp\/v2\/media\/2404"}],"wp:attachment":[{"href":"https:\/\/sinkwithfaucet.com\/cs\/wp-json\/wp\/v2\/media?parent=2403"}],"wp:term":[{"taxonomy":"product_brand","embeddable":true,"href":"https:\/\/sinkwithfaucet.com\/cs\/wp-json\/wp\/v2\/product_brand?post=2403"},{"taxonomy":"product_cat","embeddable":true,"href":"https:\/\/sinkwithfaucet.com\/cs\/wp-json\/wp\/v2\/product_cat?post=2403"},{"taxonomy":"product_tag","embeddable":true,"href":"https:\/\/sinkwithfaucet.com\/cs\/wp-json\/wp\/v2\/product_tag?post=2403"}],"curies":[{"name":"wp","href":"https:\/\/api.w.org\/{rel}","templated":true}]}}