{"id":2401,"date":"2024-11-04T02:18:10","date_gmt":"2024-11-04T02:18:10","guid":{"rendered":"https:\/\/sinkwithfaucet.com\/?post_type=product&#038;p=2401"},"modified":"2024-11-04T02:18:10","modified_gmt":"2024-11-04T02:18:10","slug":"flat-sink-8348dr","status":"publish","type":"product","link":"https:\/\/sinkwithfaucet.com\/cs\/flat-sink-8348dr\/","title":{"rendered":"Ploch\u00fd d\u0159ez 8348DR"},"content":{"rendered":"<h2 data-sourcepos=\"1:1-1:45\">Ploch\u00e9 d\u0159ezy: Minimalistick\u00e1 a modern\u00ed volba<\/h2>\n<p data-sourcepos=\"3:1-3:191\">Ploch\u00e9 d\u0159ezy jsou minimalistickou a modern\u00ed designovou volbou pro kuchyn\u011b a koupelny. Vyzna\u010duj\u00ed se ploch\u00fdm, ni\u010d\u00edm neru\u0161en\u00fdm umyvadlem, \u010dasto vyroben\u00fdm z materi\u00e1l\u016f, jako je nerezov\u00e1 ocel nebo keramika.<\/p>\n<p data-sourcepos=\"5:1-5:31\"><strong>Kl\u00ed\u010dov\u00e9 vlastnosti:<\/strong><\/p>\n<ul data-sourcepos=\"7:1-11:0\">\n<li data-sourcepos=\"7:1-7:83\"><strong>Minimalistick\u00e1 estetika:<\/strong> \u010cist\u00fd, ploch\u00fd design p\u016fsob\u00ed elegantn\u011b a modern\u011b.<\/li>\n<li data-sourcepos=\"8:1-8:96\"><strong>Snadno se \u010dist\u00ed:<\/strong> Hladk\u00fd povrch se snadno ot\u00edr\u00e1, co\u017e omezuje hromad\u011bn\u00ed bakteri\u00ed.<\/li>\n<li data-sourcepos=\"9:1-9:61\"><strong>\u00daspora m\u00edsta:<\/strong> Kompaktn\u00ed design dok\u00e1\u017ee optimalizovat mal\u00e9 prostory.<\/li>\n<li data-sourcepos=\"10:1-11:0\"><strong>Jedine\u010dn\u00fd styl:<\/strong> Dod\u00e1 va\u0161\u00ed koupeln\u011b nebo kuchyni osobit\u00fd n\u00e1dech.<\/li>\n<\/ul>\n<p data-sourcepos=\"12:1-12:45\"><strong>\u00davahy p\u0159i v\u00fdb\u011bru ploch\u00e9ho d\u0159ezu:<\/strong><\/p>\n<ul data-sourcepos=\"14:1-18:0\">\n<li data-sourcepos=\"14:1-14:79\"><strong>Odvodn\u011bn\u00ed:<\/strong> Zajist\u011bte, aby m\u011bl d\u0159ez dostate\u010dn\u00fd odtok vody, aby se zabr\u00e1nilo jej\u00edmu hromad\u011bn\u00ed.<\/li>\n<li data-sourcepos=\"15:1-15:92\"><strong>Materi\u00e1l:<\/strong> Vyberte si odoln\u00fd a snadno \u010distiteln\u00fd materi\u00e1l, jako je nerezov\u00e1 ocel nebo keramika.<\/li>\n<li data-sourcepos=\"16:1-16:89\"><strong>Instalace:<\/strong> Zva\u017ete zp\u016fsob instalace, a\u0165 u\u017e pod om\u00edtku, nebo do z\u00e1suvky.<\/li>\n<li data-sourcepos=\"17:1-18:0\"><strong>Vodovodn\u00ed baterie:<\/strong> Vyberte baterii, kter\u00e1 dopl\u0148uje minimalistick\u00fd design umyvadla.<\/li>\n<\/ul>","protected":false},"excerpt":{"rendered":"<p>Celkov\u00e1 velikost: 33*19*10\/838*483*254 mm<\/p>\n<p>Velikost m\u00edsy: 381*397\/381*397 mm<\/p>\n<p>Velikost v\u00fd\u0159ezu: 788*433 mm<\/p>\n<p>Radi\u00e1ln\u00ed roh : R10<\/p>","protected":false},"featured_media":2402,"template":"","meta":[],"product_brand":[],"product_cat":[52],"product_tag":[],"class_list":{"0":"post-2401","1":"product","2":"type-product","3":"status-publish","4":"has-post-thumbnail","6":"product_cat-undermount-sink-1","8":"first","9":"instock","10":"shipping-taxable","11":"product-type-simple"},"_links":{"self":[{"href":"https:\/\/sinkwithfaucet.com\/cs\/wp-json\/wp\/v2\/product\/2401","targetHints":{"allow":["GET"]}}],"collection":[{"href":"https:\/\/sinkwithfaucet.com\/cs\/wp-json\/wp\/v2\/product"}],"about":[{"href":"https:\/\/sinkwithfaucet.com\/cs\/wp-json\/wp\/v2\/types\/product"}],"wp:featuredmedia":[{"embeddable":true,"href":"https:\/\/sinkwithfaucet.com\/cs\/wp-json\/wp\/v2\/media\/2402"}],"wp:attachment":[{"href":"https:\/\/sinkwithfaucet.com\/cs\/wp-json\/wp\/v2\/media?parent=2401"}],"wp:term":[{"taxonomy":"product_brand","embeddable":true,"href":"https:\/\/sinkwithfaucet.com\/cs\/wp-json\/wp\/v2\/product_brand?post=2401"},{"taxonomy":"product_cat","embeddable":true,"href":"https:\/\/sinkwithfaucet.com\/cs\/wp-json\/wp\/v2\/product_cat?post=2401"},{"taxonomy":"product_tag","embeddable":true,"href":"https:\/\/sinkwithfaucet.com\/cs\/wp-json\/wp\/v2\/product_tag?post=2401"}],"curies":[{"name":"wp","href":"https:\/\/api.w.org\/{rel}","templated":true}]}}