{"id":2394,"date":"2024-11-04T01:54:04","date_gmt":"2024-11-04T01:54:04","guid":{"rendered":"https:\/\/sinkwithfaucet.com\/?post_type=product&#038;p=2394"},"modified":"2024-11-04T01:55:37","modified_gmt":"2024-11-04T01:55:37","slug":"undermount-bar-sink-1144ddu","status":"publish","type":"product","link":"https:\/\/sinkwithfaucet.com\/cs\/undermount-bar-sink-1144ddu\/","title":{"rendered":"Barov\u00fd d\u0159ez 1144DDU"},"content":{"rendered":"<h2 data-sourcepos=\"1:1-1:50\">Barov\u00e9 d\u0159ezy: Elegantn\u00ed a modern\u00ed volba<\/h2>\n<p data-sourcepos=\"3:1-3:193\"><strong>Podom\u00edtkov\u00e9 barov\u00e9 d\u0159ezy<\/strong> jsou obl\u00edbenou volbou pro dom\u00e1c\u00ed bary, mokr\u00e9 bary a men\u0161\u00ed kuchy\u0148sk\u00e9 prostory. Jsou navr\u017eeny tak, aby se instalovaly pod pracovn\u00ed desku, a vytv\u00e1\u0159ej\u00ed tak celistv\u00fd a modern\u00ed vzhled.<\/p>\n<p data-sourcepos=\"5:1-5:41\"><strong>Kl\u00ed\u010dov\u00e9 vlastnosti:<\/strong><\/p>\n<ul data-sourcepos=\"7:1-11:0\">\n<li data-sourcepos=\"7:1-7:92\"><strong>Elegantn\u00ed design:<\/strong> Instalace pod om\u00edtku poskytuje \u010dist\u00fd a modern\u00ed estetick\u00fd vzhled.<\/li>\n<li data-sourcepos=\"8:1-8:119\"><strong>Snadno se \u010dist\u00ed:<\/strong> D\u00edky bezprobl\u00e9mov\u00e9mu spojen\u00ed s pracovn\u00ed deskou nevznikaj\u00ed mezery, ve kter\u00fdch by se mohly hromadit ne\u010distoty a zbytky.<\/li>\n<li data-sourcepos=\"9:1-9:58\"><strong>\u00daspora m\u00edsta:<\/strong> Kompaktn\u00ed velikost ide\u00e1ln\u00ed pro men\u0161\u00ed prostory.<\/li>\n<li data-sourcepos=\"10:1-11:0\"><strong>Odolnost:<\/strong> Obvykle se vyr\u00e1b\u00ed z vysoce kvalitn\u00ed nerezov\u00e9 oceli, kter\u00e1 zaji\u0161\u0165uje dlouhou \u017eivotnost.<\/li>\n<\/ul>\n<p data-sourcepos=\"12:1-12:56\"><strong>\u00davahy p\u0159i v\u00fdb\u011bru barov\u00e9ho d\u0159ezu:<\/strong><\/p>\n<ul data-sourcepos=\"14:1-18:0\">\n<li data-sourcepos=\"14:1-14:66\"><strong>Velikost:<\/strong> Vyberte si velikost, kter\u00e1 vyhovuje va\u0161emu konkr\u00e9tn\u00edmu prostoru a pot\u0159eb\u00e1m.<\/li>\n<li data-sourcepos=\"15:1-15:109\"><strong>Hloubka:<\/strong> Zva\u017ete hloubku d\u0159ezu pro r\u016fzn\u00e9 \u00fakony, jako je myt\u00ed skla nebo p\u0159\u00edprava n\u00e1poj\u016f.<\/li>\n<li data-sourcepos=\"16:1-16:92\"><strong>Materi\u00e1l:<\/strong> Nerezov\u00e1 ocel je obl\u00edben\u00e1 pro svou odolnost a snadnou \u00fadr\u017ebu.<\/li>\n<li data-sourcepos=\"17:1-18:0\"><strong>Otvory pro baterie:<\/strong> Ujist\u011bte se, \u017ee m\u00e1 d\u0159ez odpov\u00eddaj\u00edc\u00ed po\u010det otvor\u016f pro baterii pro po\u017eadovanou konfiguraci.<\/li>\n<\/ul>\n<p data-sourcepos=\"19:1-20:30\">Pe\u010dliv\u00fdm zv\u00e1\u017een\u00edm t\u011bchto faktor\u016f m\u016f\u017eete vybrat dokonal\u00fd barov\u00fd d\u0159ez, kter\u00fd dopln\u00ed va\u0161i kuchy\u0148 nebo barov\u00fd pult.<\/p>","protected":false},"excerpt":{"rendered":"<p>Celkov\u00e1 velikost \uff1a 1150*440*220 mm<\/p>\n<p>Velikost m\u00edsy \uff1a400*400\/300*400 mm<\/p>\n<p>Velikost v\u00fd\u0159ezu \uff1a1110*400 mm<\/p>\n<p>Radi\u00e1nov\u00fd roh \uff1aR10<\/p>","protected":false},"featured_media":2397,"template":"","meta":[],"product_brand":[],"product_cat":[52],"product_tag":[],"class_list":{"0":"post-2394","1":"product","2":"type-product","3":"status-publish","4":"has-post-thumbnail","6":"product_cat-undermount-sink-1","8":"first","9":"instock","10":"shipping-taxable","11":"product-type-simple"},"_links":{"self":[{"href":"https:\/\/sinkwithfaucet.com\/cs\/wp-json\/wp\/v2\/product\/2394","targetHints":{"allow":["GET"]}}],"collection":[{"href":"https:\/\/sinkwithfaucet.com\/cs\/wp-json\/wp\/v2\/product"}],"about":[{"href":"https:\/\/sinkwithfaucet.com\/cs\/wp-json\/wp\/v2\/types\/product"}],"wp:featuredmedia":[{"embeddable":true,"href":"https:\/\/sinkwithfaucet.com\/cs\/wp-json\/wp\/v2\/media\/2397"}],"wp:attachment":[{"href":"https:\/\/sinkwithfaucet.com\/cs\/wp-json\/wp\/v2\/media?parent=2394"}],"wp:term":[{"taxonomy":"product_brand","embeddable":true,"href":"https:\/\/sinkwithfaucet.com\/cs\/wp-json\/wp\/v2\/product_brand?post=2394"},{"taxonomy":"product_cat","embeddable":true,"href":"https:\/\/sinkwithfaucet.com\/cs\/wp-json\/wp\/v2\/product_cat?post=2394"},{"taxonomy":"product_tag","embeddable":true,"href":"https:\/\/sinkwithfaucet.com\/cs\/wp-json\/wp\/v2\/product_tag?post=2394"}],"curies":[{"name":"wp","href":"https:\/\/api.w.org\/{rel}","templated":true}]}}