{"id":2389,"date":"2024-11-04T01:38:16","date_gmt":"2024-11-04T01:38:16","guid":{"rendered":"https:\/\/sinkwithfaucet.com\/?post_type=product&#038;p=2389"},"modified":"2024-11-04T01:38:17","modified_gmt":"2024-11-04T01:38:17","slug":"free-standing-sink-7544du","status":"publish","type":"product","link":"https:\/\/sinkwithfaucet.com\/cs\/free-standing-sink-7544du\/","title":{"rendered":"Voln\u011b stoj\u00edc\u00ed d\u0159ez 7544DU"},"content":{"rendered":"<h2 data-sourcepos=\"1:1-1:54\">Voln\u011b stoj\u00edc\u00ed umyvadla: Stylov\u00e1 a funk\u010dn\u00ed volba<\/h2>\n<p data-sourcepos=\"3:1-3:226\">Voln\u011b stoj\u00edc\u00ed umyvadla jsou v\u0161estrann\u00fdm a poutav\u00fdm dopl\u0148kem koupelen i kuchyn\u00ed. Na rozd\u00edl od tradi\u010dn\u00edch umyvadel na desce se voln\u011b stoj\u00edc\u00ed umyvadla instaluj\u00ed na podlahu a dod\u00e1vaj\u00ed va\u0161emu prostoru jedine\u010dn\u00fd a elegantn\u00ed n\u00e1dech.<\/p>\n<p data-sourcepos=\"5:1-5:39\"><strong>Kl\u00ed\u010dov\u00e9 vlastnosti voln\u011b stoj\u00edc\u00edch d\u0159ez\u016f:<\/strong><\/p>\n<ul data-sourcepos=\"7:1-11:0\">\n<li data-sourcepos=\"7:1-7:90\"><strong>V\u0161estrann\u00fd design:<\/strong> K dispozici je \u0161irok\u00e1 \u0161k\u00e1la styl\u016f, od klasick\u00fdch a\u017e po modern\u00ed.<\/li>\n<li data-sourcepos=\"8:1-8:90\"><strong>Snadn\u00e1 instalace:<\/strong> Jednoduch\u00e1 instalace bez nutnosti rozs\u00e1hl\u00fdch prac\u00ed na desce.<\/li>\n<li data-sourcepos=\"9:1-9:74\"><strong>Jedine\u010dn\u00e1 estetika:<\/strong> Vytvo\u0159\u00ed \u00fast\u0159edn\u00ed bod v koupeln\u011b nebo kuchyni.<\/li>\n<li data-sourcepos=\"10:1-11:0\"><strong>Snadno se \u010dist\u00ed:<\/strong> Hladk\u00fd povrch a otev\u0159en\u00fd design usnad\u0148uj\u00ed \u010di\u0161t\u011bn\u00ed.<\/li>\n<li data-sourcepos=\"10:1-11:0\"><strong>Kuchy\u0148sk\u00e9 d\u0159ezy:<\/strong>\n<ul data-sourcepos=\"19:5-21:0\">\n<li data-sourcepos=\"19:5-19:126\"><strong>Umyvadla Farmhouse:<\/strong> Velk\u00e9 hlubok\u00e9 d\u0159ezy se z\u00e1st\u011brou poskytuj\u00ed dostatek prostoru pro myt\u00ed n\u00e1dob\u00ed a p\u0159\u00edpravu pokrm\u016f.<\/li>\n<li data-sourcepos=\"20:5-21:0\"><strong>U\u017eitkov\u00e9 d\u0159ezy:<\/strong> Skv\u011ble se hod\u00ed do pr\u00e1delen, gar\u00e1\u017e\u00ed nebo venkovn\u00edch kuchyn\u00ed.<\/li>\n<\/ul>\n<\/li>\n<\/ul>\n<ul data-sourcepos=\"14:1-21:0\">\n<li style=\"list-style-type: none;\" data-sourcepos=\"14:1-17:100\"><\/li>\n<\/ul>\n<p data-sourcepos=\"22:1-22:53\"><strong>\u00davahy p\u0159i v\u00fdb\u011bru voln\u011b stoj\u00edc\u00edho d\u0159ezu:<\/strong><\/p>\n<ul data-sourcepos=\"24:1-28:0\">\n<li data-sourcepos=\"24:1-24:74\"><strong>Styl:<\/strong> Vyberte si umyvadlo, kter\u00e9 dopln\u00ed va\u0161i celkovou estetiku designu.<\/li>\n<li data-sourcepos=\"25:1-25:78\"><strong>Velikost:<\/strong> Vyberte si velikost, kter\u00e1 odpov\u00edd\u00e1 va\u0161emu prostoru a va\u0161im pot\u0159eb\u00e1m.<\/li>\n<li data-sourcepos=\"26:1-26:129\"><strong>Materi\u00e1l:<\/strong> Zva\u017ete materi\u00e1l, jako je keramika, porcel\u00e1n nebo nerezov\u00e1 ocel, podle trvanlivosti a preferenc\u00ed stylu.<\/li>\n<li data-sourcepos=\"27:1-28:0\"><strong>Instalat\u00e9rsk\u00e9 pr\u00e1ce:<\/strong> Zajist\u011bte spr\u00e1vn\u00e9 vodovodn\u00ed p\u0159ipojen\u00ed a zva\u017ete p\u0159\u00edpadn\u00e9 probl\u00e9my, zejm\u00e9na u voln\u011b stoj\u00edc\u00edch kuchy\u0148sk\u00fdch d\u0159ez\u016f.<\/li>\n<\/ul>","protected":false},"excerpt":{"rendered":"<p>Celkov\u00e1 velikost: 750*440*220 mm<\/p>\n<p>Velikost m\u00edsy: 340*400\/340*400 mm<\/p>\n<p>Velikost v\u00fd\u0159ezu: 710*400 mm<\/p>\n<p>Radi\u00e1ln\u00ed roh : R10<\/p>","protected":false},"featured_media":2390,"template":"","meta":[],"product_brand":[],"product_cat":[52],"product_tag":[],"class_list":{"0":"post-2389","1":"product","2":"type-product","3":"status-publish","4":"has-post-thumbnail","6":"product_cat-undermount-sink-1","8":"first","9":"instock","10":"shipping-taxable","11":"product-type-simple"},"_links":{"self":[{"href":"https:\/\/sinkwithfaucet.com\/cs\/wp-json\/wp\/v2\/product\/2389","targetHints":{"allow":["GET"]}}],"collection":[{"href":"https:\/\/sinkwithfaucet.com\/cs\/wp-json\/wp\/v2\/product"}],"about":[{"href":"https:\/\/sinkwithfaucet.com\/cs\/wp-json\/wp\/v2\/types\/product"}],"wp:featuredmedia":[{"embeddable":true,"href":"https:\/\/sinkwithfaucet.com\/cs\/wp-json\/wp\/v2\/media\/2390"}],"wp:attachment":[{"href":"https:\/\/sinkwithfaucet.com\/cs\/wp-json\/wp\/v2\/media?parent=2389"}],"wp:term":[{"taxonomy":"product_brand","embeddable":true,"href":"https:\/\/sinkwithfaucet.com\/cs\/wp-json\/wp\/v2\/product_brand?post=2389"},{"taxonomy":"product_cat","embeddable":true,"href":"https:\/\/sinkwithfaucet.com\/cs\/wp-json\/wp\/v2\/product_cat?post=2389"},{"taxonomy":"product_tag","embeddable":true,"href":"https:\/\/sinkwithfaucet.com\/cs\/wp-json\/wp\/v2\/product_tag?post=2389"}],"curies":[{"name":"wp","href":"https:\/\/api.w.org\/{rel}","templated":true}]}}