{"id":2342,"date":"2024-11-01T07:21:34","date_gmt":"2024-11-01T07:21:34","guid":{"rendered":"https:\/\/sinkwithfaucet.com\/?post_type=product&#038;p=2342"},"modified":"2024-11-01T07:23:29","modified_gmt":"2024-11-01T07:23:29","slug":"small-stainless-steel-sink-2344su","status":"publish","type":"product","link":"https:\/\/sinkwithfaucet.com\/cs\/small-stainless-steel-sink-2344su\/","title":{"rendered":"Mal\u00fd nerezov\u00fd d\u0159ez 2344SU"},"content":{"rendered":"<h2 data-sourcepos=\"1:1-1:50\">Mal\u00e9 nerezov\u00e9 d\u0159ezy: Kompaktn\u00ed \u0159e\u0161en\u00ed<\/h2>\n<p data-sourcepos=\"3:1-3:87\">Mal\u00e9 nerezov\u00e9 d\u0159ezy jsou praktickou volbou pro r\u016fzn\u00e1 pou\u017eit\u00ed.<\/p>\n<p data-sourcepos=\"10:1-10:44\"><strong>V\u00fdhody:<\/strong><\/p>\n<ul data-sourcepos=\"12:1-16:0\">\n<li data-sourcepos=\"12:1-12:58\"><strong>\u00daspora m\u00edsta:<\/strong> Kompaktn\u00ed design se vejde do mal\u00fdch prostor.<\/li>\n<li data-sourcepos=\"13:1-13:88\"><strong>Odolnost:<\/strong> Nerezov\u00e1 ocel je trvanliv\u00fd materi\u00e1l, kter\u00fd odol\u00e1v\u00e1 korozi a rzi.<\/li>\n<li data-sourcepos=\"14:1-14:66\"><strong>Snadno se \u010dist\u00ed:<\/strong> Hladk\u00fd povrch se snadno udr\u017euje a \u010dist\u00ed.<\/li>\n<li data-sourcepos=\"15:1-16:0\"><strong>Modern\u00ed estetika:<\/strong> Elegantn\u00ed a stylov\u00fd design dopl\u0148uje r\u016fzn\u00e9 styly kuchyn\u00ed.<\/li>\n<\/ul>\n<p data-sourcepos=\"17:1-17:41\"><strong>Typy:<\/strong><\/p>\n<ul data-sourcepos=\"19:1-23:0\">\n<li data-sourcepos=\"19:1-19:77\"><strong>Podom\u00edtkov\u00e9 d\u0159ezy:<\/strong> Instaluje se pod pracovn\u00ed desku, aby p\u016fsobil celistv\u011b.<\/li>\n<li data-sourcepos=\"20:1-20:93\"><strong>D\u0159ezy pro horn\u00ed mont\u00e1\u017e:<\/strong> Instaluje se na horn\u00ed \u010d\u00e1st pracovn\u00ed desky a nab\u00edz\u00ed tradi\u010dn\u00ed vzhled.<\/li>\n<li data-sourcepos=\"21:1-21:65\"><strong>D\u0159ezy s jednou m\u00edsou:<\/strong> Jedno umyvadlo pro z\u00e1kladn\u00ed \u00faklidov\u00e9 pr\u00e1ce.<\/li>\n<li data-sourcepos=\"22:1-23:0\"><strong>D\u0159ezy s dvojitou m\u00edsou:<\/strong> Dv\u011b odd\u011blen\u00e1 umyvadla pro v\u00edce \u00fakol\u016f.<\/li>\n<\/ul>\n<p data-sourcepos=\"24:1-24:78\"><strong>P\u0159i v\u00fdb\u011bru mal\u00e9ho nerezov\u00e9ho d\u0159ezu zva\u017ete n\u00e1sleduj\u00edc\u00ed faktory:<\/strong><\/p>\n<ul data-sourcepos=\"26:1-30:0\">\n<li data-sourcepos=\"26:1-26:76\"><strong>Velikost:<\/strong> Vyberte si velikost, kter\u00e1 odpov\u00edd\u00e1 va\u0161im specifick\u00fdm pot\u0159eb\u00e1m a dostupn\u00e9mu prostoru.<\/li>\n<li data-sourcepos=\"27:1-27:64\"><strong>Hloubka:<\/strong> Do hlub\u0161\u00edho d\u0159ezu se vejdou v\u011bt\u0161\u00ed hrnce a p\u00e1nve.<\/li>\n<li data-sourcepos=\"28:1-28:93\"><strong>M\u011b\u0159idlo:<\/strong> Tlou\u0161\u0165ka nerezov\u00e9 oceli m\u016f\u017ee ovlivnit odolnost a zvuk d\u0159ezu.<\/li>\n<li data-sourcepos=\"29:1-30:0\"><strong>Dokon\u010den\u00ed:<\/strong> Vyberte si povrchovou \u00fapravu, kter\u00e1 dopln\u00ed styl va\u0161\u00ed kuchyn\u011b, nap\u0159\u00edklad kart\u00e1\u010dovanou nebo le\u0161t\u011bnou nerezovou ocel.<\/li>\n<\/ul>\n<p data-sourcepos=\"31:1-31:109\">Pe\u010dliv\u00fdm zv\u00e1\u017een\u00edm t\u011bchto faktor\u016f m\u016f\u017eete vybrat ide\u00e1ln\u00ed mal\u00fd nerezov\u00fd d\u0159ez pro sv\u00e9 pot\u0159eby.<\/p>","protected":false},"excerpt":{"rendered":"<p>Celkov\u00e1 velikost \uff1a 230*440*200 mm<\/p>\n<p>Velikost m\u00edsy \uff1a190*400 mm<\/p>\n<p>Velikost v\u00fd\u0159ezu \uff1a190*400 mm<\/p>\n<p>Radi\u00e1nov\u00fd roh \uff1aR10<\/p>","protected":false},"featured_media":2343,"template":"","meta":[],"product_brand":[],"product_cat":[52],"product_tag":[],"class_list":{"0":"post-2342","1":"product","2":"type-product","3":"status-publish","4":"has-post-thumbnail","6":"product_cat-undermount-sink-1","8":"first","9":"instock","10":"shipping-taxable","11":"product-type-simple"},"_links":{"self":[{"href":"https:\/\/sinkwithfaucet.com\/cs\/wp-json\/wp\/v2\/product\/2342","targetHints":{"allow":["GET"]}}],"collection":[{"href":"https:\/\/sinkwithfaucet.com\/cs\/wp-json\/wp\/v2\/product"}],"about":[{"href":"https:\/\/sinkwithfaucet.com\/cs\/wp-json\/wp\/v2\/types\/product"}],"wp:featuredmedia":[{"embeddable":true,"href":"https:\/\/sinkwithfaucet.com\/cs\/wp-json\/wp\/v2\/media\/2343"}],"wp:attachment":[{"href":"https:\/\/sinkwithfaucet.com\/cs\/wp-json\/wp\/v2\/media?parent=2342"}],"wp:term":[{"taxonomy":"product_brand","embeddable":true,"href":"https:\/\/sinkwithfaucet.com\/cs\/wp-json\/wp\/v2\/product_brand?post=2342"},{"taxonomy":"product_cat","embeddable":true,"href":"https:\/\/sinkwithfaucet.com\/cs\/wp-json\/wp\/v2\/product_cat?post=2342"},{"taxonomy":"product_tag","embeddable":true,"href":"https:\/\/sinkwithfaucet.com\/cs\/wp-json\/wp\/v2\/product_tag?post=2342"}],"curies":[{"name":"wp","href":"https:\/\/api.w.org\/{rel}","templated":true}]}}