{"id":2050,"date":"2024-10-19T09:28:07","date_gmt":"2024-10-19T09:28:07","guid":{"rendered":"https:\/\/sinkwithfaucet.com\/?page_id=2050"},"modified":"2024-11-11T08:47:26","modified_gmt":"2024-11-11T08:47:26","slug":"faqs-about-kitchen-sink","status":"publish","type":"page","link":"https:\/\/sinkwithfaucet.com\/cs\/faqs-about-kitchen-sink\/","title":{"rendered":"Nej\u010dast\u011bj\u0161\u00ed dotazy"},"content":{"rendered":"<div class=\"banner has-hover has-parallax\" id=\"banner-81493824\">\n          <div class=\"banner-inner fill\">\n        <div class=\"banner-bg fill\" data-parallax=\"-3\" data-parallax-container=\".banner\" data-parallax-background>\n            <div class=\"bg fill bg-fill\"><\/div>\n                                    \n                    <\/div>\n\t\t\n        <div class=\"banner-layers container\">\n            <div class=\"fill banner-link\"><\/div>            \n   <div id=\"text-box-241374763\" class=\"text-box banner-layer x50 md-x50 lg-x50 y50 md-y50 lg-y50 res-text\">\n                     <div data-animate=\"fadeInLeft\">           <div class=\"text-box-content text dark\">\n              \n              <div class=\"text-inner text-center\">\n                  \n<h1 style=\"text-align: center;\">Nej\u010dast\u011bj\u0161\u00ed dotazy<\/h1>\n              <\/div>\n           <\/div>\n       <\/div>                     \n<style>\n#text-box-241374763 {\n  width: 80%;\n}\n#text-box-241374763 .text-box-content {\n  font-size: 100%;\n}\n@media (min-width:550px) {\n  #text-box-241374763 {\n    width: 41%;\n  }\n}\n<\/style>\n    <\/div>\n \n        <\/div>\n      <\/div>\n\n            \n<style>\n#banner-81493824 {\n  padding-top: 145px;\n}\n#banner-81493824 .bg.bg-loaded {\n  background-image: 8950;\n}\n#banner-81493824 .overlay {\n  background-color: rgba(0, 0, 0, 0.3);\n}\n#banner-81493824 .bg {\n  background-position: 35% 23%;\n}\n<\/style>\n  <\/div>\n\n\n\t<section class=\"section\" id=\"section_796122709\">\n\t\t<div class=\"bg section-bg fill bg-fill  bg-loaded\" >\n\n\t\t\t\n\t\t\t\n\t\t\t\n\n\t\t<\/div>\n\n\t\t\n\n\t\t<div class=\"section-content relative\">\n\t\t\t\n<div class=\"row\"  id=\"row-313347469\">\n\n\t<div id=\"col-1593472093\" class=\"col small-12 large-12\"  >\n\t\t\t\t<div class=\"col-inner\"  >\n\t\t\t\n\t\t\t\n<h3 data-sourcepos=\"3:1-3:58\"><strong>1. P\u0159izp\u016fsobte si svou kuchyni pomoc\u00ed vlastn\u00edho tisku loga<\/strong><\/h3>\n<p data-sourcepos=\"5:1-5:170\">Vyzdvihn\u011bte svou zna\u010dku pomoc\u00ed na\u0161\u00ed slu\u017eby tisku loga na zak\u00e1zku. Va\u0161e logo m\u016f\u017eeme vytisknout laserem nebo \u010dern\u00fdm st\u0159\u00edbrn\u00fdm tiskem p\u0159\u00edmo na na\u0161e nerezov\u00e9 kuchy\u0148sk\u00e9 d\u0159ezy a baterie.<\/p>\n<p data-sourcepos=\"7:1-7:150\">Chcete-li za\u010d\u00edt, jednodu\u0161e n\u00e1m poskytn\u011bte dopis s povolen\u00edm k pou\u017eit\u00ed loga. Ve spolupr\u00e1ci s v\u00e1mi vytvo\u0159\u00edme jedine\u010dn\u00fd zna\u010dkov\u00fd produkt, kter\u00fd v\u00e1s odli\u0161\u00ed od ostatn\u00edch.<\/p>\n<h3 data-sourcepos=\"9:1-9:50\"><strong>2. Kuchy\u0148sk\u00e1 \u0159e\u0161en\u00ed na m\u00edru, p\u0159esn\u011b pro v\u00e1s<\/strong><\/h3>\n<p data-sourcepos=\"11:1-11:134\">Pot\u0159ebujete kuchy\u0148sk\u00fd d\u0159ez, kter\u00fd bude stejn\u011b jedine\u010dn\u00fd jako v\u00e1\u0161 prostor? N\u00e1\u0161 zku\u0161en\u00fd t\u00fdm design\u00e9r\u016f v\u00e1m m\u016f\u017ee vytvo\u0159it d\u0159ez na m\u00edru p\u0159esn\u011b podle va\u0161ich po\u017eadavk\u016f.<\/p>\n<p data-sourcepos=\"13:1-13:176\">D\u00edky v\u00edce ne\u017e 5-10 let\u016fm zku\u0161enost\u00ed v oboru neust\u00e1le inovujeme a zav\u00e1d\u00edme nov\u00e9 produktov\u00e9 \u0159ady. Kontaktujte n\u00e1s je\u0161t\u011b dnes, abychom s v\u00e1mi prodiskutovali va\u0161e pot\u0159eby v oblasti kuchy\u0148sk\u00fdch d\u0159ez\u016f nebo bateri\u00ed na m\u00edru.<\/p>\n<h3 data-sourcepos=\"15:1-15:41\"><strong>3. Zaru\u010den\u00e1 kvalita a \u00fa\u010dinnost<\/strong><\/h3>\n<p data-sourcepos=\"17:1-17:173\">Ve spole\u010dnosti Dexing se sna\u017e\u00edme poskytovat v\u00fdjime\u010dnou kvalitu a efektivitu. N\u00e1\u0161 v\u00fdrobn\u00ed proces certifikovan\u00fd podle normy ISO9001 zaji\u0161\u0165uje, \u017ee ka\u017ed\u00fd v\u00fdrobek spl\u0148uje nejvy\u0161\u0161\u00ed standardy.<\/p>\n<p data-sourcepos=\"19:1-19:112\">Od p\u0159\u00edjmu materi\u00e1lu a\u017e po kone\u010dnou kontrolu pe\u010dliv\u011b kontrolujeme ka\u017ed\u00fd krok, abychom zaru\u010dili bezchybn\u00fd v\u00fdrobek.<\/p>\n<h3 data-sourcepos=\"21:1-21:45\"><strong>4. Kompletn\u00ed \u0159e\u0161en\u00ed kuchyn\u011b, zjednodu\u0161en\u00e9<\/strong><\/h3>\n<p data-sourcepos=\"23:1-23:190\">Krom\u011b na\u0161ich prvot\u0159\u00eddn\u00edch kuchy\u0148sk\u00fdch d\u0159ez\u016f nab\u00edz\u00edme \u0161irokou \u0161k\u00e1lu p\u0159\u00edslu\u0161enstv\u00ed, kter\u00e9 dopln\u00ed va\u0161i kuchyni. M\u00e1me v\u0161e, co pot\u0159ebujete, od bateri\u00ed a odkap\u00e1va\u010d\u016f a\u017e po d\u00e1vkova\u010de m\u00fddla a prk\u00e9nka na kr\u00e1jen\u00ed.<\/p>\n<p data-sourcepos=\"25:1-25:97\">Vyberte si komplexn\u00ed \u0159e\u0161en\u00ed kuchyn\u011b Dexing, kter\u00e9 kombinuje styl, funk\u010dnost a odolnost.<\/p>\n<h3 data-sourcepos=\"27:1-27:40\"><strong>5. Um\u011bn\u00ed ru\u010dn\u00ed v\u00fdroby kuchy\u0148sk\u00fdch d\u0159ez\u016f<\/strong><\/h3>\n<p data-sourcepos=\"29:1-29:150\">Poznejte kr\u00e1su a \u0159emesln\u00e9 zpracov\u00e1n\u00ed ru\u010dn\u011b vyr\u00e1b\u011bn\u00e9ho kuchy\u0148sk\u00e9ho d\u0159ezu. Ka\u017ed\u00fd d\u0159ez je jedine\u010dn\u00fdm um\u011bleck\u00fdm d\u00edlem, pe\u010dliv\u011b vyroben\u00fdm s d\u016frazem na detail.<\/p>\n<p data-sourcepos=\"31:1-31:31\"><strong>Pro\u010d si vybrat ru\u010dn\u011b vyr\u00e1b\u011bn\u00fd d\u0159ez?<\/strong><\/p>\n<ul data-sourcepos=\"33:1-36:0\">\n<li data-sourcepos=\"33:1-33:65\"><strong>V\u00fdrazn\u00fd styl:<\/strong> Dodejte sv\u00e9 kuchyni n\u00e1dech elegance.<\/li>\n<li data-sourcepos=\"34:1-34:67\"><strong>\u0160pi\u010dkov\u00e9 \u0159emesln\u00e9 zpracov\u00e1n\u00ed:<\/strong> Vyrobeno z prvot\u0159\u00eddn\u00edch materi\u00e1l\u016f, kter\u00e9 vydr\u017e\u00ed dlouho.<\/li>\n<li data-sourcepos=\"35:1-36:0\"><strong>Personalizovan\u00fd design:<\/strong> Vytvo\u0159te si umyvadlo, kter\u00e9 bude jedine\u010dn\u00e9.<\/li>\n<\/ul>\n<p data-sourcepos=\"37:1-37:66\">Investujte do ru\u010dn\u011b vyr\u00e1b\u011bn\u00e9ho kuchy\u0148sk\u00e9ho d\u0159ezu a pozvedn\u011bte sv\u016fj kulin\u00e1\u0159sk\u00fd prostor.<\/p>\n\t\t<\/div>\n\t\t\t\t\t<\/div>\n\n\t\n<\/div>\n\t\t<\/div>\n\n\t\t\n<style>\n#section_796122709 {\n  padding-top: 30px;\n  padding-bottom: 30px;\n}\n<\/style>\n\t<\/section>\n\t\n\t<section class=\"section\" id=\"section_423970841\">\n\t\t<div class=\"bg section-bg fill bg-fill  bg-loaded\" >\n\n\t\t\t\n\t\t\t\n\t\t\t\n\n\t\t<\/div>\n\n\t\t\n\n\t\t<div class=\"section-content relative\">\n\t\t\t\n<div class=\"row\"  id=\"row-26180156\">\n\n\t<div id=\"col-2007685684\" class=\"col small-12 large-12\"  >\n\t\t\t\t<div class=\"col-inner\"  >\n\t\t\t\n\t\t\t\n<h2 style=\"text-align: center;\">Kontaktujte n\u00e1s<\/h2>\n<p style=\"text-align: center;\">Z\u00edskat nejnov\u011bj\u0161\u00ed cenu? Odpov\u00edme v\u00e1m co nejd\u0159\u00edve (do 12 hodin).<\/p>\n\t\t<\/div>\n\t\t\t\t\t<\/div>\n\n\t\n<\/div>\n<div class=\"row\"  id=\"row-542280361\">\n\n\t<div id=\"col-1955249304\" class=\"col small-12 large-12\"  >\n\t\t\t\t<div class=\"col-inner\"  >\n\t\t\t\n\t\t\t\n\n<div class=\"wpcf7 no-js\" id=\"wpcf7-f280-o1\" lang=\"en-US\" dir=\"ltr\" data-wpcf7-id=\"280\">\n<div class=\"screen-reader-response\"><p role=\"status\" aria-live=\"polite\" aria-atomic=\"true\"><\/p> <ul><\/ul><\/div>\n<form action=\"\/cs\/wp-json\/wp\/v2\/pages\/2050#wpcf7-f280-o1\" method=\"post\" class=\"wpcf7-form init\" aria-label=\"Kontaktn\u00ed formul\u00e1\u0159\" novalidate=\"novalidate\" data-status=\"init\" data-trp-original-action=\"\/cs\/wp-json\/wp\/v2\/pages\/2050#wpcf7-f280-o1\">\n<fieldset class=\"hidden-fields-container\"><input type=\"hidden\" name=\"_wpcf7\" value=\"280\" \/><input type=\"hidden\" name=\"_wpcf7_version\" value=\"6.1\" \/><input type=\"hidden\" name=\"_wpcf7_locale\" value=\"en_US\" \/><input type=\"hidden\" name=\"_wpcf7_unit_tag\" value=\"wpcf7-f280-o1\" \/><input type=\"hidden\" name=\"_wpcf7_container_post\" value=\"0\" \/><input type=\"hidden\" name=\"_wpcf7_posted_data_hash\" value=\"\" \/>\n<\/fieldset>\n<div class='custom_contact_style'>\n\t<div class=\"row row-small\">\n\t\t<div class=\"col medium-6 small-12 large-6\">\n\t\t\t<div class=\"col-inner\">\n\t\t\t\t<p><span class=\"wpcf7-form-control-wrap\" data-name=\"your-name\"><input size=\"40\" maxlength=\"400\" class=\"wpcf7-form-control wpcf7-text wpcf7-validates-as-required\" aria-required=\"true\" aria-invalid=\"false\" placeholder=\"Jm\u00e9no*\" value=\"\" type=\"text\" name=\"your-name\" \/><\/span>\n\t\t\t\t<\/p>\n\t\t\t<\/div>\n\t\t<\/div>\n\t\t<div class=\"col medium-6 small-12 large-6\">\n\t\t\t<div class=\"col-inner\">\n\t\t\t\t<p><span class=\"wpcf7-form-control-wrap\" data-name=\"your-email\"><input size=\"40\" maxlength=\"400\" class=\"wpcf7-form-control wpcf7-email wpcf7-validates-as-required wpcf7-text wpcf7-validates-as-email\" aria-required=\"true\" aria-invalid=\"false\" placeholder=\"E-mail*\" value=\"\" type=\"email\" name=\"your-email\" \/><\/span>\n\t\t\t\t<\/p>\n\t\t\t<\/div>\n\t\t<\/div>\n\t<\/div>\n\t<div class='cus_contact_form_bottom'>\n\t\t<p><span class=\"wpcf7-form-control-wrap\" data-name=\"your-phone\"><input size=\"40\" maxlength=\"400\" class=\"wpcf7-form-control wpcf7-text\" aria-invalid=\"false\" placeholder=\"Telefon\" value=\"\" type=\"text\" name=\"your-phone\" \/><\/span>\n\t\t<\/p>\n\t<\/div>\n\t<div class='cus_contact_form_bottom'>\n\t\t<p><span class=\"wpcf7-form-control-wrap\" data-name=\"your-country\"><input size=\"40\" maxlength=\"400\" class=\"wpcf7-form-control wpcf7-text\" aria-invalid=\"false\" placeholder=\"Zem\u011b\" value=\"\" type=\"text\" name=\"your-country\" \/><\/span>\n\t\t<\/p>\n\t<\/div>\n\t<p><span class=\"wpcf7-form-control-wrap\" data-name=\"your-message\"><textarea cols=\"40\" rows=\"10\" maxlength=\"2000\" class=\"wpcf7-form-control wpcf7-textarea wpcf7-validates-as-required\" aria-required=\"true\" aria-invalid=\"false\" placeholder=\"Va\u0161e zpr\u00e1va *\" name=\"your-message\"><\/textarea><\/span>\n\t<\/p>\n\t<div style=\"margin-bottom:10px;\">\n\t\t<p><span class=\"wpcf7-form-control-wrap kc_captcha cf7ic-toggle\" data-name=\"kc_captcha\"><span class=\"wpcf7-form-control wpcf7-radio\"><span class=\"captcha-image\" style=\"display: none;\"><span class=\"cf7ic_instructions\">Proka\u017ete, \u017ee jste \u010dlov\u011bk, v\u00fdb\u011brem<span> hv\u011bzda<\/span>.<\/span><label><input aria-label=\"1\" type=\"radio\" name=\"kc_captcha\" value=\"bot\" \/><svg aria-hidden=\"true\" role=\"img\" xmlns=\"http:\/\/www.w3.org\/2000\/svg\" viewbox=\"0 0 576 512\"><path fill=\"currentColor\" d=\"M488 313v143c0 13-11 24-24 24H348c-7 0-12-5-12-12V356c0-7-5-12-12-12h-72c-7 0-12 5-12 12v112c0 7-5 12-12 12H112c-13 0-24-11-24-24V313c0-4 2-7 4-10l188-154c5-4 11-4 16 0l188 154c2 3 4 6 4 10zm84-61l-84-69V44c0-6-5-12-12-12h-56c-7 0-12 6-12 12v73l-89-74a48 48 0 00-61 0L4 252c-5 4-5 12-1 17l25 31c5 5 12 5 17 1l235-193c5-4 11-4 16 0l235 193c5 5 13 4 17-1l25-31c4-6 4-13-1-17z\"\/><\/svg><\/label><label><input aria-label=\"2\" type=\"radio\" name=\"kc_captcha\" value=\"kc_human\" \/><svg aria-hidden=\"true\" role=\"img\" xmlns=\"http:\/\/www.w3.org\/2000\/svg\" viewbox=\"0 0 576 512\"><path fill=\"currentColor\" d=\"M259 18l-65 132-146 22c-26 3-37 36-18 54l106 103-25 146c-5 26 23 46 46 33l131-68 131 68c23 13 51-7 46-33l-25-146 106-103c19-18 8-51-18-54l-146-22-65-132a32 32 0 00-58 0z\"\/><\/svg><\/label><label><input aria-label=\"3\" type=\"radio\" name=\"kc_captcha\" value=\"bot\" \/><svg aria-hidden=\"true\" role=\"img\" xmlns=\"http:\/\/www.w3.org\/2000\/svg\" viewbox=\"0 0 640 512\"><path fill=\"currentColor\" d=\"M192 384h192c53 0 96-43 96-96h32a128 128 0 000-256H120c-13 0-24 11-24 24v232c0 53 43 96 96 96zM512 96a64 64 0 010 128h-32V96h32zm48 384H48c-47 0-61-64-36-64h584c25 0 11 64-36 64z\"\/><\/svg><\/label>\r\n    <\/span>\r\n    <span style=\"display:none\">\r\n        <input type=\"text\" name=\"kc_honeypot\">\r\n    <\/span><\/span><\/span>\n\t\t<\/p>\n\t<\/div>\n\t<p><input class=\"wpcf7-form-control wpcf7-submit has-spinner\" type=\"submit\" value=\"Odeslat zpr\u00e1vu\" \/>\n\t<\/p>\n<\/div><div class=\"wpcf7-response-output\" aria-hidden=\"true\"><\/div>\n<input type=\"hidden\" name=\"trp-form-language\" value=\"cs\"\/><\/form>\n<\/div>\n\n\t\t<\/div>\n\t\t\t\t\t<\/div>\n\n\t\n<\/div>\n\t\t<\/div>\n\n\t\t\n<style>\n#section_423970841 {\n  padding-top: 30px;\n  padding-bottom: 30px;\n  background-color: rgba(216, 247, 240, 0.39);\n}\n<\/style>\n\t<\/section>","protected":false},"excerpt":{"rendered":"","protected":false},"author":4,"featured_media":2076,"parent":0,"menu_order":0,"comment_status":"closed","ping_status":"closed","template":"page-blank.php","meta":{"footnotes":""},"class_list":["post-2050","page","type-page","status-publish","has-post-thumbnail","hentry"],"_links":{"self":[{"href":"https:\/\/sinkwithfaucet.com\/cs\/wp-json\/wp\/v2\/pages\/2050","targetHints":{"allow":["GET"]}}],"collection":[{"href":"https:\/\/sinkwithfaucet.com\/cs\/wp-json\/wp\/v2\/pages"}],"about":[{"href":"https:\/\/sinkwithfaucet.com\/cs\/wp-json\/wp\/v2\/types\/page"}],"author":[{"embeddable":true,"href":"https:\/\/sinkwithfaucet.com\/cs\/wp-json\/wp\/v2\/users\/4"}],"replies":[{"embeddable":true,"href":"https:\/\/sinkwithfaucet.com\/cs\/wp-json\/wp\/v2\/comments?post=2050"}],"version-history":[{"count":11,"href":"https:\/\/sinkwithfaucet.com\/cs\/wp-json\/wp\/v2\/pages\/2050\/revisions"}],"predecessor-version":[{"id":2632,"href":"https:\/\/sinkwithfaucet.com\/cs\/wp-json\/wp\/v2\/pages\/2050\/revisions\/2632"}],"wp:featuredmedia":[{"embeddable":true,"href":"https:\/\/sinkwithfaucet.com\/cs\/wp-json\/wp\/v2\/media\/2076"}],"wp:attachment":[{"href":"https:\/\/sinkwithfaucet.com\/cs\/wp-json\/wp\/v2\/media?parent=2050"}],"curies":[{"name":"wp","href":"https:\/\/api.w.org\/{rel}","templated":true}]}}